{"id":37,"date":"2024-03-04T08:42:00","date_gmt":"2024-03-04T07:42:00","guid":{"rendered":"https:\/\/allboutenglish.de\/news\/"},"modified":"2025-10-29T16:37:31","modified_gmt":"2025-10-29T15:37:31","slug":"news-aside-oeffentliche-gedanken-fuer-alle","status":"publish","type":"page","link":"https:\/\/allboutenglish.de\/de_de_formal\/news-aside-oeffentliche-gedanken-fuer-alle\/","title":{"rendered":"News"},"content":{"rendered":"\t\t<div data-elementor-type=\"wp-page\" data-elementor-id=\"37\" class=\"elementor elementor-37\" data-elementor-post-type=\"page\">\n\t\t\t\t<div class=\"elementor-element elementor-element-652405f e-con-full e-flex e-con e-parent\" data-id=\"652405f\" data-element_type=\"container\" data-e-type=\"container\" data-settings=\"{&quot;background_background&quot;:&quot;classic&quot;}\">\n\t\t\t\t<\/div>\n\t\t<div class=\"elementor-element elementor-element-f7a0c66 e-flex e-con-boxed e-con e-parent\" data-id=\"f7a0c66\" data-element_type=\"container\" data-e-type=\"container\">\n\t\t\t\t\t<div class=\"e-con-inner\">\n\t\t<div class=\"elementor-element elementor-element-00914ca e-flex e-con-boxed e-con e-child\" data-id=\"00914ca\" data-element_type=\"container\" data-e-type=\"container\" data-settings=\"{&quot;background_background&quot;:&quot;classic&quot;}\">\n\t\t\t\t\t<div class=\"e-con-inner\">\n\t\t<div class=\"elementor-element elementor-element-e633cc2 e-con-full e-flex e-con e-child\" data-id=\"e633cc2\" data-element_type=\"container\" data-e-type=\"container\">\n\t\t\t\t<div class=\"elementor-element elementor-element-1d2aa7f elementor-widget elementor-widget-heading\" data-id=\"1d2aa7f\" data-element_type=\"widget\" data-e-type=\"widget\" data-widget_type=\"heading.default\">\n\t\t\t\t<div class=\"elementor-widget-container\">\n\t\t\t\t\t<h1 class=\"elementor-heading-title elementor-size-default\">News<\/h1>\t\t\t\t<\/div>\n\t\t\t\t<\/div>\n\t\t\t\t<\/div>\n\t\t<div class=\"elementor-element elementor-element-c2b4fc7 e-con-full e-flex e-con e-child\" data-id=\"c2b4fc7\" data-element_type=\"container\" data-e-type=\"container\">\n\t\t\t\t<div class=\"elementor-element elementor-element-47d88b3 elementor-widget elementor-widget-shortcode\" data-id=\"47d88b3\" data-element_type=\"widget\" data-e-type=\"widget\" data-widget_type=\"shortcode.default\">\n\t\t\t\t<div class=\"elementor-widget-container\">\n\t\t\t\t\t\t\t<div class=\"elementor-shortcode\"><nav aria-label=\"breadcrumbs\" class=\"rank-math-breadcrumb\"><p><span class=\"last\">Startseite<\/span><\/p><\/nav><\/div>\n\t\t\t\t\t\t<\/div>\n\t\t\t\t<\/div>\n\t\t\t\t<div class=\"elementor-element elementor-element-f04948e elementor-search-form--skin-minimal elementor-widget elementor-widget-search-form\" data-id=\"f04948e\" data-element_type=\"widget\" data-e-type=\"widget\" data-settings=\"{&quot;skin&quot;:&quot;minimal&quot;}\" data-widget_type=\"search-form.default\">\n\t\t\t\t<div class=\"elementor-widget-container\">\n\t\t\t\t\t\t\t<search role=\"search\">\n\t\t\t<form class=\"elementor-search-form\" action=\"https:\/\/allboutenglish.de\/de_de_formal\" method=\"get\">\n\t\t\t\t\t\t\t\t\t\t\t\t<div class=\"elementor-search-form__container\">\n\t\t\t\t\t<label class=\"elementor-screen-only\" for=\"elementor-search-form-f04948e\">Suche<\/label>\n\n\t\t\t\t\t\t\t\t\t\t\t<div class=\"elementor-search-form__icon\">\n\t\t\t\t\t\t\t<div class=\"e-font-icon-svg-container\"><svg aria-hidden=\"true\" class=\"e-font-icon-svg e-fas-search\" viewBox=\"0 0 512 512\" xmlns=\"http:\/\/www.w3.org\/2000\/svg\"><path d=\"M505 442.7L405.3 343c-4.5-4.5-10.6-7-17-7H372c27.6-35.3 44-79.7 44-128C416 93.1 322.9 0 208 0S0 93.1 0 208s93.1 208 208 208c48.3 0 92.7-16.4 128-44v16.3c0 6.4 2.5 12.5 7 17l99.7 99.7c9.4 9.4 24.6 9.4 33.9 0l28.3-28.3c9.4-9.4 9.4-24.6.1-34zM208 336c-70.7 0-128-57.2-128-128 0-70.7 57.2-128 128-128 70.7 0 128 57.2 128 128 0 70.7-57.2 128-128 128z\"><\/path><\/svg><\/div>\t\t\t\t\t\t\t<span class=\"elementor-screen-only\">Suche<\/span>\n\t\t\t\t\t\t<\/div>\n\t\t\t\t\t\n\t\t\t\t\t<input id=\"elementor-search-form-f04948e\" placeholder=\"Search\" class=\"elementor-search-form__input\" type=\"search\" name=\"s\" value=\"\">\n\t\t\t\t\t\n\t\t\t\t\t\n\t\t\t\t\t\t\t\t\t<\/div>\n\t\t\t<\/form>\n\t\t<\/search>\n\t\t\t\t\t\t<\/div>\n\t\t\t\t<\/div>\n\t\t\t\t<\/div>\n\t\t\t\t\t<\/div>\n\t\t\t\t<\/div>\n\t\t\t\t\t<\/div>\n\t\t\t\t<\/div>\n\t\t<div class=\"elementor-element elementor-element-0223165 e-flex e-con-boxed e-con e-parent\" data-id=\"0223165\" data-element_type=\"container\" data-e-type=\"container\">\n\t\t\t\t\t<div class=\"e-con-inner\">\n\t\t<div class=\"elementor-element elementor-element-66efa7c e-flex e-con-boxed e-con e-child\" data-id=\"66efa7c\" data-element_type=\"container\" data-e-type=\"container\" data-settings=\"{&quot;background_background&quot;:&quot;classic&quot;}\">\n\t\t\t\t\t<div class=\"e-con-inner\">\n\t\t<div class=\"elementor-element elementor-element-354dbf9 e-con-full e-flex e-con e-child\" data-id=\"354dbf9\" data-element_type=\"container\" data-e-type=\"container\">\n\t\t\t\t<div class=\"elementor-element elementor-element-0313aa9 elementor-widget elementor-widget-image\" data-id=\"0313aa9\" data-element_type=\"widget\" data-e-type=\"widget\" data-widget_type=\"image.default\">\n\t\t\t\t<div class=\"elementor-widget-container\">\n\t\t\t\t\t\t\t\t\t\t\t\t\t\t\t<img fetchpriority=\"high\" decoding=\"async\" width=\"538\" height=\"218\" src=\"https:\/\/allboutenglish.de\/wp-content\/uploads\/2024\/03\/10478244_10204311060314405_563222286_o-538x218-1.jpg\" class=\"attachment-large size-large wp-image-614\" alt=\"Junges Schaf auf der Wiese mit erwachsenen Schafen, was den Altersunterschied der jeweiligen Teilnehmer deutlich macht ;-)\" srcset=\"https:\/\/allboutenglish.de\/wp-content\/uploads\/2024\/03\/10478244_10204311060314405_563222286_o-538x218-1.jpg 538w, https:\/\/allboutenglish.de\/wp-content\/uploads\/2024\/03\/10478244_10204311060314405_563222286_o-538x218-1-300x122.jpg 300w\" sizes=\"(max-width: 538px) 100vw, 538px\" \/>\t\t\t\t\t\t\t\t\t\t\t\t\t\t\t<\/div>\n\t\t\t\t<\/div>\n\t\t\t\t<\/div>\n\t\t<div class=\"elementor-element elementor-element-8d99731 e-con-full e-flex e-con e-child\" data-id=\"8d99731\" data-element_type=\"container\" data-e-type=\"container\">\n\t\t\t\t<div class=\"elementor-element elementor-element-a1e6752 elementor-widget elementor-widget-heading\" data-id=\"a1e6752\" data-element_type=\"widget\" data-e-type=\"widget\" data-widget_type=\"heading.default\">\n\t\t\t\t<div class=\"elementor-widget-container\">\n\t\t\t\t\t<h2 class=\"elementor-heading-title elementor-size-default\">News aside: Neue Kurse im September \u2013 AllboutEnglish erweitert seine R\u00e4umlichkeiten\n<\/h2>\t\t\t\t<\/div>\n\t\t\t\t<\/div>\n\t\t\t\t<div class=\"elementor-element elementor-element-4b18de1 elementor-widget elementor-widget-text-editor\" data-id=\"4b18de1\" data-element_type=\"widget\" data-e-type=\"widget\" data-widget_type=\"text-editor.default\">\n\t\t\t\t<div class=\"elementor-widget-container\">\n\t\t\t\t\t\t\t\t\t<p>News aside: Ein weiterer Schulungsraum steht ab September zur Verf\u00fcgung. Angepasst auf kleinere Gruppen und mit sehr guter Ausstattung ist dieser in der Kackertstr. 10, 52072 Aachen nah am Besprechungsraum zu finden. Modern eingerichtet mit Whiteboard, Projektor und Internetzugang, Monitoranlage sowie den dazugeh\u00f6rigen Boxen, Video, Scanner und Flipchart.<\/p><p>Die Verkehrsanbindungen sind Auto, Bus, Zug. Parkm\u00f6glichkeiten sind vorhanden.<\/p>\t\t\t\t\t\t\t\t<\/div>\n\t\t\t\t<\/div>\n\t\t\t\t<\/div>\n\t\t\t\t\t<\/div>\n\t\t\t\t<\/div>\n\t\t\t\t\t<\/div>\n\t\t\t\t<\/div>\n\t\t<div class=\"elementor-element elementor-element-862f898 e-flex e-con-boxed e-con e-parent\" data-id=\"862f898\" data-element_type=\"container\" data-e-type=\"container\">\n\t\t\t\t\t<div class=\"e-con-inner\">\n\t\t\t\t<div class=\"elementor-element elementor-element-fdcd906 elementor-widget elementor-widget-heading\" data-id=\"fdcd906\" data-element_type=\"widget\" data-e-type=\"widget\" data-widget_type=\"heading.default\">\n\t\t\t\t<div class=\"elementor-widget-container\">\n\t\t\t\t\t<h1 class=\"elementor-heading-title elementor-size-default\"><a href=\"http:\/\/www.gawehn-art.com\" target=\"_blank\" rel=\"noopener\">Bitte besuchen Sie auch unsere Seite\n<br><br>\n www.gawehn-art.com\n<br><br>\nBilder brauchen keine Worte.<\/a><\/h1>\t\t\t\t<\/div>\n\t\t\t\t<\/div>\n\t\t\t\t\t<\/div>\n\t\t\t\t<\/div>\n\t\t<div class=\"elementor-element elementor-element-ed2a08b e-flex e-con-boxed e-con e-parent\" data-id=\"ed2a08b\" data-element_type=\"container\" data-e-type=\"container\">\n\t\t\t\t\t<div class=\"e-con-inner\">\n\t\t\t\t<div class=\"elementor-element elementor-element-b53dc04 elementor-widget elementor-widget-image\" data-id=\"b53dc04\" data-element_type=\"widget\" data-e-type=\"widget\" data-widget_type=\"image.default\">\n\t\t\t\t<div class=\"elementor-widget-container\">\n\t\t\t\t\t\t\t\t\t\t\t\t\t\t\t\t<a href=\"http:\/\/www.gawehn-art.com\" target=\"_blank\" rel=\"noopener\">\n\t\t\t\t\t\t\t<img decoding=\"async\" width=\"800\" height=\"590\" src=\"https:\/\/allboutenglish.de\/wp-content\/uploads\/2025\/01\/EBA_20241130_0579-1024x755.jpg\" class=\"attachment-large size-large wp-image-1022\" alt=\"Wundersch\u00f6nes Bild von 206 x 150 gemalt von Manuela Gawehn. Es ist abstrakt und steht zum Verkauf. M.G. Art, www.gawehn-art.com.\" srcset=\"https:\/\/allboutenglish.de\/wp-content\/uploads\/2025\/01\/EBA_20241130_0579-1024x755.jpg 1024w, https:\/\/allboutenglish.de\/wp-content\/uploads\/2025\/01\/EBA_20241130_0579-300x221.jpg 300w, https:\/\/allboutenglish.de\/wp-content\/uploads\/2025\/01\/EBA_20241130_0579-768x566.jpg 768w, https:\/\/allboutenglish.de\/wp-content\/uploads\/2025\/01\/EBA_20241130_0579-1536x1133.jpg 1536w, https:\/\/allboutenglish.de\/wp-content\/uploads\/2025\/01\/EBA_20241130_0579-2048x1511.jpg 2048w\" sizes=\"(max-width: 800px) 100vw, 800px\" \/>\t\t\t\t\t\t\t\t<\/a>\n\t\t\t\t\t\t\t\t\t\t\t\t\t\t\t<\/div>\n\t\t\t\t<\/div>\n\t\t\t\t\t<\/div>\n\t\t\t\t<\/div>\n\t\t<div class=\"elementor-element elementor-element-cc1dbb5 e-flex e-con-boxed e-con e-parent\" data-id=\"cc1dbb5\" data-element_type=\"container\" data-e-type=\"container\">\n\t\t\t\t\t<div class=\"e-con-inner\">\n\t\t\t\t<div class=\"elementor-element elementor-element-f632d59 elementor-widget elementor-widget-text-editor\" data-id=\"f632d59\" data-element_type=\"widget\" data-e-type=\"widget\" data-widget_type=\"text-editor.default\">\n\t\t\t\t<div class=\"elementor-widget-container\">\n\t\t\t\t\t\t\t\t\t<p>Wir w\u00fcrden uns sehr freuen, Sie auch dort begr\u00fc\u00dfen zu k\u00f6nnen. F\u00fcr einen kleinen Auszug unserer Bilder k\u00f6nnen Sie bitte dem <a href=\"https:\/\/allboutenglish.de\/bilder\/\">Link<\/a> folgen.<\/p>\t\t\t\t\t\t\t\t<\/div>\n\t\t\t\t<\/div>\n\t\t\t\t\t<\/div>\n\t\t\t\t<\/div>\n\t\t\t\t<\/div>\n\t\t","protected":false},"excerpt":{"rendered":"<p>News News aside: Neue Kurse im September \u2013 AllboutEnglish erweitert seine R\u00e4umlichkeiten News aside: Ein weiterer Schulungsraum steht ab September zur Verf\u00fcgung. Angepasst auf kleinere Gruppen und mit sehr guter Ausstattung ist dieser in der Kackertstr. 10, 52072 Aachen nah am Besprechungsraum zu finden. Modern eingerichtet mit Whiteboard, Projektor und Internetzugang, Monitoranlage sowie den dazugeh\u00f6rigen [&hellip;]<\/p>\n","protected":false},"author":1,"featured_media":0,"parent":0,"menu_order":2,"comment_status":"closed","ping_status":"closed","template":"","meta":{"footnotes":""},"class_list":["post-37","page","type-page","status-publish","hentry"],"_links":{"self":[{"href":"https:\/\/allboutenglish.de\/de_de_formal\/wp-json\/wp\/v2\/pages\/37","targetHints":{"allow":["GET"]}}],"collection":[{"href":"https:\/\/allboutenglish.de\/de_de_formal\/wp-json\/wp\/v2\/pages"}],"about":[{"href":"https:\/\/allboutenglish.de\/de_de_formal\/wp-json\/wp\/v2\/types\/page"}],"author":[{"embeddable":true,"href":"https:\/\/allboutenglish.de\/de_de_formal\/wp-json\/wp\/v2\/users\/1"}],"replies":[{"embeddable":true,"href":"https:\/\/allboutenglish.de\/de_de_formal\/wp-json\/wp\/v2\/comments?post=37"}],"version-history":[{"count":59,"href":"https:\/\/allboutenglish.de\/de_de_formal\/wp-json\/wp\/v2\/pages\/37\/revisions"}],"predecessor-version":[{"id":2429,"href":"https:\/\/allboutenglish.de\/de_de_formal\/wp-json\/wp\/v2\/pages\/37\/revisions\/2429"}],"wp:attachment":[{"href":"https:\/\/allboutenglish.de\/de_de_formal\/wp-json\/wp\/v2\/media?parent=37"}],"curies":[{"name":"wp","href":"https:\/\/api.w.org\/{rel}","templated":true}]}}