{"id":399,"date":"2024-03-04T15:13:00","date_gmt":"2024-03-04T14:13:58","guid":{"rendered":"https:\/\/allboutenglish.de\/sprachkurse\/"},"modified":"2025-10-29T13:48:44","modified_gmt":"2025-10-29T12:48:44","slug":"sprachkurse-in-aachen","status":"publish","type":"page","link":"https:\/\/allboutenglish.de\/de_de_formal\/leistungen\/sprachkurse-in-aachen\/","title":{"rendered":"Sprachkurse"},"content":{"rendered":"\t\t<div data-elementor-type=\"wp-page\" data-elementor-id=\"399\" class=\"elementor elementor-399\" data-elementor-post-type=\"page\">\n\t\t\t\t<div class=\"elementor-element elementor-element-4898edd e-flex e-con-boxed e-con e-parent\" data-id=\"4898edd\" data-element_type=\"container\" data-e-type=\"container\" data-settings=\"{&quot;background_background&quot;:&quot;slideshow&quot;,&quot;background_slideshow_gallery&quot;:[{&quot;id&quot;:142,&quot;url&quot;:&quot;https:\\\/\\\/allboutenglish.de\\\/wp-content\\\/uploads\\\/2024\\\/03\\\/Unbenanntes_Panorama1.jpg&quot;},{&quot;id&quot;:143,&quot;url&quot;:&quot;https:\\\/\\\/allboutenglish.de\\\/wp-content\\\/uploads\\\/2024\\\/03\\\/Unbenanntes_Panorama3.jpg&quot;},{&quot;id&quot;:145,&quot;url&quot;:&quot;https:\\\/\\\/allboutenglish.de\\\/wp-content\\\/uploads\\\/2024\\\/03\\\/Unbenanntes_Panorama2.jpg&quot;},{&quot;id&quot;:146,&quot;url&quot;:&quot;https:\\\/\\\/allboutenglish.de\\\/wp-content\\\/uploads\\\/2024\\\/03\\\/20140321_London_0299.jpg&quot;},{&quot;id&quot;:144,&quot;url&quot;:&quot;https:\\\/\\\/allboutenglish.de\\\/wp-content\\\/uploads\\\/2024\\\/03\\\/Unbenanntes_Panorama4-scaled.jpg&quot;},{&quot;id&quot;:141,&quot;url&quot;:&quot;https:\\\/\\\/allboutenglish.de\\\/wp-content\\\/uploads\\\/2024\\\/03\\\/Unbenanntes_Panorama7-scaled.jpg&quot;},{&quot;id&quot;:140,&quot;url&quot;:&quot;https:\\\/\\\/allboutenglish.de\\\/wp-content\\\/uploads\\\/2024\\\/03\\\/Unbenanntes_Panorama6.jpg&quot;}],&quot;background_slideshow_slide_duration&quot;:7000,&quot;background_slideshow_transition_duration&quot;:1000,&quot;background_slideshow_ken_burns&quot;:&quot;yes&quot;,&quot;background_slideshow_loop&quot;:&quot;yes&quot;,&quot;background_slideshow_slide_transition&quot;:&quot;fade&quot;,&quot;background_slideshow_ken_burns_zoom_direction&quot;:&quot;in&quot;}\">\n\t\t\t\t\t<div class=\"e-con-inner\">\n\t\t\t\t\t<\/div>\n\t\t\t\t<\/div>\n\t\t<div class=\"elementor-element elementor-element-4d00937 e-flex e-con-boxed e-con e-parent\" data-id=\"4d00937\" data-element_type=\"container\" data-e-type=\"container\">\n\t\t\t\t\t<div class=\"e-con-inner\">\n\t\t<div class=\"elementor-element elementor-element-2ae983b e-flex e-con-boxed e-con e-child\" data-id=\"2ae983b\" data-element_type=\"container\" data-e-type=\"container\" data-settings=\"{&quot;background_background&quot;:&quot;classic&quot;}\">\n\t\t\t\t\t<div class=\"e-con-inner\">\n\t\t<div class=\"elementor-element elementor-element-d04f716 e-con-full e-flex e-con e-child\" data-id=\"d04f716\" data-element_type=\"container\" data-e-type=\"container\">\n\t\t\t\t<div class=\"elementor-element elementor-element-d558b85 elementor-widget elementor-widget-heading\" data-id=\"d558b85\" data-element_type=\"widget\" data-e-type=\"widget\" data-widget_type=\"heading.default\">\n\t\t\t\t<div class=\"elementor-widget-container\">\n\t\t\t\t\t<h1 class=\"elementor-heading-title elementor-size-default\">Sprachkurse in Aachen Englisch und\/ oder Deutsch<\/h1>\t\t\t\t<\/div>\n\t\t\t\t<\/div>\n\t\t\t\t<\/div>\n\t\t<div class=\"elementor-element elementor-element-5a16dab e-con-full e-flex e-con e-child\" data-id=\"5a16dab\" data-element_type=\"container\" data-e-type=\"container\">\n\t\t\t\t<div class=\"elementor-element elementor-element-eee98cc elementor-widget elementor-widget-shortcode\" data-id=\"eee98cc\" data-element_type=\"widget\" data-e-type=\"widget\" data-widget_type=\"shortcode.default\">\n\t\t\t\t<div class=\"elementor-widget-container\">\n\t\t\t\t\t\t\t<div class=\"elementor-shortcode\"><nav aria-label=\"breadcrumbs\" class=\"rank-math-breadcrumb\"><p><span class=\"last\">Startseite<\/span><\/p><\/nav><\/div>\n\t\t\t\t\t\t<\/div>\n\t\t\t\t<\/div>\n\t\t\t\t<div class=\"elementor-element elementor-element-1bc10b5 elementor-search-form--skin-minimal elementor-widget elementor-widget-search-form\" data-id=\"1bc10b5\" data-element_type=\"widget\" data-e-type=\"widget\" data-settings=\"{&quot;skin&quot;:&quot;minimal&quot;}\" data-widget_type=\"search-form.default\">\n\t\t\t\t<div class=\"elementor-widget-container\">\n\t\t\t\t\t\t\t<search role=\"search\">\n\t\t\t<form class=\"elementor-search-form\" action=\"https:\/\/allboutenglish.de\/de_de_formal\" method=\"get\">\n\t\t\t\t\t\t\t\t\t\t\t\t<div class=\"elementor-search-form__container\">\n\t\t\t\t\t<label class=\"elementor-screen-only\" for=\"elementor-search-form-1bc10b5\">Suche<\/label>\n\n\t\t\t\t\t\t\t\t\t\t\t<div class=\"elementor-search-form__icon\">\n\t\t\t\t\t\t\t<div class=\"e-font-icon-svg-container\"><svg aria-hidden=\"true\" class=\"e-font-icon-svg e-fas-search\" viewBox=\"0 0 512 512\" xmlns=\"http:\/\/www.w3.org\/2000\/svg\"><path d=\"M505 442.7L405.3 343c-4.5-4.5-10.6-7-17-7H372c27.6-35.3 44-79.7 44-128C416 93.1 322.9 0 208 0S0 93.1 0 208s93.1 208 208 208c48.3 0 92.7-16.4 128-44v16.3c0 6.4 2.5 12.5 7 17l99.7 99.7c9.4 9.4 24.6 9.4 33.9 0l28.3-28.3c9.4-9.4 9.4-24.6.1-34zM208 336c-70.7 0-128-57.2-128-128 0-70.7 57.2-128 128-128 70.7 0 128 57.2 128 128 0 70.7-57.2 128-128 128z\"><\/path><\/svg><\/div>\t\t\t\t\t\t\t<span class=\"elementor-screen-only\">Suche<\/span>\n\t\t\t\t\t\t<\/div>\n\t\t\t\t\t\n\t\t\t\t\t<input id=\"elementor-search-form-1bc10b5\" placeholder=\"Search\" class=\"elementor-search-form__input\" type=\"search\" name=\"s\" value=\"\">\n\t\t\t\t\t\n\t\t\t\t\t\n\t\t\t\t\t\t\t\t\t<\/div>\n\t\t\t<\/form>\n\t\t<\/search>\n\t\t\t\t\t\t<\/div>\n\t\t\t\t<\/div>\n\t\t\t\t<\/div>\n\t\t\t\t\t<\/div>\n\t\t\t\t<\/div>\n\t\t\t\t\t<\/div>\n\t\t\t\t<\/div>\n\t\t<div class=\"elementor-element elementor-element-f770648 e-flex e-con-boxed e-con e-parent\" data-id=\"f770648\" data-element_type=\"container\" data-e-type=\"container\">\n\t\t\t\t\t<div class=\"e-con-inner\">\n\t\t\t\t<div class=\"elementor-element elementor-element-24248ab elementor-widget elementor-widget-heading\" data-id=\"24248ab\" data-element_type=\"widget\" data-e-type=\"widget\" data-widget_type=\"heading.default\">\n\t\t\t\t<div class=\"elementor-widget-container\">\n\t\t\t\t\t<h2 class=\"elementor-heading-title elementor-size-default\">\u201eIn order to achieve great things you should analyse the problems of a world that has been diagnosed with indifference and find solutions that unify the human kind\u201c (Thank you Ligia)<\/h2>\t\t\t\t<\/div>\n\t\t\t\t<\/div>\n\t\t\t\t<div class=\"elementor-element elementor-element-877d4f0 elementor-widget elementor-widget-heading\" data-id=\"877d4f0\" data-element_type=\"widget\" data-e-type=\"widget\" data-widget_type=\"heading.default\">\n\t\t\t\t<div class=\"elementor-widget-container\">\n\t\t\t\t\t<h2 class=\"elementor-heading-title elementor-size-default\">Unsere Sprachkurse individuell, wirksam und pers\u00f6nlich\n<\/h2>\t\t\t\t<\/div>\n\t\t\t\t<\/div>\n\t\t\t\t\t<\/div>\n\t\t\t\t<\/div>\n\t\t<div class=\"elementor-element elementor-element-71af037 e-flex e-con-boxed e-con e-parent\" data-id=\"71af037\" data-element_type=\"container\" data-e-type=\"container\">\n\t\t\t\t\t<div class=\"e-con-inner\">\n\t\t<div class=\"elementor-element elementor-element-7d59283 e-con-full e-flex e-con e-child\" data-id=\"7d59283\" data-element_type=\"container\" data-e-type=\"container\">\n\t\t\t\t<div class=\"elementor-element elementor-element-1907906 elementor-widget elementor-widget-text-editor\" data-id=\"1907906\" data-element_type=\"widget\" data-e-type=\"widget\" data-widget_type=\"text-editor.default\">\n\t\t\t\t<div class=\"elementor-widget-container\">\n\t\t\t\t\t\t\t\t\t<p>Sprachkurse sind mehr als nur Unterricht \u2013 sie sind Begegnung, Entwicklung und ein Schl\u00fcssel zu neuen M\u00f6glichkeiten. Bei <em>AllboutEnglish<\/em> bieten wir Sprachkurse in <em>Englisch und Deutsch<\/em>, die sich an deinem Leben orientieren: pers\u00f6nlich, flexibel und mit einem klaren Ziel vor Augen. Ob du dein Englisch f\u00fcr den Beruf verbessern m\u00f6chtest, dich auf ein Vorstellungsgespr\u00e4ch vorbereitest oder dein Deutsch f\u00fcr den Alltag oder die Arbeit st\u00e4rken willst \u2013 unsere Sprachkurse holen dich dort ab, wo du stehst.<\/p><p>Unsere Sprachkurse sind keine Massenware. Sie sind individuell abgestimmt, methodisch fundiert und emotional nah. Wir glauben daran, dass Sprache nur dann wirklich wirkt, wenn sie in einem sicheren, wertsch\u00e4tzenden Rahmen vermittelt wird. Deshalb sind unsere Sprachkurse gepr\u00e4gt von:<\/p><ul><li><p>Klarer Struktur: Du wei\u00dft immer, wo du stehst und was als N\u00e4chstes kommt<\/p><\/li><li><p>Pers\u00f6nlicher Begleitung: Kein anonymer Kurs, sondern echtes Coaching<\/p><\/li><li><p>Flexibler Gestaltung: Online oder vor Ort, einzeln oder in kleinen Gruppen<\/p><\/li><li><p>Verl\u00e4sslicher Atmosph\u00e4re: Wir schaffen Raum f\u00fcr Entwicklung \u2013 ohne Druck<\/p><\/li><\/ul>\t\t\t\t\t\t\t\t<\/div>\n\t\t\t\t<\/div>\n\t\t\t\t<\/div>\n\t\t<div class=\"elementor-element elementor-element-4f1a0cd e-con-full e-flex e-con e-child\" data-id=\"4f1a0cd\" data-element_type=\"container\" data-e-type=\"container\">\n\t\t\t\t<div class=\"elementor-element elementor-element-4695b79 elementor-widget elementor-widget-image\" data-id=\"4695b79\" data-element_type=\"widget\" data-e-type=\"widget\" data-widget_type=\"image.default\">\n\t\t\t\t<div class=\"elementor-widget-container\">\n\t\t\t\t\t\t\t\t\t\t\t\t\t\t\t<img fetchpriority=\"high\" decoding=\"async\" width=\"300\" height=\"225\" src=\"https:\/\/allboutenglish.de\/wp-content\/uploads\/2024\/03\/schulung3-300x225-1.jpg\" class=\"attachment-large size-large wp-image-423\" alt=\"Lebendiger Unterricht\" \/>\t\t\t\t\t\t\t\t\t\t\t\t\t\t\t<\/div>\n\t\t\t\t<\/div>\n\t\t\t\t<\/div>\n\t\t\t\t\t<\/div>\n\t\t\t\t<\/div>\n\t\t<div class=\"elementor-element elementor-element-b974f59 e-flex e-con-boxed e-con e-parent\" data-id=\"b974f59\" data-element_type=\"container\" data-e-type=\"container\">\n\t\t\t\t\t<div class=\"e-con-inner\">\n\t\t\t\t<div class=\"elementor-element elementor-element-94ee345 elementor-widget elementor-widget-heading\" data-id=\"94ee345\" data-element_type=\"widget\" data-e-type=\"widget\" data-widget_type=\"heading.default\">\n\t\t\t\t<div class=\"elementor-widget-container\">\n\t\t\t\t\t<h2 class=\"elementor-heading-title elementor-size-default\">Einzelunterricht<\/h2>\t\t\t\t<\/div>\n\t\t\t\t<\/div>\n\t\t\t\t<div class=\"elementor-element elementor-element-ac48f42 elementor-widget elementor-widget-heading\" data-id=\"ac48f42\" data-element_type=\"widget\" data-e-type=\"widget\" data-widget_type=\"heading.default\">\n\t\t\t\t<div class=\"elementor-widget-container\">\n\t\t\t\t\t<h2 class=\"elementor-heading-title elementor-size-default\">\n<\/h2>\t\t\t\t<\/div>\n\t\t\t\t<\/div>\n\t\t\t\t\t<\/div>\n\t\t\t\t<\/div>\n\t\t<div class=\"elementor-element elementor-element-e8ac581 e-flex e-con-boxed e-con e-parent\" data-id=\"e8ac581\" data-element_type=\"container\" data-e-type=\"container\">\n\t\t\t\t\t<div class=\"e-con-inner\">\n\t\t\t\t<div class=\"elementor-element elementor-element-477cc88 elementor-widget elementor-widget-text-editor\" data-id=\"477cc88\" data-element_type=\"widget\" data-e-type=\"widget\" data-widget_type=\"text-editor.default\">\n\t\t\t\t<div class=\"elementor-widget-container\">\n\t\t\t\t\t\t\t\t\t<p>Unsere Sprachkurse im Einzelunterricht sind ideal f\u00fcr alle, die gezielt an ihren Themen arbeiten m\u00f6chten. Ob Business-Englisch, Deutsch f\u00fcr den Beruf, Grammatik-Feinschliff oder Pr\u00fcfungsvorbereitung \u2013 du bestimmst das Tempo, wir liefern die Struktur. Der Einzelunterricht bietet maximale Freiheit und volle Konzentration auf deine Ziele \u2013 auf Englisch oder auf Deutsch.<\/p>\t\t\t\t\t\t\t\t<\/div>\n\t\t\t\t<\/div>\n\t\t\t\t\t<\/div>\n\t\t\t\t<\/div>\n\t\t<div class=\"elementor-element elementor-element-b0ea82a e-flex e-con-boxed e-con e-parent\" data-id=\"b0ea82a\" data-element_type=\"container\" data-e-type=\"container\">\n\t\t\t\t\t<div class=\"e-con-inner\">\n\t\t\t\t<div class=\"elementor-element elementor-element-b76e513 elementor-widget elementor-widget-heading\" data-id=\"b76e513\" data-element_type=\"widget\" data-e-type=\"widget\" data-widget_type=\"heading.default\">\n\t\t\t\t<div class=\"elementor-widget-container\">\n\t\t\t\t\t<h2 class=\"elementor-heading-title elementor-size-default\">Firmenkurse<\/h2>\t\t\t\t<\/div>\n\t\t\t\t<\/div>\n\t\t\t\t\t<\/div>\n\t\t\t\t<\/div>\n\t\t<div class=\"elementor-element elementor-element-754f62a e-flex e-con-boxed e-con e-parent\" data-id=\"754f62a\" data-element_type=\"container\" data-e-type=\"container\">\n\t\t\t\t\t<div class=\"e-con-inner\">\n\t\t\t\t<div class=\"elementor-element elementor-element-fbf97ca elementor-widget elementor-widget-text-editor\" data-id=\"fbf97ca\" data-element_type=\"widget\" data-e-type=\"widget\" data-widget_type=\"text-editor.default\">\n\t\t\t\t<div class=\"elementor-widget-container\">\n\t\t\t\t\t\t\t\t\t<p>F\u00fcr Unternehmen bieten wir ma\u00dfgeschneiderte Sprachkurse in <em>Englisch und Deutsch<\/em>, die sich an den realen Kommunikationssituationen im Berufsalltag orientieren. Klar, effizient und praxisnah \u2013 damit dein Team souver\u00e4n kommunizieren kann. Unsere Firmenkurse sind auch als Inhouse-Training oder Online-Format verf\u00fcgbar.<\/p>\t\t\t\t\t\t\t\t<\/div>\n\t\t\t\t<\/div>\n\t\t\t\t\t<\/div>\n\t\t\t\t<\/div>\n\t\t<div class=\"elementor-element elementor-element-f49674e e-flex e-con-boxed e-con e-parent\" data-id=\"f49674e\" data-element_type=\"container\" data-e-type=\"container\">\n\t\t\t\t\t<div class=\"e-con-inner\">\n\t\t<div class=\"elementor-element elementor-element-3ff5141 e-flex e-con-boxed e-con e-child\" data-id=\"3ff5141\" data-element_type=\"container\" data-e-type=\"container\" data-settings=\"{&quot;background_background&quot;:&quot;classic&quot;}\">\n\t\t\t\t\t<div class=\"e-con-inner\">\n\t\t<div class=\"elementor-element elementor-element-73d8b17 e-con-full e-flex e-con e-child\" data-id=\"73d8b17\" data-element_type=\"container\" data-e-type=\"container\">\n\t\t\t\t<div class=\"elementor-element elementor-element-20e8a5d elementor-widget elementor-widget-image\" data-id=\"20e8a5d\" data-element_type=\"widget\" data-e-type=\"widget\" data-widget_type=\"image.default\">\n\t\t\t\t<div class=\"elementor-widget-container\">\n\t\t\t\t\t\t\t\t\t\t\t\t\t\t\t<img decoding=\"async\" width=\"300\" height=\"225\" src=\"https:\/\/allboutenglish.de\/wp-content\/uploads\/2024\/03\/schulung1-300x225-1.jpg\" class=\"attachment-large size-large wp-image-424\" alt=\"Lebendiger Unterricht bei ABE mit mehreren Teilnehmern, die flei\u00dfig und sehr interessiert auf ihrem Bildschirm schauen und miteinander und der Dozentin diskutieren.\" \/>\t\t\t\t\t\t\t\t\t\t\t\t\t\t\t<\/div>\n\t\t\t\t<\/div>\n\t\t\t\t<\/div>\n\t\t<div class=\"elementor-element elementor-element-62c92cf e-con-full e-flex e-con e-child\" data-id=\"62c92cf\" data-element_type=\"container\" data-e-type=\"container\">\n\t\t\t\t<div class=\"elementor-element elementor-element-6e64c04 elementor-widget elementor-widget-heading\" data-id=\"6e64c04\" data-element_type=\"widget\" data-e-type=\"widget\" data-widget_type=\"heading.default\">\n\t\t\t\t<div class=\"elementor-widget-container\">\n\t\t\t\t\t<h3 class=\"elementor-heading-title elementor-size-default\"><a href=\"https:\/\/www.gawehn-art.com\/\" target=\"_blank\" rel=\"noopener\">Inhaltsbeispiele f\u00fcr Englisch und Deutsch:<\/a><\/h3>\t\t\t\t<\/div>\n\t\t\t\t<\/div>\n\t\t\t\t<div class=\"elementor-element elementor-element-e6b4659 elementor-widget elementor-widget-text-editor\" data-id=\"e6b4659\" data-element_type=\"widget\" data-e-type=\"widget\" data-widget_type=\"text-editor.default\">\n\t\t\t\t<div class=\"elementor-widget-container\">\n\t\t\t\t\t\t\t\t\t<p>Wirtschaftsenglisch &#8211; deutsch, Allgemeinenglisch -deutsch, Spezialenglisch -deutsch, Akademisches Englisch &#8220; Deutsch, Telefongespr\u00e4che annehmen und f\u00fchren, Teilnahme an Konferenzen und Verhandlungen, Erfolgreiche und effektive Pr\u00e4sentationen, Versammlungen abhalten, Konversation, Englisch\/ Deutsch f\u00fcr das Berufsleben, Englisch\/ Deutsch f\u00fcr den Urlaub, Englisch\/ Deutsch f\u00fcr die Freizeit, H\u00f6r-, Lese-, Schreib-, Sprechverst\u00e4ndnis, Sprachtrainings, Betonung und Intonation, Interaktion mit dem Gegen\u00fcber, Wortschatz und vieles mehr \u2026<\/p>\t\t\t\t\t\t\t\t<\/div>\n\t\t\t\t<\/div>\n\t\t\t\t<\/div>\n\t\t\t\t\t<\/div>\n\t\t\t\t<\/div>\n\t\t\t\t\t<\/div>\n\t\t\t\t<\/div>\n\t\t<div class=\"elementor-element elementor-element-ca69f56 e-flex e-con-boxed e-con e-parent\" data-id=\"ca69f56\" data-element_type=\"container\" data-e-type=\"container\">\n\t\t\t\t\t<div class=\"e-con-inner\">\n\t\t\t\t<div class=\"elementor-element elementor-element-38681cb elementor-widget elementor-widget-heading\" data-id=\"38681cb\" data-element_type=\"widget\" data-e-type=\"widget\" data-widget_type=\"heading.default\">\n\t\t\t\t<div class=\"elementor-widget-container\">\n\t\t\t\t\t<h2 class=\"elementor-heading-title elementor-size-default\">Bewerbungstraining<\/h2>\t\t\t\t<\/div>\n\t\t\t\t<\/div>\n\t\t\t\t\t<\/div>\n\t\t\t\t<\/div>\n\t\t<div class=\"elementor-element elementor-element-2d9b845 e-flex e-con-boxed e-con e-parent\" data-id=\"2d9b845\" data-element_type=\"container\" data-e-type=\"container\">\n\t\t\t\t\t<div class=\"e-con-inner\">\n\t\t\t\t<div class=\"elementor-element elementor-element-d65ce72 elementor-widget elementor-widget-text-editor\" data-id=\"d65ce72\" data-element_type=\"widget\" data-e-type=\"widget\" data-widget_type=\"text-editor.default\">\n\t\t\t\t<div class=\"elementor-widget-container\">\n\t\t\t\t\t\t\t\t\t<p>Du m\u00f6chtest dich auf Englisch oder Deutsch bewerben oder ein Vorstellungsgespr\u00e4ch meistern? Unsere Sprachkurse mit Fokus auf Bewerbungstraining helfen dir, dich sprachlich und inhaltlich sicher zu pr\u00e4sentieren \u2013 mit authentischem Feedback und konkreten Formulierungen. Wir bereiten dich gezielt auf typische Fragen und sprachliche Stolpersteine vor.<\/p>\t\t\t\t\t\t\t\t<\/div>\n\t\t\t\t<\/div>\n\t\t\t\t\t<\/div>\n\t\t\t\t<\/div>\n\t\t<div class=\"elementor-element elementor-element-e7fe1ce e-flex e-con-boxed e-con e-parent\" data-id=\"e7fe1ce\" data-element_type=\"container\" data-e-type=\"container\">\n\t\t\t\t\t<div class=\"e-con-inner\">\n\t\t\t\t<div class=\"elementor-element elementor-element-a15ae12 elementor-widget elementor-widget-heading\" data-id=\"a15ae12\" data-element_type=\"widget\" data-e-type=\"widget\" data-widget_type=\"heading.default\">\n\t\t\t\t<div class=\"elementor-widget-container\">\n\t\t\t\t\t<h2 class=\"elementor-heading-title elementor-size-default\">Teams-Kurse<\/h2>\t\t\t\t<\/div>\n\t\t\t\t<\/div>\n\t\t\t\t\t<\/div>\n\t\t\t\t<\/div>\n\t\t<div class=\"elementor-element elementor-element-29a2332 e-flex e-con-boxed e-con e-parent\" data-id=\"29a2332\" data-element_type=\"container\" data-e-type=\"container\">\n\t\t\t\t\t<div class=\"e-con-inner\">\n\t\t\t\t<div class=\"elementor-element elementor-element-afc9c69 elementor-widget elementor-widget-text-editor\" data-id=\"afc9c69\" data-element_type=\"widget\" data-e-type=\"widget\" data-widget_type=\"text-editor.default\">\n\t\t\t\t<div class=\"elementor-widget-container\">\n\t\t\t\t\t\t\t\t\t<p>Unsere Sprachkurse via <em>Microsoft Teams<\/em> verbinden Flexibilit\u00e4t mit echter N\u00e4he. Du lernst bequem von zu Hause aus \u2013 mit pers\u00f6nlicher Betreuung, interaktiven Materialien und einem klaren Lernplan. Ideal f\u00fcr alle, die ortsunabh\u00e4ngig lernen m\u00f6chten und trotzdem Wert auf individuelle Begleitung legen \u2013 auf Englisch oder auf Deutsch.<\/p><h3>\u00a0<\/h3>\t\t\t\t\t\t\t\t<\/div>\n\t\t\t\t<\/div>\n\t\t\t\t\t<\/div>\n\t\t\t\t<\/div>\n\t\t<div class=\"elementor-element elementor-element-95f4d93 e-flex e-con-boxed e-con e-parent\" data-id=\"95f4d93\" data-element_type=\"container\" data-e-type=\"container\">\n\t\t\t\t\t<div class=\"e-con-inner\">\n\t\t\t\t<div class=\"elementor-element elementor-element-1fdcd3e elementor-widget elementor-widget-heading\" data-id=\"1fdcd3e\" data-element_type=\"widget\" data-e-type=\"widget\" data-widget_type=\"heading.default\">\n\t\t\t\t<div class=\"elementor-widget-container\">\n\t\t\t\t\t<h2 class=\"elementor-heading-title elementor-size-default\">Sprachkurse in Aachen \u2013 lokal verwurzelt, digital verbunden<\/h2>\t\t\t\t<\/div>\n\t\t\t\t<\/div>\n\t\t\t\t\t<\/div>\n\t\t\t\t<\/div>\n\t\t<div class=\"elementor-element elementor-element-de900df e-flex e-con-boxed e-con e-parent\" data-id=\"de900df\" data-element_type=\"container\" data-e-type=\"container\">\n\t\t\t\t\t<div class=\"e-con-inner\">\n\t\t\t\t<div class=\"elementor-element elementor-element-9f356ee elementor-widget elementor-widget-text-editor\" data-id=\"9f356ee\" data-element_type=\"widget\" data-e-type=\"widget\" data-widget_type=\"text-editor.default\">\n\t\t\t\t<div class=\"elementor-widget-container\">\n\t\t\t\t\t\t\t\t\t<p><em>AllboutEnglish<\/em> ist in Aachen zu Hause \u2013 und das sp\u00fcrt man. Unsere Sprachkurse in Aachen sind nahbar, pers\u00f6nlich und auf Wunsch auch hybrid. Du kannst vor Ort lernen oder dich online zuschalten \u2013 ganz wie es zu deinem Alltag passt. Wir kennen die Region, die Menschen und die sprachlichen Anforderungen vor Ort \u2013 sowohl im Englischen als auch im Deutschen.<\/p>\t\t\t\t\t\t\t\t<\/div>\n\t\t\t\t<\/div>\n\t\t\t\t\t<\/div>\n\t\t\t\t<\/div>\n\t\t<div class=\"elementor-element elementor-element-378c1ec e-flex e-con-boxed e-con e-parent\" data-id=\"378c1ec\" data-element_type=\"container\" data-e-type=\"container\">\n\t\t\t\t\t<div class=\"e-con-inner\">\n\t\t\t\t<div class=\"elementor-element elementor-element-fdc19c8 elementor-widget elementor-widget-heading\" data-id=\"fdc19c8\" data-element_type=\"widget\" data-e-type=\"widget\" data-widget_type=\"heading.default\">\n\t\t\t\t<div class=\"elementor-widget-container\">\n\t\t\t\t\t<h2 class=\"elementor-heading-title elementor-size-default\">Warum unsere Sprachkurse wirken<\/h2>\t\t\t\t<\/div>\n\t\t\t\t<\/div>\n\t\t\t\t\t<\/div>\n\t\t\t\t<\/div>\n\t\t<div class=\"elementor-element elementor-element-82538b2 e-flex e-con-boxed e-con e-parent\" data-id=\"82538b2\" data-element_type=\"container\" data-e-type=\"container\">\n\t\t\t\t\t<div class=\"e-con-inner\">\n\t\t\t\t<div class=\"elementor-element elementor-element-183c386 elementor-widget elementor-widget-text-editor\" data-id=\"183c386\" data-element_type=\"widget\" data-e-type=\"widget\" data-widget_type=\"text-editor.default\">\n\t\t\t\t<div class=\"elementor-widget-container\">\n\t\t\t\t\t\t\t\t\t<p>Weil wir zuh\u00f6ren. Weil wir mitdenken. Und weil wir wissen, dass Sprache nicht nur Grammatik ist, sondern auch Ausdruck, Selbstvertrauen und Verbindung. Unsere Sprachkurse sind so aufgebaut, dass du nicht nur lernst, sondern dich auch traust, das Gelernte anzuwenden \u2013 im Alltag, im Beruf, im Leben. Ob auf Englisch oder auf Deutsch: Wir begleiten dich mit Klarheit und Engagement.<\/p>\t\t\t\t\t\t\t\t<\/div>\n\t\t\t\t<\/div>\n\t\t\t\t\t<\/div>\n\t\t\t\t<\/div>\n\t\t<div class=\"elementor-element elementor-element-6f93b57 e-flex e-con-boxed e-con e-parent\" data-id=\"6f93b57\" data-element_type=\"container\" data-e-type=\"container\">\n\t\t\t\t\t<div class=\"e-con-inner\">\n\t\t\t\t<div class=\"elementor-element elementor-element-a08b5b5 elementor-widget elementor-widget-heading\" data-id=\"a08b5b5\" data-element_type=\"widget\" data-e-type=\"widget\" data-widget_type=\"heading.default\">\n\t\t\t\t<div class=\"elementor-widget-container\">\n\t\t\t\t\t<h2 class=\"elementor-heading-title elementor-size-default\">Ein Hinweis in eigener Sache<\/h2>\t\t\t\t<\/div>\n\t\t\t\t<\/div>\n\t\t\t\t\t<\/div>\n\t\t\t\t<\/div>\n\t\t<div class=\"elementor-element elementor-element-dce01d6 e-flex e-con-boxed e-con e-parent\" data-id=\"dce01d6\" data-element_type=\"container\" data-e-type=\"container\">\n\t\t\t\t\t<div class=\"e-con-inner\">\n\t\t\t\t<div class=\"elementor-element elementor-element-01667f3 elementor-widget elementor-widget-text-editor\" data-id=\"01667f3\" data-element_type=\"widget\" data-e-type=\"widget\" data-widget_type=\"text-editor.default\">\n\t\t\t\t<div class=\"elementor-widget-container\">\n\t\t\t\t\t\t\t\t\t<p><em>AllboutEnglish<\/em> ist ein eigenst\u00e4ndiges Konzept f\u00fcr pers\u00f6nliche Sprachentwicklung \u2013 gepr\u00e4gt von N\u00e4he, Klarheit und Vertrauen. \u00c4hnlichkeiten im Namen zu anderen Anbietern sind zuf\u00e4llig. Wir grenzen uns bewusst von Angeboten \u00e4hnlichen Namens ab \u2013 in Haltung, Inhalt und Anspruch.<\/p><div>\u00a0<\/div>\t\t\t\t\t\t\t\t<\/div>\n\t\t\t\t<\/div>\n\t\t\t\t\t<\/div>\n\t\t\t\t<\/div>\n\t\t\t\t<\/div>\n\t\t","protected":false},"excerpt":{"rendered":"<p>Sprachkurse in Aachen Englisch und\/ oder Deutsch \u201eIn order to achieve great things you should analyse the problems of a world that has been diagnosed with indifference and find solutions that unify the human kind\u201c (Thank you Ligia) Unsere Sprachkurse individuell, wirksam und pers\u00f6nlich Sprachkurse sind mehr als nur Unterricht \u2013 sie sind Begegnung, Entwicklung [&hellip;]<\/p>\n","protected":false},"author":1,"featured_media":0,"parent":35,"menu_order":0,"comment_status":"closed","ping_status":"closed","template":"","meta":{"footnotes":""},"class_list":["post-399","page","type-page","status-publish","hentry"],"_links":{"self":[{"href":"https:\/\/allboutenglish.de\/de_de_formal\/wp-json\/wp\/v2\/pages\/399","targetHints":{"allow":["GET"]}}],"collection":[{"href":"https:\/\/allboutenglish.de\/de_de_formal\/wp-json\/wp\/v2\/pages"}],"about":[{"href":"https:\/\/allboutenglish.de\/de_de_formal\/wp-json\/wp\/v2\/types\/page"}],"author":[{"embeddable":true,"href":"https:\/\/allboutenglish.de\/de_de_formal\/wp-json\/wp\/v2\/users\/1"}],"replies":[{"embeddable":true,"href":"https:\/\/allboutenglish.de\/de_de_formal\/wp-json\/wp\/v2\/comments?post=399"}],"version-history":[{"count":108,"href":"https:\/\/allboutenglish.de\/de_de_formal\/wp-json\/wp\/v2\/pages\/399\/revisions"}],"predecessor-version":[{"id":2409,"href":"https:\/\/allboutenglish.de\/de_de_formal\/wp-json\/wp\/v2\/pages\/399\/revisions\/2409"}],"up":[{"embeddable":true,"href":"https:\/\/allboutenglish.de\/de_de_formal\/wp-json\/wp\/v2\/pages\/35"}],"wp:attachment":[{"href":"https:\/\/allboutenglish.de\/de_de_formal\/wp-json\/wp\/v2\/media?parent=399"}],"curies":[{"name":"wp","href":"https:\/\/api.w.org\/{rel}","templated":true}]}}