{"id":409,"date":"2024-03-04T15:15:02","date_gmt":"2024-03-04T14:15:02","guid":{"rendered":"https:\/\/allboutenglish.de\/schulung\/"},"modified":"2025-10-29T14:01:12","modified_gmt":"2025-10-29T13:01:12","slug":"schulung-kursbeispiele","status":"publish","type":"page","link":"https:\/\/allboutenglish.de\/de_de_formal\/leistungen\/sprachkurse-in-aachen\/schulung-kursbeispiele\/","title":{"rendered":"Schulung"},"content":{"rendered":"\t\t<div data-elementor-type=\"wp-page\" data-elementor-id=\"409\" class=\"elementor elementor-409\" data-elementor-post-type=\"page\">\n\t\t\t\t<div class=\"elementor-element elementor-element-3ce268a e-flex e-con-boxed e-con e-parent\" data-id=\"3ce268a\" data-element_type=\"container\" data-e-type=\"container\" data-settings=\"{&quot;background_background&quot;:&quot;slideshow&quot;,&quot;background_slideshow_gallery&quot;:[{&quot;id&quot;:142,&quot;url&quot;:&quot;https:\\\/\\\/allboutenglish.de\\\/wp-content\\\/uploads\\\/2024\\\/03\\\/Unbenanntes_Panorama1.jpg&quot;},{&quot;id&quot;:143,&quot;url&quot;:&quot;https:\\\/\\\/allboutenglish.de\\\/wp-content\\\/uploads\\\/2024\\\/03\\\/Unbenanntes_Panorama3.jpg&quot;},{&quot;id&quot;:145,&quot;url&quot;:&quot;https:\\\/\\\/allboutenglish.de\\\/wp-content\\\/uploads\\\/2024\\\/03\\\/Unbenanntes_Panorama2.jpg&quot;},{&quot;id&quot;:146,&quot;url&quot;:&quot;https:\\\/\\\/allboutenglish.de\\\/wp-content\\\/uploads\\\/2024\\\/03\\\/20140321_London_0299.jpg&quot;},{&quot;id&quot;:144,&quot;url&quot;:&quot;https:\\\/\\\/allboutenglish.de\\\/wp-content\\\/uploads\\\/2024\\\/03\\\/Unbenanntes_Panorama4-scaled.jpg&quot;},{&quot;id&quot;:141,&quot;url&quot;:&quot;https:\\\/\\\/allboutenglish.de\\\/wp-content\\\/uploads\\\/2024\\\/03\\\/Unbenanntes_Panorama7-scaled.jpg&quot;},{&quot;id&quot;:140,&quot;url&quot;:&quot;https:\\\/\\\/allboutenglish.de\\\/wp-content\\\/uploads\\\/2024\\\/03\\\/Unbenanntes_Panorama6.jpg&quot;}],&quot;background_slideshow_slide_duration&quot;:7000,&quot;background_slideshow_transition_duration&quot;:1000,&quot;background_slideshow_ken_burns&quot;:&quot;yes&quot;,&quot;background_slideshow_loop&quot;:&quot;yes&quot;,&quot;background_slideshow_slide_transition&quot;:&quot;fade&quot;,&quot;background_slideshow_ken_burns_zoom_direction&quot;:&quot;in&quot;}\">\n\t\t\t\t\t<div class=\"e-con-inner\">\n\t\t\t\t\t<\/div>\n\t\t\t\t<\/div>\n\t\t<div class=\"elementor-element elementor-element-e1285d3 e-flex e-con-boxed e-con e-parent\" data-id=\"e1285d3\" data-element_type=\"container\" data-e-type=\"container\">\n\t\t\t\t\t<div class=\"e-con-inner\">\n\t\t<div class=\"elementor-element elementor-element-70051f8 e-flex e-con-boxed e-con e-child\" data-id=\"70051f8\" data-element_type=\"container\" data-e-type=\"container\" data-settings=\"{&quot;background_background&quot;:&quot;classic&quot;}\">\n\t\t\t\t\t<div class=\"e-con-inner\">\n\t\t<div class=\"elementor-element elementor-element-3a26995 e-con-full e-flex e-con e-child\" data-id=\"3a26995\" data-element_type=\"container\" data-e-type=\"container\">\n\t\t\t\t<div class=\"elementor-element elementor-element-9b31dda elementor-widget elementor-widget-heading\" data-id=\"9b31dda\" data-element_type=\"widget\" data-e-type=\"widget\" data-widget_type=\"heading.default\">\n\t\t\t\t<div class=\"elementor-widget-container\">\n\t\t\t\t\t<h1 class=\"elementor-heading-title elementor-size-default\">Schulung Englisch und\/ oder Deutsch<\/h1>\t\t\t\t<\/div>\n\t\t\t\t<\/div>\n\t\t\t\t<\/div>\n\t\t<div class=\"elementor-element elementor-element-fb0754b e-con-full e-flex e-con e-child\" data-id=\"fb0754b\" data-element_type=\"container\" data-e-type=\"container\">\n\t\t\t\t<div class=\"elementor-element elementor-element-8743e1c elementor-widget elementor-widget-shortcode\" data-id=\"8743e1c\" data-element_type=\"widget\" data-e-type=\"widget\" data-widget_type=\"shortcode.default\">\n\t\t\t\t<div class=\"elementor-widget-container\">\n\t\t\t\t\t\t\t<div class=\"elementor-shortcode\"><nav aria-label=\"breadcrumbs\" class=\"rank-math-breadcrumb\"><p><span class=\"last\">Startseite<\/span><\/p><\/nav><\/div>\n\t\t\t\t\t\t<\/div>\n\t\t\t\t<\/div>\n\t\t\t\t<div class=\"elementor-element elementor-element-fff8710 elementor-search-form--skin-minimal elementor-widget elementor-widget-search-form\" data-id=\"fff8710\" data-element_type=\"widget\" data-e-type=\"widget\" data-settings=\"{&quot;skin&quot;:&quot;minimal&quot;}\" data-widget_type=\"search-form.default\">\n\t\t\t\t<div class=\"elementor-widget-container\">\n\t\t\t\t\t\t\t<search role=\"search\">\n\t\t\t<form class=\"elementor-search-form\" action=\"https:\/\/allboutenglish.de\/de_de_formal\" method=\"get\">\n\t\t\t\t\t\t\t\t\t\t\t\t<div class=\"elementor-search-form__container\">\n\t\t\t\t\t<label class=\"elementor-screen-only\" for=\"elementor-search-form-fff8710\">Suche<\/label>\n\n\t\t\t\t\t\t\t\t\t\t\t<div class=\"elementor-search-form__icon\">\n\t\t\t\t\t\t\t<div class=\"e-font-icon-svg-container\"><svg aria-hidden=\"true\" class=\"e-font-icon-svg e-fas-search\" viewBox=\"0 0 512 512\" xmlns=\"http:\/\/www.w3.org\/2000\/svg\"><path d=\"M505 442.7L405.3 343c-4.5-4.5-10.6-7-17-7H372c27.6-35.3 44-79.7 44-128C416 93.1 322.9 0 208 0S0 93.1 0 208s93.1 208 208 208c48.3 0 92.7-16.4 128-44v16.3c0 6.4 2.5 12.5 7 17l99.7 99.7c9.4 9.4 24.6 9.4 33.9 0l28.3-28.3c9.4-9.4 9.4-24.6.1-34zM208 336c-70.7 0-128-57.2-128-128 0-70.7 57.2-128 128-128 70.7 0 128 57.2 128 128 0 70.7-57.2 128-128 128z\"><\/path><\/svg><\/div>\t\t\t\t\t\t\t<span class=\"elementor-screen-only\">Suche<\/span>\n\t\t\t\t\t\t<\/div>\n\t\t\t\t\t\n\t\t\t\t\t<input id=\"elementor-search-form-fff8710\" placeholder=\"Search\" class=\"elementor-search-form__input\" type=\"search\" name=\"s\" value=\"\">\n\t\t\t\t\t\n\t\t\t\t\t\n\t\t\t\t\t\t\t\t\t<\/div>\n\t\t\t<\/form>\n\t\t<\/search>\n\t\t\t\t\t\t<\/div>\n\t\t\t\t<\/div>\n\t\t\t\t<\/div>\n\t\t\t\t\t<\/div>\n\t\t\t\t<\/div>\n\t\t\t\t\t<\/div>\n\t\t\t\t<\/div>\n\t\t<div class=\"elementor-element elementor-element-ab4e917 e-flex e-con-boxed e-con e-parent\" data-id=\"ab4e917\" data-element_type=\"container\" data-e-type=\"container\">\n\t\t\t\t\t<div class=\"e-con-inner\">\n\t\t\t\t<div class=\"elementor-element elementor-element-606c710 elementor-widget elementor-widget-heading\" data-id=\"606c710\" data-element_type=\"widget\" data-e-type=\"widget\" data-widget_type=\"heading.default\">\n\t\t\t\t<div class=\"elementor-widget-container\">\n\t\t\t\t\t<h2 class=\"elementor-heading-title elementor-size-default\">Schulung-Kursbeispiele - Kleingruppen als Zielgruppen<\/h2>\t\t\t\t<\/div>\n\t\t\t\t<\/div>\n\t\t\t\t\t<\/div>\n\t\t\t\t<\/div>\n\t\t<div class=\"elementor-element elementor-element-f95af41 e-flex e-con-boxed e-con e-parent\" data-id=\"f95af41\" data-element_type=\"container\" data-e-type=\"container\">\n\t\t\t\t\t<div class=\"e-con-inner\">\n\t\t\t\t<div class=\"elementor-element elementor-element-ee258a3 elementor-widget elementor-widget-image\" data-id=\"ee258a3\" data-element_type=\"widget\" data-e-type=\"widget\" data-widget_type=\"image.default\">\n\t\t\t\t<div class=\"elementor-widget-container\">\n\t\t\t\t\t\t\t\t\t\t\t\t\t\t\t<img fetchpriority=\"high\" decoding=\"async\" width=\"800\" height=\"200\" src=\"https:\/\/allboutenglish.de\/wp-content\/uploads\/2024\/03\/IMAG3020-1-1-e1406582335118.jpg\" class=\"attachment-large size-large wp-image-459\" alt=\"Schulungsraum von AllboutEnglish. Nur als kleiner Ausschnitte mit zwei schwarzen St\u00fchlen.\" srcset=\"https:\/\/allboutenglish.de\/wp-content\/uploads\/2024\/03\/IMAG3020-1-1-e1406582335118.jpg 820w, https:\/\/allboutenglish.de\/wp-content\/uploads\/2024\/03\/IMAG3020-1-1-e1406582335118-300x75.jpg 300w, https:\/\/allboutenglish.de\/wp-content\/uploads\/2024\/03\/IMAG3020-1-1-e1406582335118-768x192.jpg 768w\" sizes=\"(max-width: 800px) 100vw, 800px\" \/>\t\t\t\t\t\t\t\t\t\t\t\t\t\t\t<\/div>\n\t\t\t\t<\/div>\n\t\t<div class=\"elementor-element elementor-element-bfcf155 e-flex e-con-boxed e-con e-child\" data-id=\"bfcf155\" data-element_type=\"container\" data-e-type=\"container\">\n\t\t\t\t\t<div class=\"e-con-inner\">\n\t\t\t\t<div class=\"elementor-element elementor-element-4a3709d elementor-widget elementor-widget-text-editor\" data-id=\"4a3709d\" data-element_type=\"widget\" data-e-type=\"widget\" data-widget_type=\"text-editor.default\">\n\t\t\t\t<div class=\"elementor-widget-container\">\n\t\t\t\t\t\t\t\t\t<p>Deutsch und\/ oder Englisch-Schulung-Kursbeispiele: Kleingruppen als Zielgruppe (m\u00f6glichst nur bis zu 4 &#8211; 8 Personen).<\/p><p>Aller Anfang ist schwer, aber mit Ihrem Willen und unserer fachlichen Kompetenz ist es fraglos zu meistern.<\/p><p>Ob entweder in einem Blockseminar \u00fcber 2 kompakte Monate oder berufs- bzw. studienbegleitend \u00fcber l\u00e4ngere Zeit.<\/p><p>Es bleibt abzusprechen und alles ist m\u00f6glich.<\/p><p>Schulung Zuhause und online in der gewohnten Umgebung mit trockenen F\u00fc\u00dfen und ohne l\u00e4stige Parkplatzsuche.<\/p><p>Keinerlei Pr\u00fcfungs- oder Anmeldegeb\u00fchren, das ist n\u00e4mlich selbstverst\u00e4ndlich.<\/p><p>Hier haben wir einige Kursbeispiele.<\/p><p><strong>Schwerpunkte sind auch von Teilnehmern zu bestimmen: <\/strong>\u00a0<\/p><p>Einf\u00fchrung in die Englische Grammatik (Grundstruktur, Verben, Nomen, Plural, Zeiten, Pr\u00e4positionen, usw.)<\/p><p>Erarbeitung englischer Texte, Konversationen f\u00fchren, Schreiben, Reden, pr\u00e4sentieren, uvm.<\/p><p>Da eine Verbesserung sehr individuell ist, ist auch der Unterricht sehr individuell und wird des Weiteren auf die jeweiligen Gruppen abgestimmt.<\/p><p>Zus\u00e4tzliche Auslagen: Buch<\/p><p><strong>Keine<\/strong>\u00a0Pr\u00fcfungsgeb\u00fchren<\/p><p><strong>Keine<\/strong>\u00a0Anmeldegeb\u00fchren<\/p>\t\t\t\t\t\t\t\t<\/div>\n\t\t\t\t<\/div>\n\t\t<div class=\"elementor-element elementor-element-3802db1 e-transform e-flex e-con-boxed e-con e-child\" data-id=\"3802db1\" data-element_type=\"container\" data-e-type=\"container\" data-settings=\"{&quot;_transform_translateY_effect_hover&quot;:{&quot;unit&quot;:&quot;px&quot;,&quot;size&quot;:-5,&quot;sizes&quot;:[]},&quot;_transform_translateX_effect_hover&quot;:{&quot;unit&quot;:&quot;px&quot;,&quot;size&quot;:&quot;&quot;,&quot;sizes&quot;:[]},&quot;_transform_translateX_effect_hover_tablet&quot;:{&quot;unit&quot;:&quot;px&quot;,&quot;size&quot;:&quot;&quot;,&quot;sizes&quot;:[]},&quot;_transform_translateX_effect_hover_mobile&quot;:{&quot;unit&quot;:&quot;px&quot;,&quot;size&quot;:&quot;&quot;,&quot;sizes&quot;:[]},&quot;_transform_translateY_effect_hover_tablet&quot;:{&quot;unit&quot;:&quot;px&quot;,&quot;size&quot;:&quot;&quot;,&quot;sizes&quot;:[]},&quot;_transform_translateY_effect_hover_mobile&quot;:{&quot;unit&quot;:&quot;px&quot;,&quot;size&quot;:&quot;&quot;,&quot;sizes&quot;:[]}}\">\n\t\t\t\t\t<div class=\"e-con-inner\">\n\t\t<div class=\"elementor-element elementor-element-df30c38 e-flex e-con-boxed e-con e-child\" data-id=\"df30c38\" data-element_type=\"container\" data-e-type=\"container\" data-settings=\"{&quot;background_background&quot;:&quot;classic&quot;}\">\n\t\t\t\t\t<div class=\"e-con-inner\">\n\t\t\t\t<div class=\"elementor-element elementor-element-1fbdb66 elementor-view-stacked elementor-shape-circle elementor-widget elementor-widget-icon\" data-id=\"1fbdb66\" data-element_type=\"widget\" data-e-type=\"widget\" data-widget_type=\"icon.default\">\n\t\t\t\t<div class=\"elementor-widget-container\">\n\t\t\t\t\t\t\t<div class=\"elementor-icon-wrapper\">\n\t\t\t<a class=\"elementor-icon\" href=\"https:\/\/www.gawehn-art.com\/\" target=\"_blank\" rel=\"noopener\">\n\t\t\t<svg aria-hidden=\"true\" class=\"e-font-icon-svg e-fas-adjust\" viewBox=\"0 0 512 512\" xmlns=\"http:\/\/www.w3.org\/2000\/svg\"><path d=\"M8 256c0 136.966 111.033 248 248 248s248-111.034 248-248S392.966 8 256 8 8 119.033 8 256zm248 184V72c101.705 0 184 82.311 184 184 0 101.705-82.311 184-184 184z\"><\/path><\/svg>\t\t\t<\/a>\n\t\t<\/div>\n\t\t\t\t\t\t<\/div>\n\t\t\t\t<\/div>\n\t\t\t\t\t<\/div>\n\t\t\t\t<\/div>\n\t\t\t\t\t<\/div>\n\t\t\t\t<\/div>\n\t\t<div class=\"elementor-element elementor-element-7770e50 e-con-full e-flex e-con e-child\" data-id=\"7770e50\" data-element_type=\"container\" data-e-type=\"container\">\n\t\t\t\t<div class=\"elementor-element elementor-element-4d339aa elementor-widget elementor-widget-heading\" data-id=\"4d339aa\" data-element_type=\"widget\" data-e-type=\"widget\" data-widget_type=\"heading.default\">\n\t\t\t\t<div class=\"elementor-widget-container\">\n\t\t\t\t\t<h2 class=\"elementor-heading-title elementor-size-default\"><a href=\"https:\/\/allboutenglish.de\/leistungen\/sprachkurse-in-aachen-abe-sorgenfrei\/\">Englisch f\u00fcr Fortgeschrittene Wirtschaftsenglisch und Englisch abgestimmt auf spezielle Bed\u00fcrfnisse<\/a><\/h2>\t\t\t\t<\/div>\n\t\t\t\t<\/div>\n\t\t\t\t<\/div>\n\t\t\t\t<div class=\"elementor-element elementor-element-50c9ca7 elementor-widget elementor-widget-text-editor\" data-id=\"50c9ca7\" data-element_type=\"widget\" data-e-type=\"widget\" data-widget_type=\"text-editor.default\">\n\t\t\t\t<div class=\"elementor-widget-container\">\n\t\t\t\t\t\t\t\t\t<p>International ist das Beherrschen der englischen Sprache unentbehrlich geworden \u2026 ob am Flughafen, am\/ auf dem Schiff, in der Bahn, auf Gesch\u00e4ftsreise, im Hotel, im Meeting oder im Pub \u2026 In diesem Level vertiefen wir gemeinsam Ihre bisherigen Englischkenntnisse.\u00a0<\/p><p><strong>Schwerpunkte sind:<\/strong> Wiederholung grammatischer Strukturen (Zeiten, Verben, Pr\u00e4positionen, Fragen, Passiv \u2013 Aktiv, wann sollte man was verwenden \u2026), Wortschatzvertiefung, bzw. -aneignung, Individuelles Fachenglisch, Situationsabh\u00e4ngige Redewendung, Grammatische Strukturen, Individuelle F\u00f6rderung, Aussprache \/ Kommunikation, Telefongespr\u00e4che Briefe und E-Mails, Meetings.<\/p><p>Zus\u00e4tzliche Auslagen: Buch<\/p><p><strong>Keine<\/strong>\u00a0Pr\u00fcfungsgeb\u00fchren<\/p><p><strong>Keine<\/strong>\u00a0Anmeldegeb\u00fchren<\/p>\t\t\t\t\t\t\t\t<\/div>\n\t\t\t\t<\/div>\n\t\t\t\t<div class=\"elementor-element elementor-element-257cc3f elementor-widget elementor-widget-heading\" data-id=\"257cc3f\" data-element_type=\"widget\" data-e-type=\"widget\" data-widget_type=\"heading.default\">\n\t\t\t\t<div class=\"elementor-widget-container\">\n\t\t\t\t\t<h3 class=\"elementor-heading-title elementor-size-default\">Business Englisch f\u00fcr Fachleute<\/h3>\t\t\t\t<\/div>\n\t\t\t\t<\/div>\n\t\t\t\t<div class=\"elementor-element elementor-element-a4a4f6c elementor-widget elementor-widget-text-editor\" data-id=\"a4a4f6c\" data-element_type=\"widget\" data-e-type=\"widget\" data-widget_type=\"text-editor.default\">\n\t\t\t\t<div class=\"elementor-widget-container\">\n\t\t\t\t\t\t\t\t\t<p>Sind Ihre englischen F\u00e4higkeiten bereits so weit aufgebaut, dass Sie problemlos eine Konversation f\u00fchren k\u00f6nnen, so ist der Kurs f\u00fcr Fachleute geeignet f\u00fcr Sie.<\/p><p>Hier lernen wir weiterf\u00fchrende Konversation und gehen ebenfalls auf das jeweilige Berufsfeld ein, in welchem Sie Fu\u00df fassen m\u00f6chten.\u00a0<\/p><p><strong>Der Inhalt des Levels ist:<\/strong>\u00a0<\/p><p>Grammatik, Semantik, Kommunikation, Textverst\u00e4ndnis h\u00f6heren Grades, Telefon, Briefe, Mails, Meetings, Kundenkontakt, Analysen von engl. Texten, Diagramme, Richtlinien, Schreiben.<\/p><p>Zus\u00e4tzliche Auslagen: Buch<\/p><p><strong>Keine<\/strong>\u00a0Pr\u00fcfungsgeb\u00fchren<\/p><p><strong>Keine<\/strong>\u00a0Anmeldegeb\u00fchren<\/p>\t\t\t\t\t\t\t\t<\/div>\n\t\t\t\t<\/div>\n\t\t<div class=\"elementor-element elementor-element-28fc8a9 e-con-full e-flex e-con e-child\" data-id=\"28fc8a9\" data-element_type=\"container\" data-e-type=\"container\" data-settings=\"{&quot;background_background&quot;:&quot;classic&quot;}\">\n\t\t\t\t<div class=\"elementor-element elementor-element-e22eaf0 elementor-widget elementor-widget-heading\" data-id=\"e22eaf0\" data-element_type=\"widget\" data-e-type=\"widget\" data-widget_type=\"heading.default\">\n\t\t\t\t<div class=\"elementor-widget-container\">\n\t\t\t\t\t<h4 class=\"elementor-heading-title elementor-size-default\">Ausz\u00fcge aus der gro\u00dfen Palette:\n\nEnglisch f\u00fcr den internationalen Handel 1, Englisch f\u00fcr den internationalen Handel 2, Englisch f\u00fcr technische Berufe.<\/h4>\t\t\t\t<\/div>\n\t\t\t\t<\/div>\n\t\t\t\t<\/div>\n\t\t\t\t\t<\/div>\n\t\t\t\t<\/div>\n\t\t\t\t\t<\/div>\n\t\t\t\t<\/div>\n\t\t\t\t<\/div>\n\t\t","protected":false},"excerpt":{"rendered":"<p>Schulung Englisch und\/ oder Deutsch Schulung-Kursbeispiele &#8211; Kleingruppen als Zielgruppen Deutsch und\/ oder Englisch-Schulung-Kursbeispiele: Kleingruppen als Zielgruppe (m\u00f6glichst nur bis zu 4 &#8211; 8 Personen). Aller Anfang ist schwer, aber mit Ihrem Willen und unserer fachlichen Kompetenz ist es fraglos zu meistern. Ob entweder in einem Blockseminar \u00fcber 2 kompakte Monate oder berufs- bzw. studienbegleitend [&hellip;]<\/p>\n","protected":false},"author":1,"featured_media":0,"parent":399,"menu_order":1,"comment_status":"closed","ping_status":"closed","template":"","meta":{"footnotes":""},"class_list":["post-409","page","type-page","status-publish","hentry"],"_links":{"self":[{"href":"https:\/\/allboutenglish.de\/de_de_formal\/wp-json\/wp\/v2\/pages\/409","targetHints":{"allow":["GET"]}}],"collection":[{"href":"https:\/\/allboutenglish.de\/de_de_formal\/wp-json\/wp\/v2\/pages"}],"about":[{"href":"https:\/\/allboutenglish.de\/de_de_formal\/wp-json\/wp\/v2\/types\/page"}],"author":[{"embeddable":true,"href":"https:\/\/allboutenglish.de\/de_de_formal\/wp-json\/wp\/v2\/users\/1"}],"replies":[{"embeddable":true,"href":"https:\/\/allboutenglish.de\/de_de_formal\/wp-json\/wp\/v2\/comments?post=409"}],"version-history":[{"count":147,"href":"https:\/\/allboutenglish.de\/de_de_formal\/wp-json\/wp\/v2\/pages\/409\/revisions"}],"predecessor-version":[{"id":2413,"href":"https:\/\/allboutenglish.de\/de_de_formal\/wp-json\/wp\/v2\/pages\/409\/revisions\/2413"}],"up":[{"embeddable":true,"href":"https:\/\/allboutenglish.de\/de_de_formal\/wp-json\/wp\/v2\/pages\/399"}],"wp:attachment":[{"href":"https:\/\/allboutenglish.de\/de_de_formal\/wp-json\/wp\/v2\/media?parent=409"}],"curies":[{"name":"wp","href":"https:\/\/api.w.org\/{rel}","templated":true}]}}