{"id":411,"date":"2024-03-04T15:15:00","date_gmt":"2024-03-04T14:15:03","guid":{"rendered":"https:\/\/allboutenglish.de\/firmen\/"},"modified":"2025-10-30T22:27:34","modified_gmt":"2025-10-30T21:27:34","slug":"firmenkurse-e-d","status":"publish","type":"page","link":"https:\/\/allboutenglish.de\/de_de_formal\/leistungen\/sprachkurse-in-aachen\/firmenkurse-e-d\/","title":{"rendered":"Firmenkurse &#8211; sofort effektiv und professionell"},"content":{"rendered":"\t\t<div data-elementor-type=\"wp-page\" data-elementor-id=\"411\" class=\"elementor elementor-411\" data-elementor-post-type=\"page\">\n\t\t\t\t<div class=\"elementor-element elementor-element-66863fe e-flex e-con-boxed e-con e-parent\" data-id=\"66863fe\" data-element_type=\"container\" data-e-type=\"container\" data-settings=\"{&quot;background_background&quot;:&quot;slideshow&quot;,&quot;background_slideshow_gallery&quot;:[{&quot;id&quot;:142,&quot;url&quot;:&quot;https:\\\/\\\/allboutenglish.de\\\/wp-content\\\/uploads\\\/2024\\\/03\\\/Unbenanntes_Panorama1.jpg&quot;},{&quot;id&quot;:143,&quot;url&quot;:&quot;https:\\\/\\\/allboutenglish.de\\\/wp-content\\\/uploads\\\/2024\\\/03\\\/Unbenanntes_Panorama3.jpg&quot;},{&quot;id&quot;:145,&quot;url&quot;:&quot;https:\\\/\\\/allboutenglish.de\\\/wp-content\\\/uploads\\\/2024\\\/03\\\/Unbenanntes_Panorama2.jpg&quot;},{&quot;id&quot;:146,&quot;url&quot;:&quot;https:\\\/\\\/allboutenglish.de\\\/wp-content\\\/uploads\\\/2024\\\/03\\\/20140321_London_0299.jpg&quot;},{&quot;id&quot;:144,&quot;url&quot;:&quot;https:\\\/\\\/allboutenglish.de\\\/wp-content\\\/uploads\\\/2024\\\/03\\\/Unbenanntes_Panorama4-scaled.jpg&quot;},{&quot;id&quot;:141,&quot;url&quot;:&quot;https:\\\/\\\/allboutenglish.de\\\/wp-content\\\/uploads\\\/2024\\\/03\\\/Unbenanntes_Panorama7-scaled.jpg&quot;},{&quot;id&quot;:140,&quot;url&quot;:&quot;https:\\\/\\\/allboutenglish.de\\\/wp-content\\\/uploads\\\/2024\\\/03\\\/Unbenanntes_Panorama6.jpg&quot;},{&quot;id&quot;:459,&quot;url&quot;:&quot;https:\\\/\\\/allboutenglish.de\\\/wp-content\\\/uploads\\\/2024\\\/03\\\/IMAG3020-1-1-e1406582335118.jpg&quot;},{&quot;id&quot;:301,&quot;url&quot;:&quot;https:\\\/\\\/allboutenglish.de\\\/wp-content\\\/uploads\\\/2024\\\/03\\\/rftu-10.jpg&quot;},{&quot;id&quot;:466,&quot;url&quot;:&quot;https:\\\/\\\/allboutenglish.de\\\/wp-content\\\/uploads\\\/2024\\\/03\\\/P9280048-e1406581778351.jpg&quot;}],&quot;background_slideshow_transition_duration&quot;:1000,&quot;background_slideshow_ken_burns&quot;:&quot;yes&quot;,&quot;background_slideshow_loop&quot;:&quot;yes&quot;,&quot;background_slideshow_slide_duration&quot;:5000,&quot;background_slideshow_slide_transition&quot;:&quot;fade&quot;,&quot;background_slideshow_ken_burns_zoom_direction&quot;:&quot;in&quot;}\">\n\t\t\t\t\t<div class=\"e-con-inner\">\n\t\t\t\t\t<\/div>\n\t\t\t\t<\/div>\n\t\t<div class=\"elementor-element elementor-element-52878ca e-flex e-con-boxed e-con e-parent\" data-id=\"52878ca\" data-element_type=\"container\" data-e-type=\"container\">\n\t\t\t\t\t<div class=\"e-con-inner\">\n\t\t<div class=\"elementor-element elementor-element-86379d6 e-con-full e-flex e-con e-child\" data-id=\"86379d6\" data-element_type=\"container\" data-e-type=\"container\" data-settings=\"{&quot;background_background&quot;:&quot;classic&quot;}\">\n\t\t<div class=\"elementor-element elementor-element-831adea e-con-full e-flex e-con e-child\" data-id=\"831adea\" data-element_type=\"container\" data-e-type=\"container\">\n\t\t\t\t<div class=\"elementor-element elementor-element-011baa0 elementor-widget elementor-widget-heading\" data-id=\"011baa0\" data-element_type=\"widget\" data-e-type=\"widget\" data-widget_type=\"heading.default\">\n\t\t\t\t<div class=\"elementor-widget-container\">\n\t\t\t\t\t<h1 class=\"elementor-heading-title elementor-size-default\">Firmenkurse<\/h1>\t\t\t\t<\/div>\n\t\t\t\t<\/div>\n\t\t\t\t<\/div>\n\t\t<div class=\"elementor-element elementor-element-3ccba77 e-con-full e-flex e-con e-child\" data-id=\"3ccba77\" data-element_type=\"container\" data-e-type=\"container\">\n\t\t\t\t<div class=\"elementor-element elementor-element-0cc3ba6 elementor-widget elementor-widget-shortcode\" data-id=\"0cc3ba6\" data-element_type=\"widget\" data-e-type=\"widget\" data-widget_type=\"shortcode.default\">\n\t\t\t\t<div class=\"elementor-widget-container\">\n\t\t\t\t\t\t\t<div class=\"elementor-shortcode\"><nav aria-label=\"breadcrumbs\" class=\"rank-math-breadcrumb\"><p><span class=\"last\">Startseite<\/span><\/p><\/nav><\/div>\n\t\t\t\t\t\t<\/div>\n\t\t\t\t<\/div>\n\t\t\t\t<div class=\"elementor-element elementor-element-9f224f5 elementor-search-form--skin-minimal elementor-widget elementor-widget-search-form\" data-id=\"9f224f5\" data-element_type=\"widget\" data-e-type=\"widget\" data-settings=\"{&quot;skin&quot;:&quot;minimal&quot;}\" data-widget_type=\"search-form.default\">\n\t\t\t\t<div class=\"elementor-widget-container\">\n\t\t\t\t\t\t\t<search role=\"search\">\n\t\t\t<form class=\"elementor-search-form\" action=\"https:\/\/allboutenglish.de\/de_de_formal\" method=\"get\">\n\t\t\t\t\t\t\t\t\t\t\t\t<div class=\"elementor-search-form__container\">\n\t\t\t\t\t<label class=\"elementor-screen-only\" for=\"elementor-search-form-9f224f5\">Suche<\/label>\n\n\t\t\t\t\t\t\t\t\t\t\t<div class=\"elementor-search-form__icon\">\n\t\t\t\t\t\t\t<div class=\"e-font-icon-svg-container\"><svg aria-hidden=\"true\" class=\"e-font-icon-svg e-fas-search\" viewBox=\"0 0 512 512\" xmlns=\"http:\/\/www.w3.org\/2000\/svg\"><path d=\"M505 442.7L405.3 343c-4.5-4.5-10.6-7-17-7H372c27.6-35.3 44-79.7 44-128C416 93.1 322.9 0 208 0S0 93.1 0 208s93.1 208 208 208c48.3 0 92.7-16.4 128-44v16.3c0 6.4 2.5 12.5 7 17l99.7 99.7c9.4 9.4 24.6 9.4 33.9 0l28.3-28.3c9.4-9.4 9.4-24.6.1-34zM208 336c-70.7 0-128-57.2-128-128 0-70.7 57.2-128 128-128 70.7 0 128 57.2 128 128 0 70.7-57.2 128-128 128z\"><\/path><\/svg><\/div>\t\t\t\t\t\t\t<span class=\"elementor-screen-only\">Suche<\/span>\n\t\t\t\t\t\t<\/div>\n\t\t\t\t\t\n\t\t\t\t\t<input id=\"elementor-search-form-9f224f5\" placeholder=\"Search\" class=\"elementor-search-form__input\" type=\"search\" name=\"s\" value=\"\">\n\t\t\t\t\t\n\t\t\t\t\t\n\t\t\t\t\t\t\t\t\t<\/div>\n\t\t\t<\/form>\n\t\t<\/search>\n\t\t\t\t\t\t<\/div>\n\t\t\t\t<\/div>\n\t\t\t\t<\/div>\n\t\t\t\t<\/div>\n\t\t\t\t\t<\/div>\n\t\t\t\t<\/div>\n\t\t<div class=\"elementor-element elementor-element-da4ece1 e-flex e-con-boxed e-con e-parent\" data-id=\"da4ece1\" data-element_type=\"container\" data-e-type=\"container\">\n\t\t\t\t\t<div class=\"e-con-inner\">\n\t\t\t\t<div class=\"elementor-element elementor-element-b70af28 elementor-widget elementor-widget-text-editor\" data-id=\"b70af28\" data-element_type=\"widget\" data-e-type=\"widget\" data-widget_type=\"text-editor.default\">\n\t\t\t\t<div class=\"elementor-widget-container\">\n\t\t\t\t\t\t\t\t\t<h3 style=\"text-align: center;\">Warum <b><i>AllboutEnglish <\/i>f\u00fcr Firmenkurse<\/b><i>?<\/i><\/h3>\n<p>Weil wir nicht nur unterrichten \u2013 wir retten Gesch\u00e4ftsdeals, entsch\u00e4rfen peinliche Meetings und machen Ihre Mitarbeitenden sprachlich fit f\u00fcr die echte Welt.<\/p>\t\t\t\t\t\t\t\t<\/div>\n\t\t\t\t<\/div>\n\t\t\t\t\t<\/div>\n\t\t\t\t<\/div>\n\t\t<div class=\"elementor-element elementor-element-a2b2a85 e-flex e-con-boxed e-con e-parent\" data-id=\"a2b2a85\" data-element_type=\"container\" data-e-type=\"container\">\n\t\t\t\t\t<div class=\"e-con-inner\">\n\t\t\t\t<div class=\"elementor-element elementor-element-9c8e3da elementor-widget elementor-widget-heading\" data-id=\"9c8e3da\" data-element_type=\"widget\" data-e-type=\"widget\" data-widget_type=\"heading.default\">\n\t\t\t\t<div class=\"elementor-widget-container\">\n\t\t\t\t\t<h2 class=\"elementor-heading-title elementor-size-default\"><a href=\"https:\/\/wortliga.de\/glossar\/sprachbarriere\/\" target=\"_blank\" rel=\"noopener\">Sprachkurse f\u00fcr Firmen \u2013 Schluss mit Sprachbarrieren!<\/a><\/h2>\t\t\t\t<\/div>\n\t\t\t\t<\/div>\n\t\t\t\t\t<\/div>\n\t\t\t\t<\/div>\n\t\t<div class=\"elementor-element elementor-element-49740ae e-flex e-con-boxed e-con e-parent\" data-id=\"49740ae\" data-element_type=\"container\" data-e-type=\"container\">\n\t\t\t\t\t<div class=\"e-con-inner\">\n\t\t\t\t<div class=\"elementor-element elementor-element-9b26837 elementor-widget elementor-widget-image\" data-id=\"9b26837\" data-element_type=\"widget\" data-e-type=\"widget\" data-widget_type=\"image.default\">\n\t\t\t\t<div class=\"elementor-widget-container\">\n\t\t\t\t\t\t\t\t\t\t\t\t\t\t\t<img fetchpriority=\"high\" decoding=\"async\" width=\"800\" height=\"200\" src=\"https:\/\/allboutenglish.de\/wp-content\/uploads\/2024\/03\/P9280048-e1406581778351.jpg\" class=\"attachment-large size-large wp-image-466\" alt=\"Ein beiges Geb\u00e4ude Firmenkurse Englisch f\u00fcr Pflegekr\u00e4fte in Aachen Business English Meetings E-Mails Pr\u00e4sentationen f\u00fcr Selbstst\u00e4ndige Angestellte und F\u00fchrungskr\u00e4fte Academic English Hausarbeiten Vortr\u00e4ge Studienbewerbungen f\u00fcr Studierende und Forschende Medical English Pflegekr\u00e4fte \u00c4rzte Therapeuten f\u00fcr Dokumentation Patientengespr\u00e4che Fortbildung Technical English Mechatronik Maschinenbau Elektrotechnik klare Kommunikation in Handb\u00fcchern Schulungen Engineering English Bauingenieure Konstrukteure Projektleiter Pl\u00e4ne Berichte internationale Meetings Scientific English Forscher Laborteams Publikationen Abstracts Studien Konferenzbeitr\u00e4ge IT &amp; Software English Entwickler Admins Support Dokumentation Tickets internationale Kommunikation Logistics English Spedition Lager Transport Lieferketten Zoll Kundenkontakt Laboratory English Chemie Biologie Medizin Versuchsdokumentation Sicherheitsprotokolle Safety &amp; Compliance English Arbeitsschutz Qualit\u00e4tsmanagement Richtlinien Audits Schulungen English for Skilled Trades Handwerker Techniker Monteure Angebote Baustellenkommunikation Kundenkontakt\" srcset=\"https:\/\/allboutenglish.de\/wp-content\/uploads\/2024\/03\/P9280048-e1406581778351.jpg 820w, https:\/\/allboutenglish.de\/wp-content\/uploads\/2024\/03\/P9280048-e1406581778351-300x75.jpg 300w, https:\/\/allboutenglish.de\/wp-content\/uploads\/2024\/03\/P9280048-e1406581778351-768x192.jpg 768w\" sizes=\"(max-width: 800px) 100vw, 800px\" \/>\t\t\t\t\t\t\t\t\t\t\t\t\t\t\t<\/div>\n\t\t\t\t<\/div>\n\t\t\t\t<div class=\"elementor-element elementor-element-43c8da2 elementor-widget elementor-widget-heading\" data-id=\"43c8da2\" data-element_type=\"widget\" data-e-type=\"widget\" data-widget_type=\"heading.default\">\n\t\t\t\t<div class=\"elementor-widget-container\">\n\t\t\t\t\t<h2 class=\"elementor-heading-title elementor-size-default\">Typische Szenarien, die wir \u00e4ndern wollen - Schluss mit Misserfolgen:<\/h2>\t\t\t\t<\/div>\n\t\t\t\t<\/div>\n\t\t\t\t\t<\/div>\n\t\t\t\t<\/div>\n\t\t<div class=\"elementor-element elementor-element-8bfb704 e-flex e-con-boxed e-con e-parent\" data-id=\"8bfb704\" data-element_type=\"container\" data-e-type=\"container\">\n\t\t\t\t\t<div class=\"e-con-inner\">\n\t\t\t\t<div class=\"elementor-element elementor-element-1757199 elementor-widget elementor-widget-text-editor\" data-id=\"1757199\" data-element_type=\"widget\" data-e-type=\"widget\" data-widget_type=\"text-editor.default\">\n\t\t\t\t<div class=\"elementor-widget-container\">\n\t\t\t\t\t\t\t\t\t<ul><li><p>Der Kunde spricht Englisch \u2013 Ihre Mitarbeitenden schauen betreten auf den Boden.<\/p><\/li><li><p>Der Deal platzt \u2013 nur weil niemand verstanden hat, worum\u2019s ging.<\/p><\/li><li><p>Sie zahlen teure Dolmetscher \u2013 f\u00fcr jedes kleine Projekt? Muss nicht sein.<\/p><\/li><\/ul><div>\u00a0<\/div>\t\t\t\t\t\t\t\t<\/div>\n\t\t\t\t<\/div>\n\t\t\t\t\t<\/div>\n\t\t\t\t<\/div>\n\t\t<div class=\"elementor-element elementor-element-377361b e-flex e-con-boxed e-con e-parent\" data-id=\"377361b\" data-element_type=\"container\" data-e-type=\"container\">\n\t\t\t\t\t<div class=\"e-con-inner\">\n\t\t\t\t<div class=\"elementor-element elementor-element-995caeb elementor-widget elementor-widget-heading\" data-id=\"995caeb\" data-element_type=\"widget\" data-e-type=\"widget\" data-widget_type=\"heading.default\">\n\t\t\t\t<div class=\"elementor-widget-container\">\n\t\t\t\t\t<h2 class=\"elementor-heading-title elementor-size-default\">Warum Sprachkompetenz heute \u00fcber Erfolg oder Misserfolg entscheidet?\n\nIn einer globalisierten Gesch\u00e4ftswelt ist Sprache nicht nur Mittel zum Zweck \u2013 sie ist strategischer Erfolgsfaktor. Missverst\u00e4ndnisse kosten nicht nur Zeit, sondern oft auch Vertrauen, Kunden und Geld. Ein einziger falsch verstandener Satz kann einen Deal kippen. Eine verunsicherte Mitarbeiterin kann ein Projekt ins Stocken bringen.<\/h2>\t\t\t\t<\/div>\n\t\t\t\t<\/div>\n\t\t\t\t\t<\/div>\n\t\t\t\t<\/div>\n\t\t<div class=\"elementor-element elementor-element-5b27bb1 e-flex e-con-boxed e-con e-parent\" data-id=\"5b27bb1\" data-element_type=\"container\" data-e-type=\"container\">\n\t\t\t\t\t<div class=\"e-con-inner\">\n\t\t\t\t<div class=\"elementor-element elementor-element-1d83081 elementor-widget elementor-widget-text-editor\" data-id=\"1d83081\" data-element_type=\"widget\" data-e-type=\"widget\" data-widget_type=\"text-editor.default\">\n\t\t\t\t<div class=\"elementor-widget-container\">\n\t\t\t\t\t\t\t\t\t<p><strong>Die Realit\u00e4t in vielen Unternehmen<\/strong><\/p>\n<ul>\n<li>\n<p>Meetings verlaufen holprig, weil niemand sich traut, auf Englisch zu sprechen<\/p>\n<\/li>\n<li>\n<p>Kunden springen ab, weil E-Mails unklar oder unprofessionell formuliert sind<\/p>\n<\/li>\n<li>\n<p>Fachkr\u00e4fte f\u00fchlen sich \u00fcberfordert, weil sie sprachlich nicht mitziehen k\u00f6nnen<\/p>\n<\/li>\n<li>\n<p>F\u00fchrungskr\u00e4fte m\u00fcssen st\u00e4ndig einspringen \u2013 oder teure Dolmetscher buchen<\/p>\n<\/li>\n<\/ul>\n<p>Das Ergebnis: Frust, Zeitverlust, verpasste Chancen.<\/p>\n<h3>&nbsp;<\/h3>\n<p><b>Wie <em>ABE<\/em> Ihre Firma rettet &#8211; konkret und nachhaltig mit Firmenkursen<\/b><\/p>\n<p><em>AllboutEnglish<\/em> bietet keine Standardkurse, sondern gezielte Intervention:<\/p>\n<ul>\n<li>\n<p>Wir analysieren Ihre Schwachstellen \u2013 diskret und professionell<\/p>\n<\/li>\n<li>\n<p>Wir schulen Ihre Mitarbeitenden dort, wo es wirklich z\u00e4hlt: im echten Arbeitskontext<\/p>\n<\/li>\n<li>\n<p>Wir st\u00e4rken Selbstbewusstsein, Ausdruckskraft und interkulturelle Kompetenz<\/p>\n<\/li>\n<li>\n<p>Wir sorgen daf\u00fcr, dass Ihre Firma souver\u00e4n kommuniziert \u2013 intern wie extern<\/p>\n<\/li>\n<\/ul>\n<p>Das spart Geld, st\u00e4rkt Ihr Image und \u00f6ffnet T\u00fcren, die bisher verschlossen waren.<\/p>\n<p><strong><br><\/strong><\/p><p><strong>Der L\u00f6sungsweg &#8211; klar und effizient<\/strong><\/p>\n<ol start=\"1\">\n<li>\n<p><strong>Kontaktaufnahme:<\/strong> Sie schildern Ihre Situation \u2013 wir h\u00f6ren zu. <b>Der L\u00f6sungsweg &#8211; klar und effizient<\/b>&nbsp;<\/p>\n<\/li>\n<li>\n<p><strong>Bedarfsanalyse:<\/strong> Wir identifizieren die sprachlichen Engp\u00e4sse in Ihrem Team.<\/p>\n<\/li>\n<li>\n<p><strong>Kursdesign:<\/strong> Ma\u00dfgeschneiderte Inhalte, abgestimmt auf Branche, Niveau und Ziel.<\/p>\n<\/li>\n<li>\n<p><strong>Training:<\/strong> Vor Ort oder online \u2013 praxisnah, motivierend und sofort wirksam.<\/p>\n<\/li>\n<li>\n<p><strong>Nachhaltigkeit:<\/strong> Feedback, Follow-up und Empfehlungen f\u00fcr langfristigen Erfolg.<span style=\"background-color: transparent;\">&nbsp;<\/span><\/p><\/li>\n<\/ol>\n<p><strong><br><\/strong><\/p><p><strong>Jetzt handeln &#8211; bevor der n\u00e4chste Deal scheitert &#8211; buchen Sie jetzt Firmenkurse bei <em>ABE<\/em><\/strong><\/p>\n<p>Warten Sie nicht, bis die n\u00e4chste E-Mail falsch verstanden wird. Investieren Sie in die Sprachkompetenz Ihrer Mitarbeitenden \u2013 und damit in die Zukunft Ihres Unternehmens. <a href=\"https:\/\/allboutenglish.de\/kontakt-zu-allboutenglish\/\"><strong>Kontaktieren Sie uns jetzt<\/strong><\/a> f\u00fcr ein unverbindliches Erstgespr\u00e4ch f\u00fcr einen Firmenkurs. Wir machen Ihre Firma sprachlich fit \u2013 mit Herz, Struktur und Wirkung.<\/p>\t\t\t\t\t\t\t\t<\/div>\n\t\t\t\t<\/div>\n\t\t\t\t\t<\/div>\n\t\t\t\t<\/div>\n\t\t<div class=\"elementor-element elementor-element-3f98e82 e-con-full e-flex e-con e-parent\" data-id=\"3f98e82\" data-element_type=\"container\" data-e-type=\"container\">\n\t\t\t\t<div class=\"elementor-element elementor-element-473910c elementor-widget elementor-widget-image\" data-id=\"473910c\" data-element_type=\"widget\" data-e-type=\"widget\" data-widget_type=\"image.default\">\n\t\t\t\t<div class=\"elementor-widget-container\">\n\t\t\t\t\t\t\t\t\t\t\t\t\t\t\t<img decoding=\"async\" width=\"259\" height=\"194\" src=\"https:\/\/allboutenglish.de\/wp-content\/uploads\/2024\/03\/rftu-33.jpg\" class=\"attachment-2048x2048 size-2048x2048 wp-image-320\" alt=\"Firmenkurse\" \/>\t\t\t\t\t\t\t\t\t\t\t\t\t\t\t<\/div>\n\t\t\t\t<\/div>\n\t\t\t\t<\/div>\n\t\t\t\t<\/div>\n\t\t","protected":false},"excerpt":{"rendered":"<p>Firmenkurse Warum AllboutEnglish f\u00fcr Firmenkurse? Weil wir nicht nur unterrichten \u2013 wir retten Gesch\u00e4ftsdeals, entsch\u00e4rfen peinliche Meetings und machen Ihre Mitarbeitenden sprachlich fit f\u00fcr die echte Welt. Sprachkurse f\u00fcr Firmen \u2013 Schluss mit Sprachbarrieren! Typische Szenarien, die wir \u00e4ndern wollen &#8211; Schluss mit Misserfolgen: Der Kunde spricht Englisch \u2013 Ihre Mitarbeitenden schauen betreten auf den [&hellip;]<\/p>\n","protected":false},"author":1,"featured_media":577,"parent":399,"menu_order":2,"comment_status":"closed","ping_status":"closed","template":"","meta":{"footnotes":""},"class_list":["post-411","page","type-page","status-publish","has-post-thumbnail","hentry"],"_links":{"self":[{"href":"https:\/\/allboutenglish.de\/de_de_formal\/wp-json\/wp\/v2\/pages\/411","targetHints":{"allow":["GET"]}}],"collection":[{"href":"https:\/\/allboutenglish.de\/de_de_formal\/wp-json\/wp\/v2\/pages"}],"about":[{"href":"https:\/\/allboutenglish.de\/de_de_formal\/wp-json\/wp\/v2\/types\/page"}],"author":[{"embeddable":true,"href":"https:\/\/allboutenglish.de\/de_de_formal\/wp-json\/wp\/v2\/users\/1"}],"replies":[{"embeddable":true,"href":"https:\/\/allboutenglish.de\/de_de_formal\/wp-json\/wp\/v2\/comments?post=411"}],"version-history":[{"count":145,"href":"https:\/\/allboutenglish.de\/de_de_formal\/wp-json\/wp\/v2\/pages\/411\/revisions"}],"predecessor-version":[{"id":2453,"href":"https:\/\/allboutenglish.de\/de_de_formal\/wp-json\/wp\/v2\/pages\/411\/revisions\/2453"}],"up":[{"embeddable":true,"href":"https:\/\/allboutenglish.de\/de_de_formal\/wp-json\/wp\/v2\/pages\/399"}],"wp:featuredmedia":[{"embeddable":true,"href":"https:\/\/allboutenglish.de\/de_de_formal\/wp-json\/wp\/v2\/media\/577"}],"wp:attachment":[{"href":"https:\/\/allboutenglish.de\/de_de_formal\/wp-json\/wp\/v2\/media?parent=411"}],"curies":[{"name":"wp","href":"https:\/\/api.w.org\/{rel}","templated":true}]}}