{"id":413,"date":"2024-03-04T15:15:04","date_gmt":"2024-03-04T14:15:04","guid":{"rendered":"https:\/\/allboutenglish.de\/kindergartenkurse\/"},"modified":"2025-01-24T15:28:45","modified_gmt":"2025-01-24T14:28:45","slug":"kindergartenkurse","status":"publish","type":"page","link":"https:\/\/allboutenglish.de\/de_de_formal\/leistungen\/sprachkurse-in-aachen\/kindergartenkurse\/","title":{"rendered":"Kindergartenkurse"},"content":{"rendered":"\t\t<div data-elementor-type=\"wp-page\" data-elementor-id=\"413\" class=\"elementor elementor-413\" data-elementor-post-type=\"page\">\n\t\t\t\t<div class=\"elementor-element elementor-element-cee78e1 e-flex e-con-boxed e-con e-parent\" data-id=\"cee78e1\" data-element_type=\"container\" data-e-type=\"container\" data-settings=\"{&quot;background_background&quot;:&quot;slideshow&quot;,&quot;background_slideshow_gallery&quot;:[{&quot;id&quot;:142,&quot;url&quot;:&quot;https:\\\/\\\/allboutenglish.de\\\/wp-content\\\/uploads\\\/2024\\\/03\\\/Unbenanntes_Panorama1.jpg&quot;},{&quot;id&quot;:143,&quot;url&quot;:&quot;https:\\\/\\\/allboutenglish.de\\\/wp-content\\\/uploads\\\/2024\\\/03\\\/Unbenanntes_Panorama3.jpg&quot;},{&quot;id&quot;:145,&quot;url&quot;:&quot;https:\\\/\\\/allboutenglish.de\\\/wp-content\\\/uploads\\\/2024\\\/03\\\/Unbenanntes_Panorama2.jpg&quot;},{&quot;id&quot;:146,&quot;url&quot;:&quot;https:\\\/\\\/allboutenglish.de\\\/wp-content\\\/uploads\\\/2024\\\/03\\\/20140321_London_0299.jpg&quot;},{&quot;id&quot;:144,&quot;url&quot;:&quot;https:\\\/\\\/allboutenglish.de\\\/wp-content\\\/uploads\\\/2024\\\/03\\\/Unbenanntes_Panorama4-scaled.jpg&quot;},{&quot;id&quot;:141,&quot;url&quot;:&quot;https:\\\/\\\/allboutenglish.de\\\/wp-content\\\/uploads\\\/2024\\\/03\\\/Unbenanntes_Panorama7-scaled.jpg&quot;},{&quot;id&quot;:140,&quot;url&quot;:&quot;https:\\\/\\\/allboutenglish.de\\\/wp-content\\\/uploads\\\/2024\\\/03\\\/Unbenanntes_Panorama6.jpg&quot;}],&quot;background_slideshow_slide_duration&quot;:7000,&quot;background_slideshow_transition_duration&quot;:1000,&quot;background_slideshow_ken_burns&quot;:&quot;yes&quot;,&quot;background_slideshow_loop&quot;:&quot;yes&quot;,&quot;background_slideshow_slide_transition&quot;:&quot;fade&quot;,&quot;background_slideshow_ken_burns_zoom_direction&quot;:&quot;in&quot;}\">\n\t\t\t\t\t<div class=\"e-con-inner\">\n\t\t\t\t\t<\/div>\n\t\t\t\t<\/div>\n\t\t<div class=\"elementor-element elementor-element-4be5639 e-flex e-con-boxed e-con e-parent\" data-id=\"4be5639\" data-element_type=\"container\" data-e-type=\"container\">\n\t\t\t\t\t<div class=\"e-con-inner\">\n\t\t<div class=\"elementor-element elementor-element-cd86319 e-flex e-con-boxed e-con e-child\" data-id=\"cd86319\" data-element_type=\"container\" data-e-type=\"container\" data-settings=\"{&quot;background_background&quot;:&quot;classic&quot;}\">\n\t\t\t\t\t<div class=\"e-con-inner\">\n\t\t<div class=\"elementor-element elementor-element-1c46ab3 e-con-full e-flex e-con e-child\" data-id=\"1c46ab3\" data-element_type=\"container\" data-e-type=\"container\">\n\t\t\t\t<div class=\"elementor-element elementor-element-8b96eab elementor-widget elementor-widget-heading\" data-id=\"8b96eab\" data-element_type=\"widget\" data-e-type=\"widget\" data-widget_type=\"heading.default\">\n\t\t\t\t<div class=\"elementor-widget-container\">\n\t\t\t\t\t<h1 class=\"elementor-heading-title elementor-size-default\">Kindergartenkurse<\/h1>\t\t\t\t<\/div>\n\t\t\t\t<\/div>\n\t\t\t\t<\/div>\n\t\t<div class=\"elementor-element elementor-element-3b44e75 e-con-full e-flex e-con e-child\" data-id=\"3b44e75\" data-element_type=\"container\" data-e-type=\"container\">\n\t\t\t\t<div class=\"elementor-element elementor-element-bc3c5e1 elementor-widget elementor-widget-shortcode\" data-id=\"bc3c5e1\" data-element_type=\"widget\" data-e-type=\"widget\" data-widget_type=\"shortcode.default\">\n\t\t\t\t<div class=\"elementor-widget-container\">\n\t\t\t\t\t\t\t<div class=\"elementor-shortcode\"><nav aria-label=\"breadcrumbs\" class=\"rank-math-breadcrumb\"><p><span class=\"last\">Startseite<\/span><\/p><\/nav><\/div>\n\t\t\t\t\t\t<\/div>\n\t\t\t\t<\/div>\n\t\t\t\t<div class=\"elementor-element elementor-element-3f96a37 elementor-search-form--skin-minimal elementor-widget elementor-widget-search-form\" data-id=\"3f96a37\" data-element_type=\"widget\" data-e-type=\"widget\" data-settings=\"{&quot;skin&quot;:&quot;minimal&quot;}\" data-widget_type=\"search-form.default\">\n\t\t\t\t<div class=\"elementor-widget-container\">\n\t\t\t\t\t\t\t<search role=\"search\">\n\t\t\t<form class=\"elementor-search-form\" action=\"https:\/\/allboutenglish.de\/de_de_formal\" method=\"get\">\n\t\t\t\t\t\t\t\t\t\t\t\t<div class=\"elementor-search-form__container\">\n\t\t\t\t\t<label class=\"elementor-screen-only\" for=\"elementor-search-form-3f96a37\">Suche<\/label>\n\n\t\t\t\t\t\t\t\t\t\t\t<div class=\"elementor-search-form__icon\">\n\t\t\t\t\t\t\t<div class=\"e-font-icon-svg-container\"><svg aria-hidden=\"true\" class=\"e-font-icon-svg e-fas-search\" viewBox=\"0 0 512 512\" xmlns=\"http:\/\/www.w3.org\/2000\/svg\"><path d=\"M505 442.7L405.3 343c-4.5-4.5-10.6-7-17-7H372c27.6-35.3 44-79.7 44-128C416 93.1 322.9 0 208 0S0 93.1 0 208s93.1 208 208 208c48.3 0 92.7-16.4 128-44v16.3c0 6.4 2.5 12.5 7 17l99.7 99.7c9.4 9.4 24.6 9.4 33.9 0l28.3-28.3c9.4-9.4 9.4-24.6.1-34zM208 336c-70.7 0-128-57.2-128-128 0-70.7 57.2-128 128-128 70.7 0 128 57.2 128 128 0 70.7-57.2 128-128 128z\"><\/path><\/svg><\/div>\t\t\t\t\t\t\t<span class=\"elementor-screen-only\">Suche<\/span>\n\t\t\t\t\t\t<\/div>\n\t\t\t\t\t\n\t\t\t\t\t<input id=\"elementor-search-form-3f96a37\" placeholder=\"Search\" class=\"elementor-search-form__input\" type=\"search\" name=\"s\" value=\"\">\n\t\t\t\t\t\n\t\t\t\t\t\n\t\t\t\t\t\t\t\t\t<\/div>\n\t\t\t<\/form>\n\t\t<\/search>\n\t\t\t\t\t\t<\/div>\n\t\t\t\t<\/div>\n\t\t\t\t<\/div>\n\t\t\t\t\t<\/div>\n\t\t\t\t<\/div>\n\t\t\t\t\t<\/div>\n\t\t\t\t<\/div>\n\t\t<div class=\"elementor-element elementor-element-59db698 e-flex e-con-boxed e-con e-parent\" data-id=\"59db698\" data-element_type=\"container\" data-e-type=\"container\">\n\t\t\t\t\t<div class=\"e-con-inner\">\n\t\t<div class=\"elementor-element elementor-element-e47b543 e-con-full elementor-hidden-mobile e-flex e-con e-child\" data-id=\"e47b543\" data-element_type=\"container\" data-e-type=\"container\">\n\t\t\t\t<div class=\"elementor-element elementor-element-a4879a3 elementor-widget-divider--view-line elementor-widget elementor-widget-divider\" data-id=\"a4879a3\" data-element_type=\"widget\" data-e-type=\"widget\" data-widget_type=\"divider.default\">\n\t\t\t\t<div class=\"elementor-widget-container\">\n\t\t\t\t\t\t\t<div class=\"elementor-divider\">\n\t\t\t<span class=\"elementor-divider-separator\">\n\t\t\t\t\t\t<\/span>\n\t\t<\/div>\n\t\t\t\t\t\t<\/div>\n\t\t\t\t<\/div>\n\t\t\t\t<div class=\"elementor-element elementor-element-342764e elementor-widget-divider--view-line elementor-widget elementor-widget-divider\" data-id=\"342764e\" data-element_type=\"widget\" data-e-type=\"widget\" data-widget_type=\"divider.default\">\n\t\t\t\t<div class=\"elementor-widget-container\">\n\t\t\t\t\t\t\t<div class=\"elementor-divider\">\n\t\t\t<span class=\"elementor-divider-separator\">\n\t\t\t\t\t\t<\/span>\n\t\t<\/div>\n\t\t\t\t\t\t<\/div>\n\t\t\t\t<\/div>\n\t\t\t\t<\/div>\n\t\t<div class=\"elementor-element elementor-element-a7f7486 e-con-full e-flex e-con e-child\" data-id=\"a7f7486\" data-element_type=\"container\" data-e-type=\"container\">\n\t\t\t\t<div class=\"elementor-element elementor-element-412b29a elementor-widget elementor-widget-heading\" data-id=\"412b29a\" data-element_type=\"widget\" data-e-type=\"widget\" data-widget_type=\"heading.default\">\n\t\t\t\t<div class=\"elementor-widget-container\">\n\t\t\t\t\t<h2 class=\"elementor-heading-title elementor-size-default\">Englisch f\u00fcr Kindergarten-Kinder\n<\/h2>\t\t\t\t<\/div>\n\t\t\t\t<\/div>\n\t\t\t\t<\/div>\n\t\t<div class=\"elementor-element elementor-element-80c2e8c e-con-full elementor-hidden-mobile e-flex e-con e-child\" data-id=\"80c2e8c\" data-element_type=\"container\" data-e-type=\"container\">\n\t\t\t\t<div class=\"elementor-element elementor-element-7bdde57 elementor-widget-divider--view-line elementor-widget elementor-widget-divider\" data-id=\"7bdde57\" data-element_type=\"widget\" data-e-type=\"widget\" data-widget_type=\"divider.default\">\n\t\t\t\t<div class=\"elementor-widget-container\">\n\t\t\t\t\t\t\t<div class=\"elementor-divider\">\n\t\t\t<span class=\"elementor-divider-separator\">\n\t\t\t\t\t\t<\/span>\n\t\t<\/div>\n\t\t\t\t\t\t<\/div>\n\t\t\t\t<\/div>\n\t\t\t\t<div class=\"elementor-element elementor-element-c3a4b87 elementor-widget-divider--view-line elementor-widget elementor-widget-divider\" data-id=\"c3a4b87\" data-element_type=\"widget\" data-e-type=\"widget\" data-widget_type=\"divider.default\">\n\t\t\t\t<div class=\"elementor-widget-container\">\n\t\t\t\t\t\t\t<div class=\"elementor-divider\">\n\t\t\t<span class=\"elementor-divider-separator\">\n\t\t\t\t\t\t<\/span>\n\t\t<\/div>\n\t\t\t\t\t\t<\/div>\n\t\t\t\t<\/div>\n\t\t\t\t<\/div>\n\t\t\t\t\t<\/div>\n\t\t\t\t<\/div>\n\t\t<div class=\"elementor-element elementor-element-555e0c6 e-flex e-con-boxed e-con e-parent\" data-id=\"555e0c6\" data-element_type=\"container\" data-e-type=\"container\">\n\t\t\t\t\t<div class=\"e-con-inner\">\n\t\t<div class=\"elementor-element elementor-element-e654c26 e-con-full e-flex e-con e-child\" data-id=\"e654c26\" data-element_type=\"container\" data-e-type=\"container\">\n\t\t\t\t<div class=\"elementor-element elementor-element-67943c0 elementor-widget elementor-widget-image\" data-id=\"67943c0\" data-element_type=\"widget\" data-e-type=\"widget\" data-widget_type=\"image.default\">\n\t\t\t\t<div class=\"elementor-widget-container\">\n\t\t\t\t\t\t\t\t\t\t\t\t<figure class=\"wp-caption\">\n\t\t\t\t\t\t\t\t\t\t<img fetchpriority=\"high\" decoding=\"async\" width=\"291\" height=\"261\" src=\"https:\/\/allboutenglish.de\/wp-content\/uploads\/2024\/03\/kinderbild3.jpg\" class=\"attachment-large size-large wp-image-477\" alt=\"Ein blauer Elefant auf einem gr\u00fcnen Hintergrund.\" \/>\t\t\t\t\t\t\t\t\t\t\t<figcaption class=\"widget-image-caption wp-caption-text\">Elephant<\/figcaption>\n\t\t\t\t\t\t\t\t\t\t<\/figure>\n\t\t\t\t\t\t\t\t\t<\/div>\n\t\t\t\t<\/div>\n\t\t\t\t<div class=\"elementor-element elementor-element-92b0202 elementor-widget elementor-widget-text-editor\" data-id=\"92b0202\" data-element_type=\"widget\" data-e-type=\"widget\" data-widget_type=\"text-editor.default\">\n\t\t\t\t<div class=\"elementor-widget-container\">\n\t\t\t\t\t\t\t\t\t<p>Da wir alle wissen, wie wichtig die englische Sprache ist, und da wir ebenfalls wissen, wie gut kleine Kinder noch die F\u00e4higkeit besitzen, ihrem Gehirn weitere Daten zuzuf\u00fcgen, sollten wir uns nicht die Gelegenheit entgehen lassen, diese Gegebenheit zu nutzen.<\/p>\t\t\t\t\t\t\t\t<\/div>\n\t\t\t\t<\/div>\n\t\t\t\t<\/div>\n\t\t<div class=\"elementor-element elementor-element-c37a53a e-con-full e-flex e-con e-child\" data-id=\"c37a53a\" data-element_type=\"container\" data-e-type=\"container\">\n\t\t\t\t<div class=\"elementor-element elementor-element-b08d214 elementor-widget elementor-widget-image\" data-id=\"b08d214\" data-element_type=\"widget\" data-e-type=\"widget\" data-widget_type=\"image.default\">\n\t\t\t\t<div class=\"elementor-widget-container\">\n\t\t\t\t\t\t\t\t\t\t\t\t<figure class=\"wp-caption\">\n\t\t\t\t\t\t\t\t\t\t\t<a href=\"https:\/\/www.bing.com\/videos\/riverview\/relatedvideo?q=Kinder+und+Trennungsangst+Kindergarten+die+liebe+Hand&#038;mid=3146BBD32F1DF6BF0F903146BBD32F1DF6BF0F90&#038;mcid=3E3D24A5C87243B1B1B1444E0922AB87&#038;FORM=VIRE\" target=\"_blank\" rel=\"noopener\">\n\t\t\t\t\t\t\t<img decoding=\"async\" width=\"291\" height=\"261\" src=\"https:\/\/allboutenglish.de\/wp-content\/uploads\/2024\/03\/kinderbild2.jpg\" class=\"attachment-large size-large wp-image-476\" alt=\"Ein brauner Teddyb\u00e4r auf einer gr\u00fcnen Wiese sitzend mit blauem Himmel-Hintergrund - es ist gezeichnet.\" \/>\t\t\t\t\t\t\t\t<\/a>\n\t\t\t\t\t\t\t\t\t\t\t<figcaption class=\"widget-image-caption wp-caption-text\">Teddy bear<\/figcaption>\n\t\t\t\t\t\t\t\t\t\t<\/figure>\n\t\t\t\t\t\t\t\t\t<\/div>\n\t\t\t\t<\/div>\n\t\t\t\t<div class=\"elementor-element elementor-element-b4bae58 elementor-widget elementor-widget-text-editor\" data-id=\"b4bae58\" data-element_type=\"widget\" data-e-type=\"widget\" data-widget_type=\"text-editor.default\">\n\t\t\t\t<div class=\"elementor-widget-container\">\n\t\t\t\t\t\t\t\t\t<p>Der angebotene\u00a0<a title=\"Englischkurs f\u00fcr Anf\u00e4nger\" href=\"https:\/\/allboutenglish.de\/englischkurs-fuer-anfaenger\/\">Kurs<\/a>\u00a0\u201aEnglisch f\u00fcr Kindergarten-Kinder\u2018 besch\u00e4ftigt sich mit Kleinen zwischen drei und sechs Jahren \u2013 also mit Vorschulkindern, und soll ihnen den Start ins Schulleben so einfach wie m\u00f6glich gestalten.<br \/>Durch Spiel und Spass sollen die Kleinen langsam an die englische Sprache herangef\u00fchrt werden und die Grundz\u00fcge der englische Sprache kennenlernen.<br \/>Damit es unseren Schnuffeln auf gar keinen Fall langweilig wird, dauert eine Englischstunde nur 45 Minuten und wird zudem mit vielen Gleichgesinnten abgehalten.<\/p>\t\t\t\t\t\t\t\t<\/div>\n\t\t\t\t<\/div>\n\t\t\t\t<\/div>\n\t\t<div class=\"elementor-element elementor-element-7d941aa e-con-full e-flex e-con e-child\" data-id=\"7d941aa\" data-element_type=\"container\" data-e-type=\"container\">\n\t\t\t\t<div class=\"elementor-element elementor-element-9840755 elementor-widget elementor-widget-image\" data-id=\"9840755\" data-element_type=\"widget\" data-e-type=\"widget\" data-widget_type=\"image.default\">\n\t\t\t\t<div class=\"elementor-widget-container\">\n\t\t\t\t\t\t\t\t\t\t\t\t<figure class=\"wp-caption\">\n\t\t\t\t\t\t\t\t\t\t<img decoding=\"async\" width=\"291\" height=\"261\" src=\"https:\/\/allboutenglish.de\/wp-content\/uploads\/2024\/03\/kinderbild1.jpg\" class=\"attachment-large size-large wp-image-475\" alt=\"Eine gelber Giraffe mit blauen Punkten vor einem blauem Hintergrung. Sie schaut sich einen gelben Schmetterling an.\" \/>\t\t\t\t\t\t\t\t\t\t\t<figcaption class=\"widget-image-caption wp-caption-text\">Giraffe<\/figcaption>\n\t\t\t\t\t\t\t\t\t\t<\/figure>\n\t\t\t\t\t\t\t\t\t<\/div>\n\t\t\t\t<\/div>\n\t\t\t\t<div class=\"elementor-element elementor-element-8cc6f9c elementor-widget elementor-widget-text-editor\" data-id=\"8cc6f9c\" data-element_type=\"widget\" data-e-type=\"widget\" data-widget_type=\"text-editor.default\">\n\t\t\t\t<div class=\"elementor-widget-container\">\n\t\t\t\t\t\t\t\t\t<p>Die Kosten f\u00fcr eine Englischstunde von 45 Minuten betragen 10,- \u20ac. Das heisst, wir sprechen von einem Gesamtbetrag von 40,- \u20ac im Monat.<br \/>Die Mindestteilnehmerzahl umfasst 10 Teil-nehmer und eine Anmeldung geschieht zweimal pro Jahr. Anmeldegeb\u00fchren jedoch gibt es keine.\u00a0Nur die Kosten des Lernmaterials m\u00fcssten die Eltern tragen. Wir freuen uns auf Ihren\u00a0<a href=\"https:\/\/allboutenglish.de\/kontakt\/\">Kontakt<\/a>.<\/p>\t\t\t\t\t\t\t\t<\/div>\n\t\t\t\t<\/div>\n\t\t\t\t<\/div>\n\t\t\t\t\t<\/div>\n\t\t\t\t<\/div>\n\t\t<div class=\"elementor-element elementor-element-70f2402 e-flex e-con-boxed e-con e-parent\" data-id=\"70f2402\" data-element_type=\"container\" data-e-type=\"container\">\n\t\t\t\t\t<div class=\"e-con-inner\">\n\t\t\t\t<div class=\"elementor-element elementor-element-b9f05fc elementor-widget elementor-widget-image\" data-id=\"b9f05fc\" data-element_type=\"widget\" data-e-type=\"widget\" data-widget_type=\"image.default\">\n\t\t\t\t<div class=\"elementor-widget-container\">\n\t\t\t\t\t\t\t\t\t\t\t\t<figure class=\"wp-caption\">\n\t\t\t\t\t\t\t\t\t\t<img loading=\"lazy\" decoding=\"async\" width=\"800\" height=\"532\" src=\"https:\/\/allboutenglish.de\/wp-content\/uploads\/2024\/03\/baby-sitter-1073413_1920-1024x681.jpg\" class=\"attachment-large size-large wp-image-474\" alt=\"Eine Plastikfigur einer Mutter mit gelben Shorts, drei Buchstabenw\u00fcrfel unter ihrem linken Arm und ein kleines M\u00e4dchen unter ihrem rechten Arm. Des Weiteren hat sie einen kleinen Jungen auf ihrem linken wei\u00dfen Turnschuh sitzen, der laut schreit und weint. Hier werden die Kindergartenkurse und die Einf\u00fchlsamkeit von AllboutEnglish verdeutlicht.\" srcset=\"https:\/\/allboutenglish.de\/wp-content\/uploads\/2024\/03\/baby-sitter-1073413_1920-1024x681.jpg 1024w, https:\/\/allboutenglish.de\/wp-content\/uploads\/2024\/03\/baby-sitter-1073413_1920-300x199.jpg 300w, https:\/\/allboutenglish.de\/wp-content\/uploads\/2024\/03\/baby-sitter-1073413_1920-768x510.jpg 768w, https:\/\/allboutenglish.de\/wp-content\/uploads\/2024\/03\/baby-sitter-1073413_1920-1536x1021.jpg 1536w, https:\/\/allboutenglish.de\/wp-content\/uploads\/2024\/03\/baby-sitter-1073413_1920.jpg 1920w\" sizes=\"(max-width: 800px) 100vw, 800px\" \/>\t\t\t\t\t\t\t\t\t\t\t<figcaption class=\"widget-image-caption wp-caption-text\">Selbst das ist kein Problem f\u00fcr uns \u2026<\/figcaption>\n\t\t\t\t\t\t\t\t\t\t<\/figure>\n\t\t\t\t\t\t\t\t\t<\/div>\n\t\t\t\t<\/div>\n\t\t\t\t\t<\/div>\n\t\t\t\t<\/div>\n\t\t<div class=\"elementor-element elementor-element-d3a031a e-flex e-con-boxed e-con e-parent\" data-id=\"d3a031a\" data-element_type=\"container\" data-e-type=\"container\">\n\t\t\t\t\t<div class=\"e-con-inner\">\n\t\t\t\t<div class=\"elementor-element elementor-element-3036e80 elementor-widget elementor-widget-text-editor\" data-id=\"3036e80\" data-element_type=\"widget\" data-e-type=\"widget\" data-widget_type=\"text-editor.default\">\n\t\t\t\t<div class=\"elementor-widget-container\">\n\t\t\t\t\t\t\t\t\t<h6>Da momentan unsere Kindergartenkurse ausgebucht sind, k\u00f6nnen wir leider keine weiteren Kinder aufnehmen. Wir hoffen auf Ihr Verst\u00e4ndnis.<\/h6>\t\t\t\t\t\t\t\t<\/div>\n\t\t\t\t<\/div>\n\t\t\t\t\t<\/div>\n\t\t\t\t<\/div>\n\t\t\t\t<\/div>\n\t\t","protected":false},"excerpt":{"rendered":"<p>Kindergartenkurse Englisch f\u00fcr Kindergarten-Kinder Elephant Da wir alle wissen, wie wichtig die englische Sprache ist, und da wir ebenfalls wissen, wie gut kleine Kinder noch die F\u00e4higkeit besitzen, ihrem Gehirn weitere Daten zuzuf\u00fcgen, sollten wir uns nicht die Gelegenheit entgehen lassen, diese Gegebenheit zu nutzen. Teddy bear Der angebotene\u00a0Kurs\u00a0\u201aEnglisch f\u00fcr Kindergarten-Kinder\u2018 besch\u00e4ftigt sich mit Kleinen [&hellip;]<\/p>\n","protected":false},"author":1,"featured_media":0,"parent":399,"menu_order":3,"comment_status":"closed","ping_status":"closed","template":"","meta":{"footnotes":""},"class_list":["post-413","page","type-page","status-publish","hentry"],"_links":{"self":[{"href":"https:\/\/allboutenglish.de\/de_de_formal\/wp-json\/wp\/v2\/pages\/413","targetHints":{"allow":["GET"]}}],"collection":[{"href":"https:\/\/allboutenglish.de\/de_de_formal\/wp-json\/wp\/v2\/pages"}],"about":[{"href":"https:\/\/allboutenglish.de\/de_de_formal\/wp-json\/wp\/v2\/types\/page"}],"author":[{"embeddable":true,"href":"https:\/\/allboutenglish.de\/de_de_formal\/wp-json\/wp\/v2\/users\/1"}],"replies":[{"embeddable":true,"href":"https:\/\/allboutenglish.de\/de_de_formal\/wp-json\/wp\/v2\/comments?post=413"}],"version-history":[{"count":31,"href":"https:\/\/allboutenglish.de\/de_de_formal\/wp-json\/wp\/v2\/pages\/413\/revisions"}],"predecessor-version":[{"id":1454,"href":"https:\/\/allboutenglish.de\/de_de_formal\/wp-json\/wp\/v2\/pages\/413\/revisions\/1454"}],"up":[{"embeddable":true,"href":"https:\/\/allboutenglish.de\/de_de_formal\/wp-json\/wp\/v2\/pages\/399"}],"wp:attachment":[{"href":"https:\/\/allboutenglish.de\/de_de_formal\/wp-json\/wp\/v2\/media?parent=413"}],"curies":[{"name":"wp","href":"https:\/\/api.w.org\/{rel}","templated":true}]}}