{"id":415,"date":"2024-03-04T15:15:04","date_gmt":"2024-03-04T14:15:04","guid":{"rendered":"https:\/\/allboutenglish.de\/einzelunterricht\/"},"modified":"2025-10-29T12:10:05","modified_gmt":"2025-10-29T11:10:05","slug":"einzelunterricht","status":"publish","type":"page","link":"https:\/\/allboutenglish.de\/de_de_formal\/leistungen\/sprachkurse-in-aachen\/einzelunterricht\/","title":{"rendered":"Einzelunterricht"},"content":{"rendered":"\t\t<div data-elementor-type=\"wp-page\" data-elementor-id=\"415\" class=\"elementor elementor-415\" data-elementor-post-type=\"page\">\n\t\t\t\t<div class=\"elementor-element elementor-element-3510939 e-flex e-con-boxed e-con e-parent\" data-id=\"3510939\" data-element_type=\"container\" data-e-type=\"container\" data-settings=\"{&quot;background_background&quot;:&quot;slideshow&quot;,&quot;background_slideshow_gallery&quot;:[{&quot;id&quot;:142,&quot;url&quot;:&quot;https:\\\/\\\/allboutenglish.de\\\/wp-content\\\/uploads\\\/2024\\\/03\\\/Unbenanntes_Panorama1.jpg&quot;},{&quot;id&quot;:143,&quot;url&quot;:&quot;https:\\\/\\\/allboutenglish.de\\\/wp-content\\\/uploads\\\/2024\\\/03\\\/Unbenanntes_Panorama3.jpg&quot;},{&quot;id&quot;:145,&quot;url&quot;:&quot;https:\\\/\\\/allboutenglish.de\\\/wp-content\\\/uploads\\\/2024\\\/03\\\/Unbenanntes_Panorama2.jpg&quot;},{&quot;id&quot;:146,&quot;url&quot;:&quot;https:\\\/\\\/allboutenglish.de\\\/wp-content\\\/uploads\\\/2024\\\/03\\\/20140321_London_0299.jpg&quot;},{&quot;id&quot;:144,&quot;url&quot;:&quot;https:\\\/\\\/allboutenglish.de\\\/wp-content\\\/uploads\\\/2024\\\/03\\\/Unbenanntes_Panorama4-scaled.jpg&quot;},{&quot;id&quot;:141,&quot;url&quot;:&quot;https:\\\/\\\/allboutenglish.de\\\/wp-content\\\/uploads\\\/2024\\\/03\\\/Unbenanntes_Panorama7-scaled.jpg&quot;},{&quot;id&quot;:140,&quot;url&quot;:&quot;https:\\\/\\\/allboutenglish.de\\\/wp-content\\\/uploads\\\/2024\\\/03\\\/Unbenanntes_Panorama6.jpg&quot;}],&quot;background_slideshow_slide_duration&quot;:7000,&quot;background_slideshow_transition_duration&quot;:1000,&quot;background_slideshow_ken_burns&quot;:&quot;yes&quot;,&quot;background_slideshow_loop&quot;:&quot;yes&quot;,&quot;background_slideshow_slide_transition&quot;:&quot;fade&quot;,&quot;background_slideshow_ken_burns_zoom_direction&quot;:&quot;in&quot;}\">\n\t\t\t\t\t<div class=\"e-con-inner\">\n\t\t\t\t\t<\/div>\n\t\t\t\t<\/div>\n\t\t<div class=\"elementor-element elementor-element-3fb3e5e e-flex e-con-boxed e-con e-parent\" data-id=\"3fb3e5e\" data-element_type=\"container\" data-e-type=\"container\">\n\t\t\t\t\t<div class=\"e-con-inner\">\n\t\t<div class=\"elementor-element elementor-element-51d8532 e-flex e-con-boxed e-con e-child\" data-id=\"51d8532\" data-element_type=\"container\" data-e-type=\"container\" data-settings=\"{&quot;background_background&quot;:&quot;classic&quot;}\">\n\t\t\t\t\t<div class=\"e-con-inner\">\n\t\t<div class=\"elementor-element elementor-element-45b6f45 e-con-full e-flex e-con e-child\" data-id=\"45b6f45\" data-element_type=\"container\" data-e-type=\"container\">\n\t\t\t\t<div class=\"elementor-element elementor-element-cf5937b elementor-widget elementor-widget-heading\" data-id=\"cf5937b\" data-element_type=\"widget\" data-e-type=\"widget\" data-widget_type=\"heading.default\">\n\t\t\t\t<div class=\"elementor-widget-container\">\n\t\t\t\t\t<h1 class=\"elementor-heading-title elementor-size-default\">Einzelkurse<\/h1>\t\t\t\t<\/div>\n\t\t\t\t<\/div>\n\t\t\t\t<\/div>\n\t\t<div class=\"elementor-element elementor-element-b753267 e-con-full e-flex e-con e-child\" data-id=\"b753267\" data-element_type=\"container\" data-e-type=\"container\">\n\t\t\t\t<div class=\"elementor-element elementor-element-4b6e4a6 elementor-widget elementor-widget-shortcode\" data-id=\"4b6e4a6\" data-element_type=\"widget\" data-e-type=\"widget\" data-widget_type=\"shortcode.default\">\n\t\t\t\t<div class=\"elementor-widget-container\">\n\t\t\t\t\t\t\t<div class=\"elementor-shortcode\"><nav aria-label=\"breadcrumbs\" class=\"rank-math-breadcrumb\"><p><span class=\"last\">Startseite<\/span><\/p><\/nav><\/div>\n\t\t\t\t\t\t<\/div>\n\t\t\t\t<\/div>\n\t\t\t\t<div class=\"elementor-element elementor-element-c010187 elementor-search-form--skin-minimal elementor-widget elementor-widget-search-form\" data-id=\"c010187\" data-element_type=\"widget\" data-e-type=\"widget\" data-settings=\"{&quot;skin&quot;:&quot;minimal&quot;}\" data-widget_type=\"search-form.default\">\n\t\t\t\t<div class=\"elementor-widget-container\">\n\t\t\t\t\t\t\t<search role=\"search\">\n\t\t\t<form class=\"elementor-search-form\" action=\"https:\/\/allboutenglish.de\/de_de_formal\" method=\"get\">\n\t\t\t\t\t\t\t\t\t\t\t\t<div class=\"elementor-search-form__container\">\n\t\t\t\t\t<label class=\"elementor-screen-only\" for=\"elementor-search-form-c010187\">Suche<\/label>\n\n\t\t\t\t\t\t\t\t\t\t\t<div class=\"elementor-search-form__icon\">\n\t\t\t\t\t\t\t<div class=\"e-font-icon-svg-container\"><svg aria-hidden=\"true\" class=\"e-font-icon-svg e-fas-search\" viewBox=\"0 0 512 512\" xmlns=\"http:\/\/www.w3.org\/2000\/svg\"><path d=\"M505 442.7L405.3 343c-4.5-4.5-10.6-7-17-7H372c27.6-35.3 44-79.7 44-128C416 93.1 322.9 0 208 0S0 93.1 0 208s93.1 208 208 208c48.3 0 92.7-16.4 128-44v16.3c0 6.4 2.5 12.5 7 17l99.7 99.7c9.4 9.4 24.6 9.4 33.9 0l28.3-28.3c9.4-9.4 9.4-24.6.1-34zM208 336c-70.7 0-128-57.2-128-128 0-70.7 57.2-128 128-128 70.7 0 128 57.2 128 128 0 70.7-57.2 128-128 128z\"><\/path><\/svg><\/div>\t\t\t\t\t\t\t<span class=\"elementor-screen-only\">Suche<\/span>\n\t\t\t\t\t\t<\/div>\n\t\t\t\t\t\n\t\t\t\t\t<input id=\"elementor-search-form-c010187\" placeholder=\"Search\" class=\"elementor-search-form__input\" type=\"search\" name=\"s\" value=\"\">\n\t\t\t\t\t\n\t\t\t\t\t\n\t\t\t\t\t\t\t\t\t<\/div>\n\t\t\t<\/form>\n\t\t<\/search>\n\t\t\t\t\t\t<\/div>\n\t\t\t\t<\/div>\n\t\t\t\t<\/div>\n\t\t\t\t\t<\/div>\n\t\t\t\t<\/div>\n\t\t\t\t\t<\/div>\n\t\t\t\t<\/div>\n\t\t<div class=\"elementor-element elementor-element-02c55d1 e-flex e-con-boxed e-con e-parent\" data-id=\"02c55d1\" data-element_type=\"container\" data-e-type=\"container\">\n\t\t\t\t\t<div class=\"e-con-inner\">\n\t\t<div class=\"elementor-element elementor-element-119baca e-con-full e-flex e-con e-child\" data-id=\"119baca\" data-element_type=\"container\" data-e-type=\"container\">\n\t\t\t\t<div class=\"elementor-element elementor-element-b59c88e elementor-widget elementor-widget-image\" data-id=\"b59c88e\" data-element_type=\"widget\" data-e-type=\"widget\" data-widget_type=\"image.default\">\n\t\t\t\t<div class=\"elementor-widget-container\">\n\t\t\t\t\t\t\t\t\t\t\t\t\t\t\t<img fetchpriority=\"high\" decoding=\"async\" width=\"706\" height=\"1024\" src=\"https:\/\/allboutenglish.de\/wp-content\/uploads\/2024\/03\/20140321_London_0298-1-706x1024.jpg\" class=\"attachment-large size-large wp-image-481\" alt=\"Der k\u00f6nigliche W\u00e4chter steht gerade in seiner Wachbox. Da er alleine dort steht liegt die Annahme f\u00fcr Einzelunterricht sehr nah.\" srcset=\"https:\/\/allboutenglish.de\/wp-content\/uploads\/2024\/03\/20140321_London_0298-1-706x1024.jpg 706w, https:\/\/allboutenglish.de\/wp-content\/uploads\/2024\/03\/20140321_London_0298-1-207x300.jpg 207w, https:\/\/allboutenglish.de\/wp-content\/uploads\/2024\/03\/20140321_London_0298-1-768x1114.jpg 768w, https:\/\/allboutenglish.de\/wp-content\/uploads\/2024\/03\/20140321_London_0298-1.jpg 1000w\" sizes=\"(max-width: 706px) 100vw, 706px\" \/>\t\t\t\t\t\t\t\t\t\t\t\t\t\t\t<\/div>\n\t\t\t\t<\/div>\n\t\t\t\t<\/div>\n\t\t<div class=\"elementor-element elementor-element-045c04d e-con-full e-flex e-con e-child\" data-id=\"045c04d\" data-element_type=\"container\" data-e-type=\"container\">\n\t\t<div class=\"elementor-element elementor-element-a858724 e-transform e-flex e-con-boxed e-con e-child\" data-id=\"a858724\" data-element_type=\"container\" data-e-type=\"container\" data-settings=\"{&quot;background_background&quot;:&quot;classic&quot;,&quot;_transform_translateY_effect_hover&quot;:{&quot;unit&quot;:&quot;px&quot;,&quot;size&quot;:-5,&quot;sizes&quot;:[]},&quot;_transform_translateX_effect_hover&quot;:{&quot;unit&quot;:&quot;px&quot;,&quot;size&quot;:&quot;&quot;,&quot;sizes&quot;:[]},&quot;_transform_translateX_effect_hover_tablet&quot;:{&quot;unit&quot;:&quot;px&quot;,&quot;size&quot;:&quot;&quot;,&quot;sizes&quot;:[]},&quot;_transform_translateX_effect_hover_mobile&quot;:{&quot;unit&quot;:&quot;px&quot;,&quot;size&quot;:&quot;&quot;,&quot;sizes&quot;:[]},&quot;_transform_translateY_effect_hover_tablet&quot;:{&quot;unit&quot;:&quot;px&quot;,&quot;size&quot;:&quot;&quot;,&quot;sizes&quot;:[]},&quot;_transform_translateY_effect_hover_mobile&quot;:{&quot;unit&quot;:&quot;px&quot;,&quot;size&quot;:&quot;&quot;,&quot;sizes&quot;:[]}}\">\n\t\t\t\t\t<div class=\"e-con-inner\">\n\t\t\t\t<div class=\"elementor-element elementor-element-6ca0212 elementor-view-stacked elementor-shape-circle elementor-widget elementor-widget-icon\" data-id=\"6ca0212\" data-element_type=\"widget\" data-e-type=\"widget\" data-widget_type=\"icon.default\">\n\t\t\t\t<div class=\"elementor-widget-container\">\n\t\t\t\t\t\t\t<div class=\"elementor-icon-wrapper\">\n\t\t\t<a class=\"elementor-icon\" href=\"https:\/\/www.iseu.de\/de\/ressourcen\/blog\/einzelunterricht-oder-gruppenunterricht\/\" target=\"_blank\" rel=\"noopener\">\n\t\t\t<svg aria-hidden=\"true\" class=\"e-font-icon-svg e-fas-adjust\" viewBox=\"0 0 512 512\" xmlns=\"http:\/\/www.w3.org\/2000\/svg\"><path d=\"M8 256c0 136.966 111.033 248 248 248s248-111.034 248-248S392.966 8 256 8 8 119.033 8 256zm248 184V72c101.705 0 184 82.311 184 184 0 101.705-82.311 184-184 184z\"><\/path><\/svg>\t\t\t<\/a>\n\t\t<\/div>\n\t\t\t\t\t\t<\/div>\n\t\t\t\t<\/div>\n\t\t\t\t<div class=\"elementor-element elementor-element-b97e0ca elementor-widget elementor-widget-heading\" data-id=\"b97e0ca\" data-element_type=\"widget\" data-e-type=\"widget\" data-widget_type=\"heading.default\">\n\t\t\t\t<div class=\"elementor-widget-container\">\n\t\t\t\t\t<h3 class=\"elementor-heading-title elementor-size-default\">Einzelunterricht - Einzelkurse<\/h3>\t\t\t\t<\/div>\n\t\t\t\t<\/div>\n\t\t\t\t<div class=\"elementor-element elementor-element-4fc5515 elementor-widget elementor-widget-text-editor\" data-id=\"4fc5515\" data-element_type=\"widget\" data-e-type=\"widget\" data-widget_type=\"text-editor.default\">\n\t\t\t\t<div class=\"elementor-widget-container\">\n\t\t\t\t\t\t\t\t\t<p><strong>Einzelkurse bei <em>AllboutEnglish<\/em>: Kosteng\u00fcnstige und Effektive Sprachschulung<\/strong><\/p><p>Bei <em>AllboutEnglish <\/em>bieten wir ma\u00dfgeschneiderte Einzelkurse an, die speziell auf die individuellen Bed\u00fcrfnisse und Ziele unserer Sch\u00fcler zugeschnitten sind. Diese Kurse sind nicht nur \u00e4u\u00dferst effektiv, sondern auch kosteng\u00fcnstiger als viele Gruppenkurse. In diesem Artikel werden wir die Vorteile von EKs hervorheben und erkl\u00e4ren, warum sie eine ausgezeichnete Wahl f\u00fcr alle sind, die ihre Sprachkenntnisse verbessern m\u00f6chten.<\/p>\t\t\t\t\t\t\t\t<\/div>\n\t\t\t\t<\/div>\n\t\t\t\t\t<\/div>\n\t\t\t\t<\/div>\n\t\t\t\t<\/div>\n\t\t\t\t\t<\/div>\n\t\t\t\t<\/div>\n\t\t<div class=\"elementor-element elementor-element-9681ee9 e-flex e-con-boxed e-con e-parent\" data-id=\"9681ee9\" data-element_type=\"container\" data-e-type=\"container\" data-settings=\"{&quot;background_background&quot;:&quot;classic&quot;}\">\n\t\t\t\t\t<div class=\"e-con-inner\">\n\t\t<div class=\"elementor-element elementor-element-e1cd189 e-con-full e-flex e-con e-child\" data-id=\"e1cd189\" data-element_type=\"container\" data-e-type=\"container\">\n\t\t\t\t<div class=\"elementor-element elementor-element-d422154 elementor-widget elementor-widget-text-editor\" data-id=\"d422154\" data-element_type=\"widget\" data-e-type=\"widget\" data-widget_type=\"text-editor.default\">\n\t\t\t\t<div class=\"elementor-widget-container\">\n\t\t\t\t\t\t\t\t\t<p>Flexibilit\u00e4t und Bequemlichkeit<\/p><p>Die Art von Kurs bietet eine hohe Flexibilit\u00e4t in Bezug auf Zeit und Ort. Bei <em>AllboutEnglish<\/em> k\u00f6nnen die Sch\u00fcler ihre Unterrichtszeiten so planen, dass sie in ihren vollen Terminkalender passen. Dies ist besonders vorteilhaft f\u00fcr Berufst\u00e4tige, Studenten oder Eltern, die ihre Sprachkenntnisse verbessern m\u00f6chten, aber wenig Zeit haben. Dar\u00fcber hinaus k\u00f6nnen die Kurse online oder vor Ort stattfinden, je nach den Vorlieben des Sch\u00fclers.<\/p>\t\t\t\t\t\t\t\t<\/div>\n\t\t\t\t<\/div>\n\t\t\t\t<\/div>\n\t\t<div class=\"elementor-element elementor-element-bea6a19 e-con-full e-flex e-con e-child\" data-id=\"bea6a19\" data-element_type=\"container\" data-e-type=\"container\">\n\t\t\t\t<div class=\"elementor-element elementor-element-679317e elementor-widget elementor-widget-text-editor\" data-id=\"679317e\" data-element_type=\"widget\" data-e-type=\"widget\" data-widget_type=\"text-editor.default\">\n\t\t\t\t<div class=\"elementor-widget-container\">\n\t\t\t\t\t\t\t\t\t<p>Pers\u00f6nliche Aufmerksamkeit<\/p><p>Hier erh\u00e4lt der Sch\u00fcler die ungeteilte Aufmerksamkeit des Lehrers. Dies bedeutet, dass der Lehrer sofort auf Fragen und Unsicherheiten eingehen kann, was zu einem tieferen Verst\u00e4ndnis und einer besseren Beherrschung der Sprache f\u00fchrt. Diese pers\u00f6nliche Betreuung ist in Gruppenkursen oft nicht m\u00f6glich, da der Lehrer seine Aufmerksamkeit auf mehrere Sch\u00fcler verteilen muss.<\/p>\t\t\t\t\t\t\t\t<\/div>\n\t\t\t\t<\/div>\n\t\t\t\t<\/div>\n\t\t<div class=\"elementor-element elementor-element-4a73262 e-con-full e-flex e-con e-child\" data-id=\"4a73262\" data-element_type=\"container\" data-e-type=\"container\">\n\t\t\t\t<div class=\"elementor-element elementor-element-e5a7912 elementor-widget elementor-widget-text-editor\" data-id=\"e5a7912\" data-element_type=\"widget\" data-e-type=\"widget\" data-widget_type=\"text-editor.default\">\n\t\t\t\t<div class=\"elementor-widget-container\">\n\t\t\t\t\t\t\t\t\t<p>Kosteng\u00fcnstigkeit<\/p><p>Obwohl Einzelkurse auf den ersten Blick teurer erscheinen m\u00f6gen als Gruppenkurse, bieten sie langfristig gesehen ein besseres Preis-Leistungs-Verh\u00e4ltnis. In einem Einzelkurs kann der Sch\u00fcler schneller Fortschritte machen, da der Unterricht genau auf seine Bed\u00fcrfnisse abgestimmt ist. Dies bedeutet, dass weniger Unterrichtsstunden ben\u00f6tigt werden, um das gleiche Niveau zu erreichen, was die Gesamtkosten senkt. Dar\u00fcber hinaus k\u00f6nnen die Sch\u00fcler in Einzelkursen spezifische Themen und Bereiche abdecken, die in Gruppenkursen m\u00f6glicherweise nicht behandelt werden, was den Lernprozess noch effizienter macht.<\/p>\t\t\t\t\t\t\t\t<\/div>\n\t\t\t\t<\/div>\n\t\t\t\t<\/div>\n\t\t<div class=\"elementor-element elementor-element-19b8f5d e-con-full e-flex e-con e-child\" data-id=\"19b8f5d\" data-element_type=\"container\" data-e-type=\"container\">\n\t\t\t\t<div class=\"elementor-element elementor-element-d395e03 elementor-widget elementor-widget-text-editor\" data-id=\"d395e03\" data-element_type=\"widget\" data-e-type=\"widget\" data-widget_type=\"text-editor.default\">\n\t\t\t\t<div class=\"elementor-widget-container\">\n\t\t\t\t\t\t\t\t\t<p>Fokus auf spezifische Ziele<\/p><p>Ein weiterer Vorteil von Einzelkursen ist die M\u00f6glichkeit, sich auf spezifische Ziele zu konzentrieren. Ob es darum geht, sich auf eine Pr\u00fcfung vorzubereiten, berufliche Sprachkenntnisse zu verbessern oder einfach nur die Kommunikationsf\u00e4higkeiten im Alltag zu st\u00e4rken \u2013 in einem Einzelkurs kann der Lehrer den Unterricht genau auf diese Ziele ausrichten. Dies f\u00fchrt zu einer zielgerichteten und effektiven Lernumgebung, die in Gruppenkursen oft nicht erreicht werden kann.<\/p>\t\t\t\t\t\t\t\t<\/div>\n\t\t\t\t<\/div>\n\t\t\t\t<\/div>\n\t\t<div class=\"elementor-element elementor-element-3cab98d e-con-full e-flex e-con e-child\" data-id=\"3cab98d\" data-element_type=\"container\" data-e-type=\"container\">\n\t\t\t\t<div class=\"elementor-element elementor-element-a7809e8 elementor-widget elementor-widget-text-editor\" data-id=\"a7809e8\" data-element_type=\"widget\" data-e-type=\"widget\" data-widget_type=\"text-editor.default\">\n\t\t\t\t<div class=\"elementor-widget-container\">\n\t\t\t\t\t\t\t\t\t<p>Unterst\u00fctzung f\u00fcr besondere Bed\u00fcrfnisse<\/p><p>Einzelkurse sind auch ideal f\u00fcr Sch\u00fcler mit besonderen Bed\u00fcrfnissen oder Lernschwierigkeiten. Der Lehrer kann den Unterricht so gestalten, dass er den individuellen Anforderungen des Sch\u00fclers gerecht wird, und spezielle Techniken und Materialien verwenden, um den Lernprozess zu unterst\u00fctzen. Dies ist in Gruppenkursen oft nicht m\u00f6glich, da der Lehrer auf die Bed\u00fcrfnisse einer Vielzahl von Sch\u00fclern eingehen muss.<\/p>\t\t\t\t\t\t\t\t<\/div>\n\t\t\t\t<\/div>\n\t\t\t\t<\/div>\n\t\t<div class=\"elementor-element elementor-element-533446e e-con-full e-flex e-con e-child\" data-id=\"533446e\" data-element_type=\"container\" data-e-type=\"container\">\n\t\t\t\t<div class=\"elementor-element elementor-element-289ac00 elementor-widget elementor-widget-text-editor\" data-id=\"289ac00\" data-element_type=\"widget\" data-e-type=\"widget\" data-widget_type=\"text-editor.default\">\n\t\t\t\t<div class=\"elementor-widget-container\">\n\t\t\t\t\t\t\t\t\t<p>Praxisorientiertes Lernen<\/p><p>Bei <em>AllboutEnglish<\/em> legen wir gro\u00dfen Wert auf praxisorientiertes Lernen. In unseren Einzelkursen haben die Sch\u00fcler die M\u00f6glichkeit, ihre Sprachkenntnisse in realen Situationen anzuwenden und zu \u00fcben. Dies kann durch Rollenspiele, Diskussionen und andere interaktive \u00dcbungen geschehen, die speziell auf die Interessen und Ziele des Sch\u00fclers abgestimmt sind. Diese praxisorientierte Herangehensweise hilft den Sch\u00fclern, ihre Sprachkenntnisse schneller und effektiver zu verbessern.<\/p>\t\t\t\t\t\t\t\t<\/div>\n\t\t\t\t<\/div>\n\t\t\t\t<\/div>\n\t\t\t\t\t<\/div>\n\t\t\t\t<\/div>\n\t\t<div class=\"elementor-element elementor-element-8d39364 e-flex e-con-boxed e-con e-parent\" data-id=\"8d39364\" data-element_type=\"container\" data-e-type=\"container\">\n\t\t\t\t\t<div class=\"e-con-inner\">\n\t\t<div class=\"elementor-element elementor-element-86df864 e-con-full e-flex e-con e-child\" data-id=\"86df864\" data-element_type=\"container\" data-e-type=\"container\">\n\t\t\t\t<div class=\"elementor-element elementor-element-7cca45b elementor-widget elementor-widget-text-editor\" data-id=\"7cca45b\" data-element_type=\"widget\" data-e-type=\"widget\" data-widget_type=\"text-editor.default\">\n\t\t\t\t<div class=\"elementor-widget-container\">\n\t\t\t\t\t\t\t\t\t<p>Langfristige Vorteile<\/p><p>Die Investition in einen Einzelkurs bei <em>AllboutEnglish<\/em> bietet langfristige Vorteile. Die Teilnehmer erwerben nicht nur Sprachkenntnisse, sondern auch Selbstvertrauen und Kommunikationsf\u00e4higkeiten, die ihnen in vielen Bereichen ihres Lebens zugutekommen. Ob im Beruf, im Studium oder im Alltag \u2013 die F\u00e4higkeiten, die in einem Einzelkurs erworben werden, sind von unsch\u00e4tzbarem Wert und tragen zu einer erfolgreichen und erf\u00fcllten Zukunft bei.<\/p>\t\t\t\t\t\t\t\t<\/div>\n\t\t\t\t<\/div>\n\t\t\t\t<\/div>\n\t\t<div class=\"elementor-element elementor-element-6d1f56c e-con-full e-flex e-con e-child\" data-id=\"6d1f56c\" data-element_type=\"container\" data-e-type=\"container\">\n\t\t\t\t<div class=\"elementor-element elementor-element-70278f6 elementor-widget elementor-widget-text-editor\" data-id=\"70278f6\" data-element_type=\"widget\" data-e-type=\"widget\" data-widget_type=\"text-editor.default\">\n\t\t\t\t<div class=\"elementor-widget-container\">\n\t\t\t\t\t\t\t\t\t<p>Ma\u00dfgeschneiderte Einzelkurse<\/p><p>Ein gro\u00dfer Vorteil von Einzelkursen ist die M\u00f6glichkeit, den Unterricht genau auf die Bed\u00fcrfnisse des Sch\u00fclers abzustimmen. Jeder Mensch lernt anders, und in einem Einzelkurs kann der Lehrer den Unterrichtsstil und das Tempo an den Sch\u00fcler anpassen. Dies f\u00fchrt zu einer effizienteren und schnelleren Lernkurve, da der Sch\u00fcler genau die Unterst\u00fctzung erh\u00e4lt, die er ben\u00f6tigt.<\/p>\t\t\t\t\t\t\t\t<\/div>\n\t\t\t\t<\/div>\n\t\t\t\t<\/div>\n\t\t\t\t\t<\/div>\n\t\t\t\t<\/div>\n\t\t<div class=\"elementor-element elementor-element-456234e e-flex e-con-boxed e-con e-parent\" data-id=\"456234e\" data-element_type=\"container\" data-e-type=\"container\">\n\t\t\t\t\t<div class=\"e-con-inner\">\n\t\t\t\t<div class=\"elementor-element elementor-element-47f7d48 elementor-widget elementor-widget-text-editor\" data-id=\"47f7d48\" data-element_type=\"widget\" data-e-type=\"widget\" data-widget_type=\"text-editor.default\">\n\t\t\t\t<div class=\"elementor-widget-container\">\n\t\t\t\t\t\t\t\t\t<p>Fazit<\/p><p>Einzelkurse, -unterricht bei <em>AllboutEnglish<\/em> bieten eine kosteng\u00fcnstige und effektive M\u00f6glichkeit, Sprachkenntnisse zu verbessern. Durch ma\u00dfgeschneiderten Unterricht, pers\u00f6nliche Aufmerksamkeit und praxisorientiertes Lernen k\u00f6nnen die Sch\u00fcler schneller Fortschritte machen und ihre Ziele erreichen. Die Flexibilit\u00e4t und Unterst\u00fctzung, die Einzelkurse bieten, machen sie zu einer ausgezeichneten Wahl f\u00fcr alle, die ihre Sprachkenntnisse auf die n\u00e4chste Stufe heben m\u00f6chten.<\/p>\t\t\t\t\t\t\t\t<\/div>\n\t\t\t\t<\/div>\n\t\t\t\t\t<\/div>\n\t\t\t\t<\/div>\n\t\t\t\t<\/div>\n\t\t","protected":false},"excerpt":{"rendered":"<p>Einzelkurse Einzelunterricht &#8211; Einzelkurse Einzelkurse bei AllboutEnglish: Kosteng\u00fcnstige und Effektive Sprachschulung Bei AllboutEnglish bieten wir ma\u00dfgeschneiderte Einzelkurse an, die speziell auf die individuellen Bed\u00fcrfnisse und Ziele unserer Sch\u00fcler zugeschnitten sind. Diese Kurse sind nicht nur \u00e4u\u00dferst effektiv, sondern auch kosteng\u00fcnstiger als viele Gruppenkurse. In diesem Artikel werden wir die Vorteile von EKs hervorheben und erkl\u00e4ren, [&hellip;]<\/p>\n","protected":false},"author":1,"featured_media":0,"parent":399,"menu_order":4,"comment_status":"closed","ping_status":"closed","template":"","meta":{"footnotes":""},"class_list":["post-415","page","type-page","status-publish","hentry"],"_links":{"self":[{"href":"https:\/\/allboutenglish.de\/de_de_formal\/wp-json\/wp\/v2\/pages\/415","targetHints":{"allow":["GET"]}}],"collection":[{"href":"https:\/\/allboutenglish.de\/de_de_formal\/wp-json\/wp\/v2\/pages"}],"about":[{"href":"https:\/\/allboutenglish.de\/de_de_formal\/wp-json\/wp\/v2\/types\/page"}],"author":[{"embeddable":true,"href":"https:\/\/allboutenglish.de\/de_de_formal\/wp-json\/wp\/v2\/users\/1"}],"replies":[{"embeddable":true,"href":"https:\/\/allboutenglish.de\/de_de_formal\/wp-json\/wp\/v2\/comments?post=415"}],"version-history":[{"count":67,"href":"https:\/\/allboutenglish.de\/de_de_formal\/wp-json\/wp\/v2\/pages\/415\/revisions"}],"predecessor-version":[{"id":2367,"href":"https:\/\/allboutenglish.de\/de_de_formal\/wp-json\/wp\/v2\/pages\/415\/revisions\/2367"}],"up":[{"embeddable":true,"href":"https:\/\/allboutenglish.de\/de_de_formal\/wp-json\/wp\/v2\/pages\/399"}],"wp:attachment":[{"href":"https:\/\/allboutenglish.de\/de_de_formal\/wp-json\/wp\/v2\/media?parent=415"}],"curies":[{"name":"wp","href":"https:\/\/api.w.org\/{rel}","templated":true}]}}