{"id":417,"date":"2024-03-04T15:15:05","date_gmt":"2024-03-04T14:15:05","guid":{"rendered":"https:\/\/allboutenglish.de\/skype\/"},"modified":"2025-10-27T14:43:40","modified_gmt":"2025-10-27T13:43:40","slug":"zoom","status":"publish","type":"page","link":"https:\/\/allboutenglish.de\/de_de_formal\/leistungen\/sprachkurse-in-aachen\/zoom\/","title":{"rendered":"Zoom"},"content":{"rendered":"\t\t<div data-elementor-type=\"wp-page\" data-elementor-id=\"417\" class=\"elementor elementor-417\" data-elementor-post-type=\"page\">\n\t\t\t\t<div class=\"elementor-element elementor-element-8ea4a4a e-flex e-con-boxed e-con e-parent\" data-id=\"8ea4a4a\" data-element_type=\"container\" data-e-type=\"container\" data-settings=\"{&quot;background_background&quot;:&quot;slideshow&quot;,&quot;background_slideshow_gallery&quot;:[{&quot;id&quot;:142,&quot;url&quot;:&quot;https:\\\/\\\/allboutenglish.de\\\/wp-content\\\/uploads\\\/2024\\\/03\\\/Unbenanntes_Panorama1.jpg&quot;},{&quot;id&quot;:143,&quot;url&quot;:&quot;https:\\\/\\\/allboutenglish.de\\\/wp-content\\\/uploads\\\/2024\\\/03\\\/Unbenanntes_Panorama3.jpg&quot;},{&quot;id&quot;:145,&quot;url&quot;:&quot;https:\\\/\\\/allboutenglish.de\\\/wp-content\\\/uploads\\\/2024\\\/03\\\/Unbenanntes_Panorama2.jpg&quot;},{&quot;id&quot;:146,&quot;url&quot;:&quot;https:\\\/\\\/allboutenglish.de\\\/wp-content\\\/uploads\\\/2024\\\/03\\\/20140321_London_0299.jpg&quot;},{&quot;id&quot;:144,&quot;url&quot;:&quot;https:\\\/\\\/allboutenglish.de\\\/wp-content\\\/uploads\\\/2024\\\/03\\\/Unbenanntes_Panorama4-scaled.jpg&quot;},{&quot;id&quot;:141,&quot;url&quot;:&quot;https:\\\/\\\/allboutenglish.de\\\/wp-content\\\/uploads\\\/2024\\\/03\\\/Unbenanntes_Panorama7-scaled.jpg&quot;},{&quot;id&quot;:140,&quot;url&quot;:&quot;https:\\\/\\\/allboutenglish.de\\\/wp-content\\\/uploads\\\/2024\\\/03\\\/Unbenanntes_Panorama6.jpg&quot;}],&quot;background_slideshow_slide_duration&quot;:7000,&quot;background_slideshow_transition_duration&quot;:1000,&quot;background_slideshow_ken_burns&quot;:&quot;yes&quot;,&quot;background_slideshow_loop&quot;:&quot;yes&quot;,&quot;background_slideshow_slide_transition&quot;:&quot;fade&quot;,&quot;background_slideshow_ken_burns_zoom_direction&quot;:&quot;in&quot;}\">\n\t\t\t\t\t<div class=\"e-con-inner\">\n\t\t\t\t\t<\/div>\n\t\t\t\t<\/div>\n\t\t<div class=\"elementor-element elementor-element-6906594 e-flex e-con-boxed e-con e-parent\" data-id=\"6906594\" data-element_type=\"container\" data-e-type=\"container\">\n\t\t\t\t\t<div class=\"e-con-inner\">\n\t\t<div class=\"elementor-element elementor-element-d720d7f e-flex e-con-boxed e-con e-child\" data-id=\"d720d7f\" data-element_type=\"container\" data-e-type=\"container\" data-settings=\"{&quot;background_background&quot;:&quot;classic&quot;}\">\n\t\t\t\t\t<div class=\"e-con-inner\">\n\t\t<div class=\"elementor-element elementor-element-fa42ae8 e-con-full e-flex e-con e-child\" data-id=\"fa42ae8\" data-element_type=\"container\" data-e-type=\"container\">\n\t\t\t\t<div class=\"elementor-element elementor-element-6a6eb68 elementor-widget elementor-widget-heading\" data-id=\"6a6eb68\" data-element_type=\"widget\" data-e-type=\"widget\" data-widget_type=\"heading.default\">\n\t\t\t\t<div class=\"elementor-widget-container\">\n\t\t\t\t\t<h1 class=\"elementor-heading-title elementor-size-default\">Online mit Teams<\/h1>\t\t\t\t<\/div>\n\t\t\t\t<\/div>\n\t\t\t\t<\/div>\n\t\t<div class=\"elementor-element elementor-element-8276a22 e-con-full e-flex e-con e-child\" data-id=\"8276a22\" data-element_type=\"container\" data-e-type=\"container\">\n\t\t\t\t<div class=\"elementor-element elementor-element-e3697e1 elementor-widget elementor-widget-shortcode\" data-id=\"e3697e1\" data-element_type=\"widget\" data-e-type=\"widget\" data-widget_type=\"shortcode.default\">\n\t\t\t\t<div class=\"elementor-widget-container\">\n\t\t\t\t\t\t\t<div class=\"elementor-shortcode\"><nav aria-label=\"breadcrumbs\" class=\"rank-math-breadcrumb\"><p><span class=\"last\">Startseite<\/span><\/p><\/nav><\/div>\n\t\t\t\t\t\t<\/div>\n\t\t\t\t<\/div>\n\t\t\t\t<div class=\"elementor-element elementor-element-32aecea elementor-search-form--skin-minimal elementor-widget elementor-widget-search-form\" data-id=\"32aecea\" data-element_type=\"widget\" data-e-type=\"widget\" data-settings=\"{&quot;skin&quot;:&quot;minimal&quot;}\" data-widget_type=\"search-form.default\">\n\t\t\t\t<div class=\"elementor-widget-container\">\n\t\t\t\t\t\t\t<search role=\"search\">\n\t\t\t<form class=\"elementor-search-form\" action=\"https:\/\/allboutenglish.de\/de_de_formal\" method=\"get\">\n\t\t\t\t\t\t\t\t\t\t\t\t<div class=\"elementor-search-form__container\">\n\t\t\t\t\t<label class=\"elementor-screen-only\" for=\"elementor-search-form-32aecea\">Suche<\/label>\n\n\t\t\t\t\t\t\t\t\t\t\t<div class=\"elementor-search-form__icon\">\n\t\t\t\t\t\t\t<div class=\"e-font-icon-svg-container\"><svg aria-hidden=\"true\" class=\"e-font-icon-svg e-fas-search\" viewBox=\"0 0 512 512\" xmlns=\"http:\/\/www.w3.org\/2000\/svg\"><path d=\"M505 442.7L405.3 343c-4.5-4.5-10.6-7-17-7H372c27.6-35.3 44-79.7 44-128C416 93.1 322.9 0 208 0S0 93.1 0 208s93.1 208 208 208c48.3 0 92.7-16.4 128-44v16.3c0 6.4 2.5 12.5 7 17l99.7 99.7c9.4 9.4 24.6 9.4 33.9 0l28.3-28.3c9.4-9.4 9.4-24.6.1-34zM208 336c-70.7 0-128-57.2-128-128 0-70.7 57.2-128 128-128 70.7 0 128 57.2 128 128 0 70.7-57.2 128-128 128z\"><\/path><\/svg><\/div>\t\t\t\t\t\t\t<span class=\"elementor-screen-only\">Suche<\/span>\n\t\t\t\t\t\t<\/div>\n\t\t\t\t\t\n\t\t\t\t\t<input id=\"elementor-search-form-32aecea\" placeholder=\"Search\" class=\"elementor-search-form__input\" type=\"search\" name=\"s\" value=\"\">\n\t\t\t\t\t\n\t\t\t\t\t\n\t\t\t\t\t\t\t\t\t<\/div>\n\t\t\t<\/form>\n\t\t<\/search>\n\t\t\t\t\t\t<\/div>\n\t\t\t\t<\/div>\n\t\t\t\t<\/div>\n\t\t\t\t\t<\/div>\n\t\t\t\t<\/div>\n\t\t\t\t\t<\/div>\n\t\t\t\t<\/div>\n\t\t<div class=\"elementor-element elementor-element-9553aa8 e-flex e-con-boxed e-con e-parent\" data-id=\"9553aa8\" data-element_type=\"container\" data-e-type=\"container\">\n\t\t\t\t\t<div class=\"e-con-inner\">\n\t\t\t\t<div class=\"elementor-element elementor-element-34dbc1a elementor-widget elementor-widget-heading\" data-id=\"34dbc1a\" data-element_type=\"widget\" data-e-type=\"widget\" data-widget_type=\"heading.default\">\n\t\t\t\t<div class=\"elementor-widget-container\">\n\t\t\t\t\t<h2 class=\"elementor-heading-title elementor-size-default\">Teams Talk: Effektive und kosteng\u00fcnstige online-Sprachkurse bei <i>AllboutEnglish<\/i><\/h2>\t\t\t\t<\/div>\n\t\t\t\t<\/div>\n\t\t\t\t\t<\/div>\n\t\t\t\t<\/div>\n\t\t<div class=\"elementor-element elementor-element-85d25ac e-flex e-con-boxed e-con e-parent\" data-id=\"85d25ac\" data-element_type=\"container\" data-e-type=\"container\">\n\t\t\t\t\t<div class=\"e-con-inner\">\n\t\t\t\t<div class=\"elementor-element elementor-element-4e489ba elementor-widget elementor-widget-image\" data-id=\"4e489ba\" data-element_type=\"widget\" data-e-type=\"widget\" data-widget_type=\"image.default\">\n\t\t\t\t<div class=\"elementor-widget-container\">\n\t\t\t\t\t\t\t\t\t\t\t\t\t\t\t\t<a href=\"https:\/\/teams.live.com\/meet\/9397468006406?p=F0GPfT6RauqyDEpKOl\" target=\"_blank\" rel=\"noopener\">\n\t\t\t\t\t\t\t<img fetchpriority=\"high\" decoding=\"async\" width=\"800\" height=\"450\" src=\"https:\/\/allboutenglish.de\/wp-content\/uploads\/2025\/10\/Teams-Bild-1024x576.jpg\" class=\"attachment-large size-large wp-image-2214\" alt=\"\" srcset=\"https:\/\/allboutenglish.de\/wp-content\/uploads\/2025\/10\/Teams-Bild-1024x576.jpg 1024w, https:\/\/allboutenglish.de\/wp-content\/uploads\/2025\/10\/Teams-Bild-300x169.jpg 300w, https:\/\/allboutenglish.de\/wp-content\/uploads\/2025\/10\/Teams-Bild-768x432.jpg 768w, https:\/\/allboutenglish.de\/wp-content\/uploads\/2025\/10\/Teams-Bild-1536x864.jpg 1536w, https:\/\/allboutenglish.de\/wp-content\/uploads\/2025\/10\/Teams-Bild-18x10.jpg 18w, https:\/\/allboutenglish.de\/wp-content\/uploads\/2025\/10\/Teams-Bild.jpg 1920w\" sizes=\"(max-width: 800px) 100vw, 800px\" \/>\t\t\t\t\t\t\t\t<\/a>\n\t\t\t\t\t\t\t\t\t\t\t\t\t\t\t<\/div>\n\t\t\t\t<\/div>\n\t\t\t\t\t<\/div>\n\t\t\t\t<\/div>\n\t\t<div class=\"elementor-element elementor-element-6d30e83 e-flex e-con-boxed e-con e-parent\" data-id=\"6d30e83\" data-element_type=\"container\" data-e-type=\"container\">\n\t\t\t\t\t<div class=\"e-con-inner\">\n\t\t\t\t<div class=\"elementor-element elementor-element-6b7ba36 elementor-widget elementor-widget-text-editor\" data-id=\"6b7ba36\" data-element_type=\"widget\" data-e-type=\"widget\" data-widget_type=\"text-editor.default\">\n\t\t\t\t<div class=\"elementor-widget-container\">\n\t\t\t\t\t\t\t\t\t<p>In der heutigen globalisierten Welt sind Sprachkenntnisse von entscheidender Bedeutung. Bei <em>AllboutEnglish<\/em> bieten wir ma\u00dfgeschneiderte Online-Sprachkurse an, die speziell auf die individuellen Bed\u00fcrfnisse und Ziele unserer Teilnemer zugeschnitten sind. Diese Kurse sind nicht nur \u00e4u\u00dferst effektiv, sondern auch kosteng\u00fcnstiger als viele Gruppenkurse. In diesem Artikel werden wir die Vorteile unseres Online-Unterrichts hervorheben und erkl\u00e4ren, warum er eine ausgezeichnete Wahl f\u00fcr alle ist, die ihre Sprachkenntnisse verbessern m\u00f6chten.<\/p>\t\t\t\t\t\t\t\t<\/div>\n\t\t\t\t<\/div>\n\t\t\t\t\t<\/div>\n\t\t\t\t<\/div>\n\t\t<div class=\"elementor-element elementor-element-6f17abc e-flex e-con-boxed e-con e-parent\" data-id=\"6f17abc\" data-element_type=\"container\" data-e-type=\"container\">\n\t\t\t\t\t<div class=\"e-con-inner\">\n\t\t\t\t<div class=\"elementor-element elementor-element-70a3b5e elementor-widget elementor-widget-image\" data-id=\"70a3b5e\" data-element_type=\"widget\" data-e-type=\"widget\" data-widget_type=\"image.default\">\n\t\t\t\t<div class=\"elementor-widget-container\">\n\t\t\t\t\t\t\t\t\t\t\t\t\t\t\t\t<a href=\"https:\/\/teams.live.com\/meet\/9397468006406?p=F0GPfT6RauqyDEpKOl\" target=\"_blank\" rel=\"noopener\">\n\t\t\t\t\t\t\t<img decoding=\"async\" width=\"150\" height=\"150\" src=\"https:\/\/allboutenglish.de\/wp-content\/uploads\/2025\/10\/Teams-Bild-150x150.jpg\" class=\"attachment-thumbnail size-thumbnail wp-image-2214\" alt=\"\" \/>\t\t\t\t\t\t\t\t<\/a>\n\t\t\t\t\t\t\t\t\t\t\t\t\t\t\t<\/div>\n\t\t\t\t<\/div>\n\t\t\t\t\t<\/div>\n\t\t\t\t<\/div>\n\t\t<div class=\"elementor-element elementor-element-b9ae6d8 e-flex e-con-boxed e-con e-parent\" data-id=\"b9ae6d8\" data-element_type=\"container\" data-e-type=\"container\">\n\t\t\t\t\t<div class=\"e-con-inner\">\n\t\t<div class=\"elementor-element elementor-element-57b351d e-con-full e-flex e-con e-child\" data-id=\"57b351d\" data-element_type=\"container\" data-e-type=\"container\">\n\t\t\t\t<div class=\"elementor-element elementor-element-6a7ec4a elementor-widget elementor-widget-text-editor\" data-id=\"6a7ec4a\" data-element_type=\"widget\" data-e-type=\"widget\" data-widget_type=\"text-editor.default\">\n\t\t\t\t<div class=\"elementor-widget-container\">\n\t\t\t\t\t\t\t\t\t<p>Umweltvorteile<\/p><p>Ein gro\u00dfer Vorteil des Online-Unterrichts ist die <a href=\"https:\/\/de.wikipedia.org\/wiki\/Environmental,_Social_and_Governance\" target=\"_blank\" rel=\"noopener\">Reduzierung des CO2-Fu\u00dfabdrucks<\/a>. Da keine Fahrten zu einem physischen Standort erforderlich sind, wird der Benzinverbrauch minimiert, was zu einer geringeren Umweltbelastung f\u00fchrt. Dies ist besonders wichtig in einer Zeit, in der Nachhaltigkeit und Umweltschutz immer mehr an Bedeutung gewinnen.<\/p>\t\t\t\t\t\t\t\t<\/div>\n\t\t\t\t<\/div>\n\t\t\t\t<\/div>\n\t\t<div class=\"elementor-element elementor-element-558dacb e-con-full e-flex e-con e-child\" data-id=\"558dacb\" data-element_type=\"container\" data-e-type=\"container\">\n\t\t\t\t<div class=\"elementor-element elementor-element-2077ffb elementor-widget elementor-widget-text-editor\" data-id=\"2077ffb\" data-element_type=\"widget\" data-e-type=\"widget\" data-widget_type=\"text-editor.default\">\n\t\t\t\t<div class=\"elementor-widget-container\">\n\t\t\t\t\t\t\t\t\t<p>Zeitersparnis<\/p><p>Online-Unterricht spart wertvolle Zeit, die sonst f\u00fcr den Weg zum Unterrichtsort und zur\u00fcck aufgewendet w\u00fcrde. Diese Zeit kann stattdessen f\u00fcr das Lernen oder andere wichtige Aktivit\u00e4ten genutzt werden. Die Flexibilit\u00e4t, von zu Hause oder einem anderen Ort aus zu lernen, macht den Online-Unterricht besonders attraktiv f\u00fcr Berufst\u00e4tige, Studenten und Eltern.<\/p>\t\t\t\t\t\t\t\t<\/div>\n\t\t\t\t<\/div>\n\t\t\t\t<\/div>\n\t\t<div class=\"elementor-element elementor-element-2421e84 e-con-full e-flex e-con e-child\" data-id=\"2421e84\" data-element_type=\"container\" data-e-type=\"container\">\n\t\t\t\t<div class=\"elementor-element elementor-element-26b8e32 elementor-widget elementor-widget-text-editor\" data-id=\"26b8e32\" data-element_type=\"widget\" data-e-type=\"widget\" data-widget_type=\"text-editor.default\">\n\t\t\t\t<div class=\"elementor-widget-container\">\n\t\t\t\t\t\t\t\t\t<p>Kosteneffizienz<\/p><p>Ohne die Notwendigkeit, zu einem physischen Standort zu reisen, entfallen die Kosten f\u00fcr Benzin, \u00f6ffentliche Verkehrsmittel oder Parkgeb\u00fchren. Dies macht den Online-Unterricht kosteng\u00fcnstiger und zug\u00e4nglicher f\u00fcr eine breitere Zielgruppe. Dar\u00fcber hinaus k\u00f6nnen die Sch\u00fcler in ihrem eigenen Tempo lernen, was die Effizienz und den Wert des Unterrichts erh\u00f6ht.\u00a0<\/p>\t\t\t\t\t\t\t\t<\/div>\n\t\t\t\t<\/div>\n\t\t\t\t<\/div>\n\t\t<div class=\"elementor-element elementor-element-69cac43 e-con-full e-flex e-con e-child\" data-id=\"69cac43\" data-element_type=\"container\" data-e-type=\"container\">\n\t\t\t\t<div class=\"elementor-element elementor-element-9fc8f30 elementor-widget elementor-widget-text-editor\" data-id=\"9fc8f30\" data-element_type=\"widget\" data-e-type=\"widget\" data-widget_type=\"text-editor.default\">\n\t\t\t\t<div class=\"elementor-widget-container\">\n\t\t\t\t\t\t\t\t\t<p>Flexibilit\u00e4t und Bequemlichkeit<\/p><p>Unsere Online-Sprachkurse bieten eine hohe Flexibilit\u00e4t in Bezug auf Zeit und Ort. Bei <em>AllboutEnglish<\/em> k\u00f6nnen die Sch\u00fcler ihre Unterrichtszeiten so planen, dass sie in ihren vollen Terminkalender passen. Dies ist besonders vorteilhaft f\u00fcr Berufst\u00e4tige, Studenten oder Eltern, die ihre Sprachkenntnisse verbessern m\u00f6chten, aber wenig Zeit haben. Dar\u00fcber hinaus k\u00f6nnen die Kurse bequem von zu Hause oder jedem anderen Ort mit Internetzugang aus absolviert werden.<\/p>\t\t\t\t\t\t\t\t<\/div>\n\t\t\t\t<\/div>\n\t\t\t\t<\/div>\n\t\t<div class=\"elementor-element elementor-element-39d29ae e-con-full e-flex e-con e-child\" data-id=\"39d29ae\" data-element_type=\"container\" data-e-type=\"container\">\n\t\t\t\t<div class=\"elementor-element elementor-element-e542f1d elementor-widget elementor-widget-text-editor\" data-id=\"e542f1d\" data-element_type=\"widget\" data-e-type=\"widget\" data-widget_type=\"text-editor.default\">\n\t\t\t\t<div class=\"elementor-widget-container\">\n\t\t\t\t\t\t\t\t\t<p>Pers\u00f6nliche Aufmerksamkeit<\/p><p>In unseren Online-Sprachkursen erh\u00e4lt der Sch\u00fcler die ungeteilte Aufmerksamkeit des Lehrers. Dies bedeutet, dass der Lehrer sofort auf Fragen und Unsicherheiten eingehen kann, was zu einem tieferen Verst\u00e4ndnis und einer besseren Beherrschung der Sprache f\u00fchrt. Diese pers\u00f6nliche Betreuung ist in Gruppenkursen oft nicht m\u00f6glich, da der Lehrer seine Aufmerksamkeit auf mehrere Sch\u00fcler verteilen muss.<\/p>\t\t\t\t\t\t\t\t<\/div>\n\t\t\t\t<\/div>\n\t\t\t\t<\/div>\n\t\t<div class=\"elementor-element elementor-element-f93b7b5 e-con-full e-flex e-con e-child\" data-id=\"f93b7b5\" data-element_type=\"container\" data-e-type=\"container\">\n\t\t\t\t<div class=\"elementor-element elementor-element-54b9b35 elementor-widget elementor-widget-text-editor\" data-id=\"54b9b35\" data-element_type=\"widget\" data-e-type=\"widget\" data-widget_type=\"text-editor.default\">\n\t\t\t\t<div class=\"elementor-widget-container\">\n\t\t\t\t\t\t\t\t\t<p><a href=\"https:\/\/de.wikipedia.org\/wiki\/Environmental,_Social_and_Governance\" target=\"_blank\" rel=\"noopener\">Unterst\u00fctzung f\u00fcr besondere Bed\u00fcrfnisse<\/a><\/p><p>Unsere Online-Sprachkurse sind auch ideal f\u00fcr Teilnehmer mit besonderen Bed\u00fcrfnissen. Dies ist in Gruppenkursen oft nicht m\u00f6glich, da der Lehrer auf die Bed\u00fcrfnisse einer Vielzahl von Sch\u00fclern eingehen muss. Auch Menschen mit k\u00f6rperlichen Einschr\u00e4nkungen haben weniger M\u00fchen teilzunehmen.<\/p>\t\t\t\t\t\t\t\t<\/div>\n\t\t\t\t<\/div>\n\t\t\t\t<\/div>\n\t\t\t\t\t<\/div>\n\t\t\t\t<\/div>\n\t\t\t\t<\/div>\n\t\t","protected":false},"excerpt":{"rendered":"<p>Online mit Teams Teams Talk: Effektive und kosteng\u00fcnstige online-Sprachkurse bei AllboutEnglish In der heutigen globalisierten Welt sind Sprachkenntnisse von entscheidender Bedeutung. Bei AllboutEnglish bieten wir ma\u00dfgeschneiderte Online-Sprachkurse an, die speziell auf die individuellen Bed\u00fcrfnisse und Ziele unserer Teilnemer zugeschnitten sind. Diese Kurse sind nicht nur \u00e4u\u00dferst effektiv, sondern auch kosteng\u00fcnstiger als viele Gruppenkurse. In diesem [&hellip;]<\/p>\n","protected":false},"author":1,"featured_media":0,"parent":399,"menu_order":5,"comment_status":"closed","ping_status":"closed","template":"","meta":{"footnotes":""},"class_list":["post-417","page","type-page","status-publish","hentry"],"_links":{"self":[{"href":"https:\/\/allboutenglish.de\/de_de_formal\/wp-json\/wp\/v2\/pages\/417","targetHints":{"allow":["GET"]}}],"collection":[{"href":"https:\/\/allboutenglish.de\/de_de_formal\/wp-json\/wp\/v2\/pages"}],"about":[{"href":"https:\/\/allboutenglish.de\/de_de_formal\/wp-json\/wp\/v2\/types\/page"}],"author":[{"embeddable":true,"href":"https:\/\/allboutenglish.de\/de_de_formal\/wp-json\/wp\/v2\/users\/1"}],"replies":[{"embeddable":true,"href":"https:\/\/allboutenglish.de\/de_de_formal\/wp-json\/wp\/v2\/comments?post=417"}],"version-history":[{"count":65,"href":"https:\/\/allboutenglish.de\/de_de_formal\/wp-json\/wp\/v2\/pages\/417\/revisions"}],"predecessor-version":[{"id":2254,"href":"https:\/\/allboutenglish.de\/de_de_formal\/wp-json\/wp\/v2\/pages\/417\/revisions\/2254"}],"up":[{"embeddable":true,"href":"https:\/\/allboutenglish.de\/de_de_formal\/wp-json\/wp\/v2\/pages\/399"}],"wp:attachment":[{"href":"https:\/\/allboutenglish.de\/de_de_formal\/wp-json\/wp\/v2\/media?parent=417"}],"curies":[{"name":"wp","href":"https:\/\/api.w.org\/{rel}","templated":true}]}}