{"id":551,"date":"2024-03-05T07:43:44","date_gmt":"2024-03-05T06:43:44","guid":{"rendered":"https:\/\/allboutenglish.de\/?page_id=551"},"modified":"2025-02-06T16:46:28","modified_gmt":"2025-02-06T15:46:28","slug":"wirtschaftsenglisch-business-english-aachen","status":"publish","type":"page","link":"https:\/\/allboutenglish.de\/de_de_formal\/wirtschaftsenglisch-business-english-aachen\/","title":{"rendered":"Wirtschaftsenglisch Aachen"},"content":{"rendered":"\t\t<div data-elementor-type=\"wp-page\" data-elementor-id=\"551\" class=\"elementor elementor-551\" data-elementor-post-type=\"page\">\n\t\t\t\t<div class=\"elementor-element elementor-element-1642b90 e-flex e-con-boxed e-con e-parent\" data-id=\"1642b90\" data-element_type=\"container\" data-e-type=\"container\">\n\t\t\t\t\t<div class=\"e-con-inner\">\n\t\t<div class=\"elementor-element elementor-element-9c49319 e-flex e-con-boxed e-con e-child\" data-id=\"9c49319\" data-element_type=\"container\" data-e-type=\"container\" data-settings=\"{&quot;background_background&quot;:&quot;classic&quot;}\">\n\t\t\t\t\t<div class=\"e-con-inner\">\n\t\t<div class=\"elementor-element elementor-element-1161493 e-con-full e-flex e-con e-child\" data-id=\"1161493\" data-element_type=\"container\" data-e-type=\"container\">\n\t\t\t\t<div class=\"elementor-element elementor-element-e4ee74d elementor-widget elementor-widget-heading\" data-id=\"e4ee74d\" data-element_type=\"widget\" data-e-type=\"widget\" data-widget_type=\"heading.default\">\n\t\t\t\t<div class=\"elementor-widget-container\">\n\t\t\t\t\t<h1 class=\"elementor-heading-title elementor-size-default\">Wirtschaftsenglisch - Business English Aachen<\/h1>\t\t\t\t<\/div>\n\t\t\t\t<\/div>\n\t\t\t\t<\/div>\n\t\t<div class=\"elementor-element elementor-element-7f9bc11 e-con-full e-flex e-con e-child\" data-id=\"7f9bc11\" data-element_type=\"container\" data-e-type=\"container\">\n\t\t\t\t<div class=\"elementor-element elementor-element-9c58540 elementor-widget elementor-widget-shortcode\" data-id=\"9c58540\" data-element_type=\"widget\" data-e-type=\"widget\" data-widget_type=\"shortcode.default\">\n\t\t\t\t<div class=\"elementor-widget-container\">\n\t\t\t\t\t\t\t<div class=\"elementor-shortcode\"><nav aria-label=\"breadcrumbs\" class=\"rank-math-breadcrumb\"><p><span class=\"last\">Startseite<\/span><\/p><\/nav><\/div>\n\t\t\t\t\t\t<\/div>\n\t\t\t\t<\/div>\n\t\t\t\t<div class=\"elementor-element elementor-element-6e2ef31 elementor-search-form--skin-minimal elementor-widget elementor-widget-search-form\" data-id=\"6e2ef31\" data-element_type=\"widget\" data-e-type=\"widget\" data-settings=\"{&quot;skin&quot;:&quot;minimal&quot;}\" data-widget_type=\"search-form.default\">\n\t\t\t\t<div class=\"elementor-widget-container\">\n\t\t\t\t\t\t\t<search role=\"search\">\n\t\t\t<form class=\"elementor-search-form\" action=\"https:\/\/allboutenglish.de\/de_de_formal\" method=\"get\">\n\t\t\t\t\t\t\t\t\t\t\t\t<div class=\"elementor-search-form__container\">\n\t\t\t\t\t<label class=\"elementor-screen-only\" for=\"elementor-search-form-6e2ef31\">Suche<\/label>\n\n\t\t\t\t\t\t\t\t\t\t\t<div class=\"elementor-search-form__icon\">\n\t\t\t\t\t\t\t<div class=\"e-font-icon-svg-container\"><svg aria-hidden=\"true\" class=\"e-font-icon-svg e-fas-search\" viewBox=\"0 0 512 512\" xmlns=\"http:\/\/www.w3.org\/2000\/svg\"><path d=\"M505 442.7L405.3 343c-4.5-4.5-10.6-7-17-7H372c27.6-35.3 44-79.7 44-128C416 93.1 322.9 0 208 0S0 93.1 0 208s93.1 208 208 208c48.3 0 92.7-16.4 128-44v16.3c0 6.4 2.5 12.5 7 17l99.7 99.7c9.4 9.4 24.6 9.4 33.9 0l28.3-28.3c9.4-9.4 9.4-24.6.1-34zM208 336c-70.7 0-128-57.2-128-128 0-70.7 57.2-128 128-128 70.7 0 128 57.2 128 128 0 70.7-57.2 128-128 128z\"><\/path><\/svg><\/div>\t\t\t\t\t\t\t<span class=\"elementor-screen-only\">Suche<\/span>\n\t\t\t\t\t\t<\/div>\n\t\t\t\t\t\n\t\t\t\t\t<input id=\"elementor-search-form-6e2ef31\" placeholder=\"Search\" class=\"elementor-search-form__input\" type=\"search\" name=\"s\" value=\"\">\n\t\t\t\t\t\n\t\t\t\t\t\n\t\t\t\t\t\t\t\t\t<\/div>\n\t\t\t<\/form>\n\t\t<\/search>\n\t\t\t\t\t\t<\/div>\n\t\t\t\t<\/div>\n\t\t\t\t<\/div>\n\t\t\t\t\t<\/div>\n\t\t\t\t<\/div>\n\t\t\t\t\t<\/div>\n\t\t\t\t<\/div>\n\t\t<div class=\"elementor-element elementor-element-9913a46 e-flex e-con-boxed e-con e-parent\" data-id=\"9913a46\" data-element_type=\"container\" data-e-type=\"container\">\n\t\t\t\t\t<div class=\"e-con-inner\">\n\t\t<div class=\"elementor-element elementor-element-f23b820 e-con-full e-flex e-con e-child\" data-id=\"f23b820\" data-element_type=\"container\" data-e-type=\"container\">\n\t\t\t\t<div class=\"elementor-element elementor-element-4e09277 elementor-widget elementor-widget-image\" data-id=\"4e09277\" data-element_type=\"widget\" data-e-type=\"widget\" data-widget_type=\"image.default\">\n\t\t\t\t<div class=\"elementor-widget-container\">\n\t\t\t\t\t\t\t\t\t\t\t\t\t\t\t<img fetchpriority=\"high\" decoding=\"async\" width=\"300\" height=\"400\" src=\"https:\/\/allboutenglish.de\/wp-content\/uploads\/2024\/03\/rftu-81-300x400-1.jpg\" class=\"attachment-large size-large wp-image-553\" alt=\"Ein Whitby G\u00e4sschen, das unbeschreiblich romantisch und sehenswert ist. Lerne Englisch oder Wirtschaftsenglisch-Business English Aachen mit uns - allboutenglish.\" srcset=\"https:\/\/allboutenglish.de\/wp-content\/uploads\/2024\/03\/rftu-81-300x400-1.jpg 300w, https:\/\/allboutenglish.de\/wp-content\/uploads\/2024\/03\/rftu-81-300x400-1-225x300.jpg 225w\" sizes=\"(max-width: 300px) 100vw, 300px\" \/>\t\t\t\t\t\t\t\t\t\t\t\t\t\t\t<\/div>\n\t\t\t\t<\/div>\n\t\t\t\t<\/div>\n\t\t<div class=\"elementor-element elementor-element-201fed8 e-con-full e-flex e-con e-child\" data-id=\"201fed8\" data-element_type=\"container\" data-e-type=\"container\">\n\t\t\t\t<div class=\"elementor-element elementor-element-efdc9ca elementor-widget elementor-widget-heading\" data-id=\"efdc9ca\" data-element_type=\"widget\" data-e-type=\"widget\" data-widget_type=\"heading.default\">\n\t\t\t\t<div class=\"elementor-widget-container\">\n\t\t\t\t\t<h2 class=\"elementor-heading-title elementor-size-default\">Wirtschaftsenglisch-Business English Aachen<\/h2>\t\t\t\t<\/div>\n\t\t\t\t<\/div>\n\t\t\t\t<div class=\"elementor-element elementor-element-00aa67a elementor-widget elementor-widget-text-editor\" data-id=\"00aa67a\" data-element_type=\"widget\" data-e-type=\"widget\" data-widget_type=\"text-editor.default\">\n\t\t\t\t<div class=\"elementor-widget-container\">\n\t\t\t\t\t\t\t\t\t<p>Sind Sie daran interessiert, <a href=\"https:\/\/en.wikipedia.org\/wiki\/Business_English\" target=\"_blank\" rel=\"noopener\">Wirtschaftsenglisch<\/a> in Aachen zu lernen? Dann sind Sie bei <em>AllboutEnglish<\/em> genau richtig. Wir bieten professionelle Englischkurse online und\/oder bei Ihnen vor Ort an, wenn gew\u00fcnscht. Unsere ma\u00dfgeschneiderten Kurse sind ideal f\u00fcr Gesch\u00e4ftsleute und Unternehmen, die ihre Englischkenntnisse verbessern m\u00f6chten.<\/p><p>Im gesch\u00e4ftlichen Bereich ist es unerl\u00e4sslich, sich gut auszudr\u00fccken und ein sicheres englisches Verhandlungsgeschick zu besitzen und anzuwenden. Daf\u00fcr gen\u00fcgen in der Regel keine grundlegenden Englischkenntnisse; es sind vielmehr umfassende Englischkenntnisse erforderlich. Wirtschaftsenglisch, oft auch als Business English bezeichnet, ist umfangreicher und umfasst Themen wie Steuerrecht, Finanzen und Wirtschaft. Wirtschaftsenglisch-Business English Aachen ist besonders f\u00fcr professionelle berufliche Zwecke geeignet, z.B. wenn Sie in einem englischsprachigen Land arbeiten oder leben m\u00f6chten.<\/p><p>Unsere Englischkurse sind so gestaltet, dass sie die spezifischen Bed\u00fcrfnisse von Gesch\u00e4ftsleuten und Unternehmen ber\u00fccksichtigen und bei Fragestellungen diese auch zweifellos angehen. Nehmen Sie einfach Kontakt zu uns auf, und wir beraten Sie gerne, um eine optimale L\u00f6sung f\u00fcr Sie zu finden. Unsere Experten arbeiten mit Ihnen zusammen, um ma\u00dfgeschneiderte Englischkurse zu erstellen, die Ihre individuellen Ziele und Anforderungen erf\u00fcllen.<\/p><p>Ein besonderer Schwerpunkt unserer Kurse liegt darauf, Sie verhandlungssicher zu machen. Dies bedeutet, dass Sie nach Abschluss unserer Kurse in der Lage sein werden, gesch\u00e4ftliche Verhandlungen auf Englisch selbstbewusst und erfolgreich zu f\u00fchren. Unsere Kurse sind praxisorientiert und beinhalten Diskussionen und realit\u00e4tsnahe Szenarien, um Ihre Sprachf\u00e4higkeiten zu sch\u00e4rfen.<\/p><p>Wirtschaftsenglisch-Business English Aachen \u2013 von <em>AllboutEnglish<\/em> \u2013 bietet nicht nur Kurse f\u00fcr Einzelpersonen aus Personal und Management der <a href=\"https:\/\/allboutenglish.de\/leistungen\/sprachkurse-in-aachen-abe-sorgenfrei\/englischunterricht-ist-essentiell-fuer-firmen\/\">Firmen<\/a> an, sondern auch f\u00fcr ganze Unternehmen. Unsere Firmenkurse sind darauf ausgelegt, die Englischkenntnisse Ihrer Mitarbeiter zu verbessern und ihnen die Werkzeuge an die Hand zu geben, die sie f\u00fcr den internationalen Gesch\u00e4ftserfolg ben\u00f6tigen.<\/p><p>Unsere Kurse sind flexibel und k\u00f6nnen an Ihre zeitlichen Bed\u00fcrfnisse angepasst werden. Ob Sie regelm\u00e4\u00dfigen Unterricht bevorzugen oder intensive Blockkurse w\u00fcnschen, wir haben die passende L\u00f6sung f\u00fcr Sie. Zus\u00e4tzlich bieten wir spezielle Kurse f\u00fcr verschiedene Branchen an, darunter Finanzen, Marketing, Recht und mehr.<\/p><p>Wir bei <em>AllboutEnglish<\/em> wissen, dass jede Firma und jede Person einzigartige Anforderungen hat. Deshalb legen wir gro\u00dfen Wert auf individuelle Beratung und Betreuung. Wir helfen Ihnen, Ihre Sprachziele zu definieren und einen ma\u00dfgeschneiderten Lernplan zu erstellen, der Ihre Bed\u00fcrfnisse erf\u00fcllt.<\/p><p>Mit <em>AllboutEnglish <\/em>und seinem Wirtschaftsenglisch-Business English Aachen sind Sie auf dem besten Weg, Ihre Englischkenntnisse zu erweitern und Ihre beruflichen Ziele zu erreichen. Unsere Kurse sind darauf ausgerichtet, Ihre Kommunikationsf\u00e4higkeiten zu verbessern und Ihnen das Vertrauen zu geben, das Sie ben\u00f6tigen, um in der internationalen Gesch\u00e4ftswelt erfolgreich zu sein.<\/p><p>Kontaktieren Sie uns noch heute und lassen Sie sich von uns beraten. Gemeinsam erarbeiten wir eine ma\u00dfgeschneiderte L\u00f6sung, die genau auf Ihre Bed\u00fcrfnisse abgestimmt ist. Wirtschaftsenglisch Aachen \u2013 <em>AllboutEnglish<\/em> \u2013 Ihre erste Wahl f\u00fcr hochwertige Englischkurse.<\/p>\t\t\t\t\t\t\t\t<\/div>\n\t\t\t\t<\/div>\n\t\t\t\t<\/div>\n\t\t\t\t\t<\/div>\n\t\t\t\t<\/div>\n\t\t<div class=\"elementor-element elementor-element-8fe0f0b e-flex e-con-boxed e-con e-parent\" data-id=\"8fe0f0b\" data-element_type=\"container\" data-e-type=\"container\">\n\t\t\t\t\t<div class=\"e-con-inner\">\n\t\t\t\t<div class=\"elementor-element elementor-element-5354a76 elementor-widget elementor-widget-text-editor\" data-id=\"5354a76\" data-element_type=\"widget\" data-e-type=\"widget\" data-widget_type=\"text-editor.default\">\n\t\t\t\t<div class=\"elementor-widget-container\">\n\t\t\t\t\t\t\t\t\t<p>Unsere erfahrenen Lehrkr\u00e4fte sind Experten auf ihrem Gebiet und bringen jahrelange Erfahrung im Unterrichten von Wirtschaftsenglisch mit. Sie verstehen die spezifischen Anforderungen und Herausforderungen, denen Gesch\u00e4ftsleute in der heutigen globalisierten Welt gegen\u00fcberstehen. Durch ihre praxisorientierte Herangehensweise und ihre F\u00e4higkeit, komplexe Themen verst\u00e4ndlich zu vermitteln, sorgen sie daf\u00fcr, dass Sie das Beste aus Ihrem Englischkurs herausholen.<\/p><p>Dar\u00fcber hinaus bieten wir regelm\u00e4\u00dfige Feedback-Sitzungen an, um Ihren Fortschritt zu bewerten und sicherzustellen, dass Sie auf dem richtigen Weg sind, Ihre Sprachziele zu erreichen. Unsere modernen Lehrmethoden und Materialien sind darauf ausgelegt, Ihnen ein umfassendes und abwechslungsreiches Lernerlebnis zu bieten.<\/p><p>Wir sind stolz darauf, dass viele unserer ehemaligen Kursteilnehmer gro\u00dfe Erfolge in ihrer beruflichen Laufbahn erzielt haben und uns als wesentlichen Teil ihres Erfolgs sehen. Lassen Sie uns auch Ihnen dabei helfen, Ihre Ziele zu erreichen und Ihre Karriere voranzubringen. Warten Sie nicht l\u00e4nger \u2013 nehmen Sie noch heute Kontakt mit <em>AllboutEnglish <\/em>auf und starten Sie Ihre Reise zum Erfolg im internationalen Gesch\u00e4ft.<\/p>\t\t\t\t\t\t\t\t<\/div>\n\t\t\t\t<\/div>\n\t\t\t\t\t<\/div>\n\t\t\t\t<\/div>\n\t\t\t\t<\/div>\n\t\t","protected":false},"excerpt":{"rendered":"<p>Wirtschaftsenglisch &#8211; Business English Aachen Wirtschaftsenglisch-Business English Aachen Sind Sie daran interessiert, Wirtschaftsenglisch in Aachen zu lernen? Dann sind Sie bei AllboutEnglish genau richtig. Wir bieten professionelle Englischkurse online und\/oder bei Ihnen vor Ort an, wenn gew\u00fcnscht. Unsere ma\u00dfgeschneiderten Kurse sind ideal f\u00fcr Gesch\u00e4ftsleute und Unternehmen, die ihre Englischkenntnisse verbessern m\u00f6chten. Im gesch\u00e4ftlichen Bereich ist [&hellip;]<\/p>\n","protected":false},"author":1,"featured_media":0,"parent":0,"menu_order":8,"comment_status":"closed","ping_status":"closed","template":"","meta":{"footnotes":""},"class_list":["post-551","page","type-page","status-publish","hentry"],"_links":{"self":[{"href":"https:\/\/allboutenglish.de\/de_de_formal\/wp-json\/wp\/v2\/pages\/551","targetHints":{"allow":["GET"]}}],"collection":[{"href":"https:\/\/allboutenglish.de\/de_de_formal\/wp-json\/wp\/v2\/pages"}],"about":[{"href":"https:\/\/allboutenglish.de\/de_de_formal\/wp-json\/wp\/v2\/types\/page"}],"author":[{"embeddable":true,"href":"https:\/\/allboutenglish.de\/de_de_formal\/wp-json\/wp\/v2\/users\/1"}],"replies":[{"embeddable":true,"href":"https:\/\/allboutenglish.de\/de_de_formal\/wp-json\/wp\/v2\/comments?post=551"}],"version-history":[{"count":46,"href":"https:\/\/allboutenglish.de\/de_de_formal\/wp-json\/wp\/v2\/pages\/551\/revisions"}],"predecessor-version":[{"id":1798,"href":"https:\/\/allboutenglish.de\/de_de_formal\/wp-json\/wp\/v2\/pages\/551\/revisions\/1798"}],"wp:attachment":[{"href":"https:\/\/allboutenglish.de\/de_de_formal\/wp-json\/wp\/v2\/media?parent=551"}],"curies":[{"name":"wp","href":"https:\/\/api.w.org\/{rel}","templated":true}]}}