{"id":557,"date":"2024-03-05T07:46:52","date_gmt":"2024-03-05T06:46:52","guid":{"rendered":"https:\/\/allboutenglish.de\/?page_id=557"},"modified":"2024-03-05T12:33:04","modified_gmt":"2024-03-05T11:33:04","slug":"sprachschule-aachen","status":"publish","type":"page","link":"https:\/\/allboutenglish.de\/de_de_formal\/sprachschule-aachen\/","title":{"rendered":"Sprachschule Aachen und Umgebung"},"content":{"rendered":"\t\t<div data-elementor-type=\"wp-page\" data-elementor-id=\"557\" class=\"elementor elementor-557\" data-elementor-post-type=\"page\">\n\t\t\t\t<div class=\"elementor-element elementor-element-f2f73b5 e-flex e-con-boxed e-con e-parent\" data-id=\"f2f73b5\" data-element_type=\"container\" data-e-type=\"container\">\n\t\t\t\t\t<div class=\"e-con-inner\">\n\t\t<div class=\"elementor-element elementor-element-f13a4a6 e-flex e-con-boxed e-con e-child\" data-id=\"f13a4a6\" data-element_type=\"container\" data-e-type=\"container\" data-settings=\"{&quot;background_background&quot;:&quot;classic&quot;}\">\n\t\t\t\t\t<div class=\"e-con-inner\">\n\t\t<div class=\"elementor-element elementor-element-f3b087e e-con-full e-flex e-con e-child\" data-id=\"f3b087e\" data-element_type=\"container\" data-e-type=\"container\">\n\t\t\t\t<div class=\"elementor-element elementor-element-69799ed elementor-widget elementor-widget-heading\" data-id=\"69799ed\" data-element_type=\"widget\" data-e-type=\"widget\" data-widget_type=\"heading.default\">\n\t\t\t\t<div class=\"elementor-widget-container\">\n\t\t\t\t\t<h1 class=\"elementor-heading-title elementor-size-default\">Sprachschule Aachen<\/h1>\t\t\t\t<\/div>\n\t\t\t\t<\/div>\n\t\t\t\t<\/div>\n\t\t<div class=\"elementor-element elementor-element-fc7cd0c e-con-full e-flex e-con e-child\" data-id=\"fc7cd0c\" data-element_type=\"container\" data-e-type=\"container\">\n\t\t\t\t<div class=\"elementor-element elementor-element-78d261d elementor-widget elementor-widget-shortcode\" data-id=\"78d261d\" data-element_type=\"widget\" data-e-type=\"widget\" data-widget_type=\"shortcode.default\">\n\t\t\t\t<div class=\"elementor-widget-container\">\n\t\t\t\t\t\t\t<div class=\"elementor-shortcode\"><nav aria-label=\"breadcrumbs\" class=\"rank-math-breadcrumb\"><p><span class=\"last\">Startseite<\/span><\/p><\/nav><\/div>\n\t\t\t\t\t\t<\/div>\n\t\t\t\t<\/div>\n\t\t\t\t<div class=\"elementor-element elementor-element-3bd0c97 elementor-search-form--skin-minimal elementor-widget elementor-widget-search-form\" data-id=\"3bd0c97\" data-element_type=\"widget\" data-e-type=\"widget\" data-settings=\"{&quot;skin&quot;:&quot;minimal&quot;}\" data-widget_type=\"search-form.default\">\n\t\t\t\t<div class=\"elementor-widget-container\">\n\t\t\t\t\t\t\t<search role=\"search\">\n\t\t\t<form class=\"elementor-search-form\" action=\"https:\/\/allboutenglish.de\/de_de_formal\" method=\"get\">\n\t\t\t\t\t\t\t\t\t\t\t\t<div class=\"elementor-search-form__container\">\n\t\t\t\t\t<label class=\"elementor-screen-only\" for=\"elementor-search-form-3bd0c97\">Suche<\/label>\n\n\t\t\t\t\t\t\t\t\t\t\t<div class=\"elementor-search-form__icon\">\n\t\t\t\t\t\t\t<div class=\"e-font-icon-svg-container\"><svg aria-hidden=\"true\" class=\"e-font-icon-svg e-fas-search\" viewBox=\"0 0 512 512\" xmlns=\"http:\/\/www.w3.org\/2000\/svg\"><path d=\"M505 442.7L405.3 343c-4.5-4.5-10.6-7-17-7H372c27.6-35.3 44-79.7 44-128C416 93.1 322.9 0 208 0S0 93.1 0 208s93.1 208 208 208c48.3 0 92.7-16.4 128-44v16.3c0 6.4 2.5 12.5 7 17l99.7 99.7c9.4 9.4 24.6 9.4 33.9 0l28.3-28.3c9.4-9.4 9.4-24.6.1-34zM208 336c-70.7 0-128-57.2-128-128 0-70.7 57.2-128 128-128 70.7 0 128 57.2 128 128 0 70.7-57.2 128-128 128z\"><\/path><\/svg><\/div>\t\t\t\t\t\t\t<span class=\"elementor-screen-only\">Suche<\/span>\n\t\t\t\t\t\t<\/div>\n\t\t\t\t\t\n\t\t\t\t\t<input id=\"elementor-search-form-3bd0c97\" placeholder=\"Search\" class=\"elementor-search-form__input\" type=\"search\" name=\"s\" value=\"\">\n\t\t\t\t\t\n\t\t\t\t\t\n\t\t\t\t\t\t\t\t\t<\/div>\n\t\t\t<\/form>\n\t\t<\/search>\n\t\t\t\t\t\t<\/div>\n\t\t\t\t<\/div>\n\t\t\t\t<\/div>\n\t\t\t\t\t<\/div>\n\t\t\t\t<\/div>\n\t\t\t\t\t<\/div>\n\t\t\t\t<\/div>\n\t\t<div class=\"elementor-element elementor-element-206c4f5 e-flex e-con-boxed e-con e-parent\" data-id=\"206c4f5\" data-element_type=\"container\" data-e-type=\"container\">\n\t\t\t\t\t<div class=\"e-con-inner\">\n\t\t<div class=\"elementor-element elementor-element-0df8c53 e-con-full e-flex e-con e-child\" data-id=\"0df8c53\" data-element_type=\"container\" data-e-type=\"container\">\n\t\t\t\t<div class=\"elementor-element elementor-element-5c65ace elementor-widget elementor-widget-image\" data-id=\"5c65ace\" data-element_type=\"widget\" data-e-type=\"widget\" data-widget_type=\"image.default\">\n\t\t\t\t<div class=\"elementor-widget-container\">\n\t\t\t\t\t\t\t\t\t\t\t\t\t\t\t<img decoding=\"async\" width=\"275\" height=\"145\" src=\"https:\/\/allboutenglish.de\/wp-content\/uploads\/2024\/03\/Image3.jpg\" class=\"attachment-large size-large wp-image-559\" alt=\"Dies ist die Tutorin - Trainerin Manuela Gawehn von AllboutEnglish.\" \/>\t\t\t\t\t\t\t\t\t\t\t\t\t\t\t<\/div>\n\t\t\t\t<\/div>\n\t\t\t\t<div class=\"elementor-element elementor-element-5de6ceb elementor-widget elementor-widget-text-editor\" data-id=\"5de6ceb\" data-element_type=\"widget\" data-e-type=\"widget\" data-widget_type=\"text-editor.default\">\n\t\t\t\t<div class=\"elementor-widget-container\">\n\t\t\t\t\t\t\t\t\t<p>Manuela Gawehn M. A.<br \/>Kackertstrasse 10<br \/>52072 Aachen, Deutschland<br \/>Mobil: <a href=\"tel:+491734843437\">+49 (0) 173 \u2013 48 43 437<\/a><br \/>e-mail: <a href=\"mailto:info@allboutenglish.de\">info@allboutenglish.de<\/a><\/p>\t\t\t\t\t\t\t\t<\/div>\n\t\t\t\t<\/div>\n\t\t\t\t<\/div>\n\t\t<div class=\"elementor-element elementor-element-c83c033 e-con-full e-flex e-con e-child\" data-id=\"c83c033\" data-element_type=\"container\" data-e-type=\"container\">\n\t\t\t\t<div class=\"elementor-element elementor-element-b280644 elementor-widget elementor-widget-heading\" data-id=\"b280644\" data-element_type=\"widget\" data-e-type=\"widget\" data-widget_type=\"heading.default\">\n\t\t\t\t<div class=\"elementor-widget-container\">\n\t\t\t\t\t<h2 class=\"elementor-heading-title elementor-size-default\">Sprachschule Aachen<\/h2>\t\t\t\t<\/div>\n\t\t\t\t<\/div>\n\t\t\t\t<div class=\"elementor-element elementor-element-6c1f562 elementor-widget elementor-widget-text-editor\" data-id=\"6c1f562\" data-element_type=\"widget\" data-e-type=\"widget\" data-widget_type=\"text-editor.default\">\n\t\t\t\t<div class=\"elementor-widget-container\">\n\t\t\t\t\t\t\t\t\t<p>Sie suchen eine Sprachschule in Aachen und Umgebung oder auch weiter weg? Dann sind Sie bei AllboutEnglish genau richtig! Wir unterrichten auf Wunsch Englischkurse in Ihren eigenen vier W\u00e4nden. Unser Angebot reicht von Englisch f\u00fcr Kinder oder Kinderg\u00e4rten \u00fcber Englisch f\u00fcr Anf\u00e4nger und Fortgeschrittene bis hin zu\u00a0<a title=\"Business English\" href=\"http:\/\/en.wikipedia.org\/wiki\/Business_English\" target=\"_blank\" rel=\"noopener noreferrer\">Business Englisch<\/a>\u00a0oder Wirtschaftsenglisch.<\/p><p>Fordern Sie ein kostenlosen Beratungsgespr\u00e4ch an und \u00fcberzeugen Sie sich von unseren Vorteilen. Wir freuen uns auf Sie.<\/p>\t\t\t\t\t\t\t\t<\/div>\n\t\t\t\t<\/div>\n\t\t\t\t<\/div>\n\t\t\t\t\t<\/div>\n\t\t\t\t<\/div>\n\t\t\t\t<\/div>\n\t\t","protected":false},"excerpt":{"rendered":"<p>Sprachschule Aachen Manuela Gawehn M. A.Kackertstrasse 1052072 Aachen, DeutschlandMobil: +49 (0) 173 \u2013 48 43 437e-mail: info@allboutenglish.de Sprachschule Aachen Sie suchen eine Sprachschule in Aachen und Umgebung oder auch weiter weg? Dann sind Sie bei AllboutEnglish genau richtig! Wir unterrichten auf Wunsch Englischkurse in Ihren eigenen vier W\u00e4nden. Unser Angebot reicht von Englisch f\u00fcr Kinder [&hellip;]<\/p>\n","protected":false},"author":1,"featured_media":0,"parent":0,"menu_order":9,"comment_status":"closed","ping_status":"closed","template":"","meta":{"footnotes":""},"class_list":["post-557","page","type-page","status-publish","hentry"],"_links":{"self":[{"href":"https:\/\/allboutenglish.de\/de_de_formal\/wp-json\/wp\/v2\/pages\/557","targetHints":{"allow":["GET"]}}],"collection":[{"href":"https:\/\/allboutenglish.de\/de_de_formal\/wp-json\/wp\/v2\/pages"}],"about":[{"href":"https:\/\/allboutenglish.de\/de_de_formal\/wp-json\/wp\/v2\/types\/page"}],"author":[{"embeddable":true,"href":"https:\/\/allboutenglish.de\/de_de_formal\/wp-json\/wp\/v2\/users\/1"}],"replies":[{"embeddable":true,"href":"https:\/\/allboutenglish.de\/de_de_formal\/wp-json\/wp\/v2\/comments?post=557"}],"version-history":[{"count":16,"href":"https:\/\/allboutenglish.de\/de_de_formal\/wp-json\/wp\/v2\/pages\/557\/revisions"}],"predecessor-version":[{"id":896,"href":"https:\/\/allboutenglish.de\/de_de_formal\/wp-json\/wp\/v2\/pages\/557\/revisions\/896"}],"wp:attachment":[{"href":"https:\/\/allboutenglish.de\/de_de_formal\/wp-json\/wp\/v2\/media?parent=557"}],"curies":[{"name":"wp","href":"https:\/\/api.w.org\/{rel}","templated":true}]}}