{"id":407,"date":"2024-03-04T15:15:01","date_gmt":"2024-03-04T14:15:01","guid":{"rendered":"https:\/\/allboutenglish.de\/saz-bs\/"},"modified":"2025-01-22T16:23:31","modified_gmt":"2025-01-22T15:23:31","slug":"saz-bs-zu-abe","status":"publish","type":"page","link":"https:\/\/allboutenglish.de\/en\/leistungen\/sprachkurse-in-aachen\/saz-bs-zu-abe\/","title":{"rendered":"TDS\/ PS"},"content":{"rendered":"<div data-elementor-type=\"wp-page\" data-elementor-id=\"407\" class=\"elementor elementor-407\" data-elementor-post-type=\"page\">\n\t\t\t\t<div class=\"elementor-element elementor-element-bc6ce8a e-flex e-con-boxed e-con e-parent\" data-id=\"bc6ce8a\" data-element_type=\"container\" data-e-type=\"container\">\n\t\t\t\t\t<div class=\"e-con-inner\">\n\t\t<div class=\"elementor-element elementor-element-ce47dea e-flex e-con-boxed e-con e-child\" data-id=\"ce47dea\" data-element_type=\"container\" data-e-type=\"container\" data-settings=\"{&quot;background_background&quot;:&quot;classic&quot;}\">\n\t\t\t\t\t<div class=\"e-con-inner\">\n\t\t<div class=\"elementor-element elementor-element-cde8d97 e-con-full e-flex e-con e-child\" data-id=\"cde8d97\" data-element_type=\"container\" data-e-type=\"container\">\n\t\t\t\t<div class=\"elementor-element elementor-element-bcfab77 elementor-widget elementor-widget-heading\" data-id=\"bcfab77\" data-element_type=\"widget\" data-e-type=\"widget\" data-widget_type=\"heading.default\">\n\t\t\t\t<div class=\"elementor-widget-container\">\n\t\t\t\t\t<h1 class=\"elementor-heading-title elementor-size-default\">Volunteer for lmt service\/ Professional soldier<\/h1>\t\t\t\t<\/div>\n\t\t\t\t<\/div>\n\t\t\t\t<\/div>\n\t\t<div class=\"elementor-element elementor-element-3eb7ce9 e-con-full e-flex e-con e-child\" data-id=\"3eb7ce9\" data-element_type=\"container\" data-e-type=\"container\">\n\t\t\t\t<div class=\"elementor-element elementor-element-a9c51a5 elementor-widget elementor-widget-shortcode\" data-id=\"a9c51a5\" data-element_type=\"widget\" data-e-type=\"widget\" data-widget_type=\"shortcode.default\">\n\t\t\t\t<div class=\"elementor-widget-container\">\n\t\t\t\t\t\t\t<div class=\"elementor-shortcode\"><nav aria-label=\"breadcrumbs\" class=\"rank-math-breadcrumb\"><p><span class=\"last\">Home page<\/span><\/p><\/nav><\/div>\n\t\t\t\t\t\t<\/div>\n\t\t\t\t<\/div>\n\t\t\t\t<div class=\"elementor-element elementor-element-a0db506 elementor-search-form--skin-minimal elementor-widget elementor-widget-search-form\" data-id=\"a0db506\" data-element_type=\"widget\" data-e-type=\"widget\" data-settings=\"{&quot;skin&quot;:&quot;minimal&quot;}\" data-widget_type=\"search-form.default\">\n\t\t\t\t<div class=\"elementor-widget-container\">\n\t\t\t\t\t\t\t<search role=\"search\">\n\t\t\t<form class=\"elementor-search-form\" action=\"https:\/\/allboutenglish.de\/en\/\" method=\"get\" data-trp-original-action=\"https:\/\/allboutenglish.de\/en\">\n\t\t\t\t\t\t\t\t\t\t\t\t<div class=\"elementor-search-form__container\">\n\t\t\t\t\t<label class=\"elementor-screen-only\" for=\"elementor-search-form-a0db506\">Search<\/label>\n\n\t\t\t\t\t\t\t\t\t\t\t<div class=\"elementor-search-form__icon\">\n\t\t\t\t\t\t\t<div class=\"e-font-icon-svg-container\"><svg aria-hidden=\"true\" class=\"e-font-icon-svg e-fas-search\" viewbox=\"0 0 512 512\" xmlns=\"http:\/\/www.w3.org\/2000\/svg\"><path d=\"M505 442.7L405.3 343c-4.5-4.5-10.6-7-17-7H372c27.6-35.3 44-79.7 44-128C416 93.1 322.9 0 208 0S0 93.1 0 208s93.1 208 208 208c48.3 0 92.7-16.4 128-44v16.3c0 6.4 2.5 12.5 7 17l99.7 99.7c9.4 9.4 24.6 9.4 33.9 0l28.3-28.3c9.4-9.4 9.4-24.6.1-34zM208 336c-70.7 0-128-57.2-128-128 0-70.7 57.2-128 128-128 70.7 0 128 57.2 128 128 0 70.7-57.2 128-128 128z\"><\/path><\/svg><\/div>\t\t\t\t\t\t\t<span class=\"elementor-screen-only\">Search<\/span>\n\t\t\t\t\t\t<\/div>\n\t\t\t\t\t\n\t\t\t\t\t<input id=\"elementor-search-form-a0db506\" placeholder=\"Search\" class=\"elementor-search-form__input\" type=\"search\" name=\"s\" value=\"\">\n\t\t\t\t\t\n\t\t\t\t\t\n\t\t\t\t\t\t\t\t\t<\/div>\n\t\t\t<input type=\"hidden\" name=\"trp-form-language\" value=\"en\"\/><\/form>\n\t\t<\/search>\n\t\t\t\t\t\t<\/div>\n\t\t\t\t<\/div>\n\t\t\t\t<\/div>\n\t\t\t\t\t<\/div>\n\t\t\t\t<\/div>\n\t\t\t\t\t<\/div>\n\t\t\t\t<\/div>\n\t\t<div class=\"elementor-element elementor-element-11a0c99 e-flex e-con-boxed e-con e-parent\" data-id=\"11a0c99\" data-element_type=\"container\" data-e-type=\"container\">\n\t\t\t\t\t<div class=\"e-con-inner\">\n\t\t\t\t<div class=\"elementor-element elementor-element-2b38e68 elementor-widget elementor-widget-image\" data-id=\"2b38e68\" data-element_type=\"widget\" data-e-type=\"widget\" data-widget_type=\"image.default\">\n\t\t\t\t<div class=\"elementor-widget-container\">\n\t\t\t\t\t\t\t\t\t\t\t\t\t\t\t<img fetchpriority=\"high\" decoding=\"async\" width=\"800\" height=\"200\" src=\"https:\/\/allboutenglish.de\/wp-content\/uploads\/2024\/03\/IMAG0553-e1406637375779.jpg\" class=\"attachment-large size-large wp-image-451\" alt=\"S\u00e4ulen des amerikanischen Soldatenfriedhofs in Aubel.\" srcset=\"https:\/\/allboutenglish.de\/wp-content\/uploads\/2024\/03\/IMAG0553-e1406637375779.jpg 820w, https:\/\/allboutenglish.de\/wp-content\/uploads\/2024\/03\/IMAG0553-e1406637375779-300x75.jpg 300w, https:\/\/allboutenglish.de\/wp-content\/uploads\/2024\/03\/IMAG0553-e1406637375779-768x192.jpg 768w\" sizes=\"(max-width: 800px) 100vw, 800px\" \/>\t\t\t\t\t\t\t\t\t\t\t\t\t\t\t<\/div>\n\t\t\t\t<\/div>\n\t\t<div class=\"elementor-element elementor-element-d940971 e-flex e-con-boxed e-con e-child\" data-id=\"d940971\" data-element_type=\"container\" data-e-type=\"container\">\n\t\t\t\t\t<div class=\"e-con-inner\">\n\t\t<div class=\"elementor-element elementor-element-91922d2 e-flex e-con-boxed e-con e-child\" data-id=\"91922d2\" data-element_type=\"container\" data-e-type=\"container\">\n\t\t\t\t\t<div class=\"e-con-inner\">\n\t\t\t\t<div class=\"elementor-element elementor-element-8fc5978 elementor-view-default elementor-widget elementor-widget-icon\" data-id=\"8fc5978\" data-element_type=\"widget\" data-e-type=\"widget\" data-widget_type=\"icon.default\">\n\t\t\t\t<div class=\"elementor-widget-container\">\n\t\t\t\t\t\t\t<div class=\"elementor-icon-wrapper\">\n\t\t\t<div class=\"elementor-icon\">\n\t\t\t<svg aria-hidden=\"true\" class=\"e-font-icon-svg e-fas-info-circle\" viewbox=\"0 0 512 512\" xmlns=\"http:\/\/www.w3.org\/2000\/svg\"><path d=\"M256 8C119.043 8 8 119.083 8 256c0 136.997 111.043 248 248 248s248-111.003 248-248C504 119.083 392.957 8 256 8zm0 110c23.196 0 42 18.804 42 42s-18.804 42-42 42-42-18.804-42-42 18.804-42 42-42zm56 254c0 6.627-5.373 12-12 12h-88c-6.627 0-12-5.373-12-12v-24c0-6.627 5.373-12 12-12h12v-64h-12c-6.627 0-12-5.373-12-12v-24c0-6.627 5.373-12 12-12h64c6.627 0 12 5.373 12 12v100h12c6.627 0 12 5.373 12 12v24z\"><\/path><\/svg>\t\t\t<\/div>\n\t\t<\/div>\n\t\t\t\t\t\t<\/div>\n\t\t\t\t<\/div>\n\t\t\t\t<div class=\"elementor-element elementor-element-61af52f elementor-widget elementor-widget-text-editor\" data-id=\"61af52f\" data-element_type=\"widget\" data-e-type=\"widget\" data-widget_type=\"text-editor.default\">\n\t\t\t\t<div class=\"elementor-widget-container\">\n\t\t\t\t\t\t\t\t\t<p>Wir unterst\u00fctzen Sie tatkr\u00e4ftig bei der Arbeitssuche \u2013 schlagen passende Stellenangebote vor \u2013 helfen bei der Bearbeitung der Bewerbungsunterlagen \u2013 halten zeitnahe \u00dcbungen zu Vorstellungsgespr\u00e4chen ab<\/p>\t\t\t\t\t\t\t\t<\/div>\n\t\t\t\t<\/div>\n\t\t\t\t\t<\/div>\n\t\t\t\t<\/div>\n\t\t\t\t<div class=\"elementor-element elementor-element-10a8226 elementor-widget elementor-widget-text-editor\" data-id=\"10a8226\" data-element_type=\"widget\" data-e-type=\"widget\" data-widget_type=\"text-editor.default\">\n\t\t\t\t<div class=\"elementor-widget-container\">\n\t\t\t\t\t\t\t\t\t<p>SAZ\/ BS zu ABE!<\/p><p>Folgendes Attribut liest man h\u00e4ufig im Anforderungsprofil der zivilen Stellenanzeigen:<\/p><ul><li>F\u00e4higkeit und Freude an der Zusammenarbeit in internationalen Teams<\/li><li>Sehr gute Kommunikationsf\u00e4higkeiten<\/li><li>Sehr gute Englischkenntnisse; weitere Sprachen, insbesondere Franz\u00f6sisch, sind von Vorteil<\/li><\/ul>\t\t\t\t\t\t\t\t<\/div>\n\t\t\t\t<\/div>\n\t\t<div class=\"elementor-element elementor-element-2adbf51 e-flex e-con-boxed e-con e-child\" data-id=\"2adbf51\" data-element_type=\"container\" data-e-type=\"container\">\n\t\t\t\t\t<div class=\"e-con-inner\">\n\t\t\t\t<div class=\"elementor-element elementor-element-780f012 elementor-view-default elementor-widget elementor-widget-icon\" data-id=\"780f012\" data-element_type=\"widget\" data-e-type=\"widget\" data-widget_type=\"icon.default\">\n\t\t\t\t<div class=\"elementor-widget-container\">\n\t\t\t\t\t\t\t<div class=\"elementor-icon-wrapper\">\n\t\t\t<div class=\"elementor-icon\">\n\t\t\t<svg aria-hidden=\"true\" class=\"e-font-icon-svg e-fas-info-circle\" viewbox=\"0 0 512 512\" xmlns=\"http:\/\/www.w3.org\/2000\/svg\"><path d=\"M256 8C119.043 8 8 119.083 8 256c0 136.997 111.043 248 248 248s248-111.003 248-248C504 119.083 392.957 8 256 8zm0 110c23.196 0 42 18.804 42 42s-18.804 42-42 42-42-18.804-42-42 18.804-42 42-42zm56 254c0 6.627-5.373 12-12 12h-88c-6.627 0-12-5.373-12-12v-24c0-6.627 5.373-12 12-12h12v-64h-12c-6.627 0-12-5.373-12-12v-24c0-6.627 5.373-12 12-12h64c6.627 0 12 5.373 12 12v100h12c6.627 0 12 5.373 12 12v24z\"><\/path><\/svg>\t\t\t<\/div>\n\t\t<\/div>\n\t\t\t\t\t\t<\/div>\n\t\t\t\t<\/div>\n\t\t\t\t<div class=\"elementor-element elementor-element-f76ab34 elementor-widget elementor-widget-text-editor\" data-id=\"f76ab34\" data-element_type=\"widget\" data-e-type=\"widget\" data-widget_type=\"text-editor.default\">\n\t\t\t\t<div class=\"elementor-widget-container\">\n\t\t\t\t\t\t\t\t\t<p>Sie waren 4, 8, 12 oder mehr Jahre in der Bundeswehr und bekommen nun die Gelegenheit, eine zivile Karriere, einen weiteren Anschlusspunkt aufzubauen und Beziehungen zu koordinieren. Durch den BFD haben Sie bereits w\u00e4hrend Ihrer Dienstzeit die M\u00f6glichkeit gehabt, an verschiedenen Weiterbildungsma\u00dfnahmen teilzunehmen, weitere Abschl\u00fcsse zu erlangen und Perspektiven zu erweitern. Unsere Kurse werden durch den BFD gef\u00f6rdert und wir freuen uns nach M\u00f6glichkeiten mit Ihnen zu suchen.<\/p>\t\t\t\t\t\t\t\t<\/div>\n\t\t\t\t<\/div>\n\t\t\t\t\t<\/div>\n\t\t\t\t<\/div>\n\t\t\t\t<div class=\"elementor-element elementor-element-a8a0716 elementor-widget elementor-widget-text-editor\" data-id=\"a8a0716\" data-element_type=\"widget\" data-e-type=\"widget\" data-widget_type=\"text-editor.default\">\n\t\t\t\t<div class=\"elementor-widget-container\">\n\t\t\t\t\t\t\t\t\t<p><em><a href=\"https:\/\/www.gawehn-art.com\/ueber-mich\/\" target=\"_blank\" rel=\"noopener\">AllboutEnglish<\/a> <\/em>ist keine gew\u00f6hnliche Bundeswehrfachschule, sondern eine vielseitige Bildungsinstitution, die sowohl \u00f6ffentlich als auch privat agiert. Unser Ziel ist es, Ihnen zu helfen, Ihre fachbezogene Aus- und Weiterbildung erfolgreich zu meistern. Wir sind eine Sprachschule, die sich auf Englisch und Deutsch spezialisiert hat und sowohl wirtschaftliche als auch private Bereiche abdeckt. Englisch ist heute eine der wichtigsten Sprachen, insbesondere im Wirtschaftssektor.<\/p>\n<p>Eine unserer besonderen St\u00e4rken bei <em>AllboutEnglish <\/em>ist der milit\u00e4rische Sektor. Nur wenige Sprachschulen bieten Weiterbildungsm\u00f6glichkeiten f\u00fcr aktives und ehemaliges Milit\u00e4rpersonal sowie deren Familien an. Wir bei <em>AllboutEnglish <\/em>sehen es als unsere Mission an, Soldaten und ihre Familien auf ihrem Weg zur\u00fcck ins zivile Leben zu unterst\u00fctzen und ihnen zu helfen, eine zivile Karriere zu starten, sobald ihr Dienst beendet ist. Diese Unterst\u00fctzung bieten wir auch w\u00e4hrend des aktiven Dienstes an, um sowohl den Soldaten als auch ihren Familien zu helfen. Bei uns treffen Sie auf Gleichgesinnte, die dasselbe Ziel verfolgen, und k\u00f6nnen sich gegenseitig unterst\u00fctzen und austauschen. <em>AllboutEnglish <\/em>bietet Soldaten auf Zeit (SaZ) eine sinnvolle Besch\u00e4ftigung w\u00e4hrend der Wartezeit vor Beginn der fachspezifischen Weiterbildung.<\/p>\n<p>Hochschulen und andere Bildungseinrichtungen bieten die M\u00f6glichkeit, zus\u00e4tzliche oder h\u00f6here Abschl\u00fcsse zu erwerben, sich umzuschulen oder sich auf ein bestimmtes Gebiet zu spezialisieren. Diese erweitern Ihre Zukunftsperspektiven und setzen neue Ziele. Oft gibt es Wartezeiten bis zum Beginn der Fort-, Aus- oder Weiterbildung, die ungenutzt bleiben. Diese Zeit ist jedoch ideal, um Bildungsl\u00fccken zu schlie\u00dfen. Viele Soldaten glauben, dass sie w\u00e4hrend ihrer Milit\u00e4rzeit wenig bis keine Englischkenntnisse erworben haben. <em>AllboutEnglish <\/em>schafft hier Abhilfe.<\/p>\n<p><em>AllboutEnglish<\/em> ist die richtige Wahl, um die Wartezeit sinnvoll zu nutzen. Ihre Aufgabe ist es, Englisch zu lernen, damit weder ein zuk\u00fcnftiger Arbeitgeber noch ein eventuelles Hochschulstudium oder eine Weiterbildung durch mangelnde Englischkenntnisse gef\u00e4hrdet werden. Ein Kurs bei <em>AllboutEnglish <\/em>ist daher eine kluge Entscheidung.<\/p>\n<p>Nach der Bundeswehr geht es darum, den Anforderungen der Schulung und der freien Wirtschaft gerecht zu werden. Nicht der h\u00f6chste Bildungsabschluss sichert eine gute Anstellung in der zivilen Arbeitswelt, sondern gezielte Aus- und Weiterbildung. Um dies zu erreichen, ist es wichtig, verschiedene Module (wie Englisch, Rhetorik, Kommunikationsverhalten, Mitarbeitergespr\u00e4che und mehr) zu erlernen oder zu vertiefen.<\/p>\n<p>Soldaten bringen wertvolle Eigenschaften mit, die in der zivilen Arbeitswelt sehr gesch\u00e4tzt werden: Disziplin, P\u00fcnktlichkeit, Integrit\u00e4t, Loyalit\u00e4t, Teamgeist, Durchsetzungsverm\u00f6gen, Durchhalteverm\u00f6gen, eine schnelle Auffassungsgabe und Einsatzbereitschaft.<\/p>\n<p><em>AllboutEnglish <\/em>zeichnet sich durch die hohe inhaltliche Qualit\u00e4t der Kurse und die Praxisn\u00e4he aus. Durch gemeinsame Fahrten in englischsprachige Gebiete wird die theoretische Ausbildung in die Praxis umgesetzt. Denn die beste theoretische Ausbildung n\u00fctzt wenig, wenn man sie nicht auch praktisch anwenden kann.<\/p>\t\t\t\t\t\t\t\t<\/div>\n\t\t\t\t<\/div>\n\t\t\t\t\t<\/div>\n\t\t\t\t<\/div>\n\t\t\t\t\t<\/div>\n\t\t\t\t<\/div>\n\t\t<div class=\"elementor-element elementor-element-9d3c5c7 e-flex e-con-boxed e-con e-parent\" data-id=\"9d3c5c7\" data-element_type=\"container\" data-e-type=\"container\">\n\t\t\t\t\t<div class=\"e-con-inner\">\n\t\t<div class=\"elementor-element elementor-element-1fd53dc e-flex e-con-boxed e-con e-child\" data-id=\"1fd53dc\" data-element_type=\"container\" data-e-type=\"container\">\n\t\t\t\t\t<div class=\"e-con-inner\">\n\t\t\t\t<div class=\"elementor-element elementor-element-b763d3c elementor-widget elementor-widget-text-editor\" data-id=\"b763d3c\" data-element_type=\"widget\" data-e-type=\"widget\" data-widget_type=\"text-editor.default\">\n\t\t\t\t<div class=\"elementor-widget-container\">\n\t\t\t\t\t\t\t\t\t<p>Nat\u00fcrlich liegt der Fokus von <em>AllboutEnglish <\/em>nicht nur auf Soldaten auf Zeit (SaZ), sondern auch auf Berufssoldaten, die ihre Englischkenntnisse verbessern m\u00fcssen, da sie vor einem Auslandseinsatz stehen. Diese Soldaten m\u00fcssen in der Lage sein, mit der einheimischen Bev\u00f6lkerung sowie Soldaten anderer Nationalit\u00e4ten zu kommunizieren und Fertigkeiten der zwischenmenschlichen Kommunikation und Interaktion zu beherrschen.<\/p><p>Ebenso richten wir uns an ausl\u00e4ndische Soldaten und ihre Familien, die aus dem englischsprachigen Ausland kommen und f\u00fcr einige Zeit in Deutschland stationiert sind. Ihnen zu helfen, sich in der deutschen Sprache zurechtzufinden, ist ein ebenso wichtiges Ziel.<\/p><p>Wie bereits deutlich gemacht wurde, spielt es keine Rolle, wie weit Ihre Englischkenntnisse fortgeschritten sind. Selbst wenn keine Vorkenntnisse vorhanden sind, beginnen wir von Grund auf. Mit Ihrer Motivation, Ihrem Lernverst\u00e4ndnis und Ihrem Durchhalteverm\u00f6gen, das ich Soldaten zuschreibe, wird dies ein Kinderspiel. Ich bin \u00fcberzeugt, dass wir es gemeinsam schaffen werden und SIE stolz auf sich sein werden.<\/p><p>Durch gemeinsame Fahrten in englischsprachige Gebiete wird die theoretische Ausbildung in die Praxis umgesetzt. Denn die beste theoretische Ausbildung n\u00fctzt wenig, wenn man sie nicht auch praktisch anwenden kann.<\/p>\t\t\t\t\t\t\t\t<\/div>\n\t\t\t\t<\/div>\n\t\t\t\t\t<\/div>\n\t\t\t\t<\/div>\n\t\t<div class=\"elementor-element elementor-element-ac605d0 e-flex e-con-boxed e-con e-child\" data-id=\"ac605d0\" data-element_type=\"container\" data-e-type=\"container\">\n\t\t\t\t\t<div class=\"e-con-inner\">\n\t\t\t\t<div class=\"elementor-element elementor-element-4ea0b62 elementor-widget elementor-widget-image\" data-id=\"4ea0b62\" data-element_type=\"widget\" data-e-type=\"widget\" data-widget_type=\"image.default\">\n\t\t\t\t<div class=\"elementor-widget-container\">\n\t\t\t\t\t\t\t\t\t\t\t\t\t\t\t<img decoding=\"async\" width=\"100\" height=\"100\" src=\"https:\/\/allboutenglish.de\/wp-content\/uploads\/2024\/03\/gelbe_schleife-wir_denken_an_euch-100.jpg\" class=\"attachment-large size-large wp-image-454\" alt=\"Wir denken An Euch Emblem der Soldaten.\" \/>\t\t\t\t\t\t\t\t\t\t\t\t\t\t\t<\/div>\n\t\t\t\t<\/div>\n\t\t\t\t<div class=\"elementor-element elementor-element-200810b elementor-widget elementor-widget-image\" data-id=\"200810b\" data-element_type=\"widget\" data-e-type=\"widget\" data-widget_type=\"image.default\">\n\t\t\t\t<div class=\"elementor-widget-container\">\n\t\t\t\t\t\t\t\t\t\t\t\t\t\t\t<img decoding=\"async\" width=\"800\" height=\"534\" src=\"https:\/\/allboutenglish.de\/wp-content\/uploads\/2024\/03\/rftu-25-1024x683.jpg\" class=\"attachment-large size-large wp-image-452\" alt=\"Drei Soldaten im Einsatz mit kleinem afghanischem Kind, die sich die H\u00e4nde reichen.\" srcset=\"https:\/\/allboutenglish.de\/wp-content\/uploads\/2024\/03\/rftu-25-1024x683.jpg 1024w, https:\/\/allboutenglish.de\/wp-content\/uploads\/2024\/03\/rftu-25-300x200.jpg 300w, https:\/\/allboutenglish.de\/wp-content\/uploads\/2024\/03\/rftu-25-768x512.jpg 768w, https:\/\/allboutenglish.de\/wp-content\/uploads\/2024\/03\/rftu-25-1536x1024.jpg 1536w, https:\/\/allboutenglish.de\/wp-content\/uploads\/2024\/03\/rftu-25.jpg 1944w\" sizes=\"(max-width: 800px) 100vw, 800px\" \/>\t\t\t\t\t\t\t\t\t\t\t\t\t\t\t<\/div>\n\t\t\t\t<\/div>\n\t\t\t\t<div class=\"elementor-element elementor-element-502e798 elementor-widget elementor-widget-image\" data-id=\"502e798\" data-element_type=\"widget\" data-e-type=\"widget\" data-widget_type=\"image.default\">\n\t\t\t\t<div class=\"elementor-widget-container\">\n\t\t\t\t\t\t\t\t\t\t\t\t\t\t\t<img decoding=\"async\" width=\"100\" height=\"100\" src=\"https:\/\/allboutenglish.de\/wp-content\/uploads\/2024\/03\/gelbe_schleife-wir_denken_an_euch-100.jpg\" class=\"attachment-large size-large wp-image-454\" alt=\"Wir denken An Euch Emblem der Soldaten.\" \/>\t\t\t\t\t\t\t\t\t\t\t\t\t\t\t<\/div>\n\t\t\t\t<\/div>\n\t\t\t\t\t<\/div>\n\t\t\t\t<\/div>\n\t\t<div class=\"elementor-element elementor-element-fc7caa4 e-flex e-con-boxed e-con e-child\" data-id=\"fc7caa4\" data-element_type=\"container\" data-e-type=\"container\">\n\t\t\t\t\t<div class=\"e-con-inner\">\n\t\t\t\t<div class=\"elementor-element elementor-element-d898510 elementor-widget elementor-widget-text-editor\" data-id=\"d898510\" data-element_type=\"widget\" data-e-type=\"widget\" data-widget_type=\"text-editor.default\">\n\t\t\t\t<div class=\"elementor-widget-container\">\n\t\t\t\t\t\t\t\t\t<p>Abschlie\u00dfen werden wir jeden Kurs (ob Einzel- oder Gruppentraining) mit einem Test, durch den Sie ein Certificate von\u00a0<em>AllboutEnglish\u00a0<\/em>erlangen und nach dem Sie mit stolz sagen k\u00f6nnen, dass weder anf\u00e4nglicher Ber\u00fchrungsrespekt noch wirkliche Schwierigkeiten, sich in dieser anderen Sprache zu unterhalten, persistieren. Der Test kann einmal geb\u00fchrenfrei wiederholt werden.<\/p><p>Nat\u00fcrlich bieten wir auch Kurse an, bei denen es lediglich um den Spa\u00df an der Sache geht. Hierzu nehmen Sie bitte auch Kontakt mit uns auf.<\/p><p>Die R\u00e4umlichkeiten von\u00a0<em>AllboutEnglish\u00a0<\/em>sind gut gestaltet, vornehm, modern, sehr \u00fcbersichtlich und sch\u00f6n, sprich nichts, was irgendwelchen Massenaufl\u00e4ufen nahekommt. Die Medien sind der eigene Computer, Whiteboard, Flipchart, Projektor. Die H\u00f6chstteilnehmerzahl ist 8. Da eine intensive und individuelle Betreuung gegeben sein soll, ist die \u00dcberschreitung dieser Zahl nicht f\u00f6rderlich. Virtuelle Vorlesungen werden mit Abstand betrachtet, da diese den Kontakt zu den Teilnehmern nicht geben und somit zum Erlernen einer Sprache nicht f\u00f6rderlich sind.<\/p>\t\t\t\t\t\t\t\t<\/div>\n\t\t\t\t<\/div>\n\t\t\t\t\t<\/div>\n\t\t\t\t<\/div>\n\t\t\t\t\t<\/div>\n\t\t\t\t<\/div>\n\t\t<div class=\"elementor-element elementor-element-bb0cd7e e-flex e-con-boxed e-con e-parent\" data-id=\"bb0cd7e\" data-element_type=\"container\" data-e-type=\"container\">\n\t\t\t\t\t<div class=\"e-con-inner\">\n\t\t\t\t<div class=\"elementor-element elementor-element-baa7279 elementor-widget elementor-widget-image\" data-id=\"baa7279\" data-element_type=\"widget\" data-e-type=\"widget\" data-widget_type=\"image.default\">\n\t\t\t\t<div class=\"elementor-widget-container\">\n\t\t\t\t\t\t\t\t\t\t\t\t\t\t\t<img loading=\"lazy\" decoding=\"async\" width=\"800\" height=\"98\" src=\"https:\/\/allboutenglish.de\/wp-content\/uploads\/2024\/03\/Unbenanntes_Panorama4-1-1024x126.jpg\" class=\"attachment-large size-large wp-image-453\" alt=\"\" srcset=\"https:\/\/allboutenglish.de\/wp-content\/uploads\/2024\/03\/Unbenanntes_Panorama4-1-1024x126.jpg 1024w, https:\/\/allboutenglish.de\/wp-content\/uploads\/2024\/03\/Unbenanntes_Panorama4-1-300x37.jpg 300w, https:\/\/allboutenglish.de\/wp-content\/uploads\/2024\/03\/Unbenanntes_Panorama4-1-768x95.jpg 768w, https:\/\/allboutenglish.de\/wp-content\/uploads\/2024\/03\/Unbenanntes_Panorama4-1-1536x189.jpg 1536w, https:\/\/allboutenglish.de\/wp-content\/uploads\/2024\/03\/Unbenanntes_Panorama4-1-2048x252.jpg 2048w\" sizes=\"(max-width: 800px) 100vw, 800px\" \/>\t\t\t\t\t\t\t\t\t\t\t\t\t\t\t<\/div>\n\t\t\t\t<\/div>\n\t\t\t\t\t<\/div>\n\t\t\t\t<\/div>\n\t\t\t\t<\/div>","protected":false},"excerpt":{"rendered":"<p>SaZ \/ BS zu ABE Wir unterst\u00fctzen Sie tatkr\u00e4ftig bei der Arbeitssuche \u2013 schlagen passende Stellenangebote vor \u2013 helfen bei der Bearbeitung der Bewerbungsunterlagen \u2013 halten zeitnahe \u00dcbungen zu Vorstellungsgespr\u00e4chen ab SAZ\/ BS zu ABE! Folgendes Attribut liest man h\u00e4ufig im Anforderungsprofil der zivilen Stellenanzeigen: F\u00e4higkeit und Freude an der Zusammenarbeit in internationalen Teams Sehr [&hellip;]<\/p>","protected":false},"author":1,"featured_media":0,"parent":399,"menu_order":0,"comment_status":"closed","ping_status":"closed","template":"","meta":{"footnotes":""},"class_list":["post-407","page","type-page","status-publish","hentry"],"_links":{"self":[{"href":"https:\/\/allboutenglish.de\/en\/wp-json\/wp\/v2\/pages\/407","targetHints":{"allow":["GET"]}}],"collection":[{"href":"https:\/\/allboutenglish.de\/en\/wp-json\/wp\/v2\/pages"}],"about":[{"href":"https:\/\/allboutenglish.de\/en\/wp-json\/wp\/v2\/types\/page"}],"author":[{"embeddable":true,"href":"https:\/\/allboutenglish.de\/en\/wp-json\/wp\/v2\/users\/1"}],"replies":[{"embeddable":true,"href":"https:\/\/allboutenglish.de\/en\/wp-json\/wp\/v2\/comments?post=407"}],"version-history":[{"count":47,"href":"https:\/\/allboutenglish.de\/en\/wp-json\/wp\/v2\/pages\/407\/revisions"}],"predecessor-version":[{"id":1251,"href":"https:\/\/allboutenglish.de\/en\/wp-json\/wp\/v2\/pages\/407\/revisions\/1251"}],"up":[{"embeddable":true,"href":"https:\/\/allboutenglish.de\/en\/wp-json\/wp\/v2\/pages\/399"}],"wp:attachment":[{"href":"https:\/\/allboutenglish.de\/en\/wp-json\/wp\/v2\/media?parent=407"}],"curies":[{"name":"wp","href":"https:\/\/api.w.org\/{rel}","templated":true}]}}