{"id":415,"date":"2024-03-04T15:15:04","date_gmt":"2024-03-04T14:15:04","guid":{"rendered":"https:\/\/allboutenglish.de\/einzelunterricht\/"},"modified":"2025-10-29T12:10:05","modified_gmt":"2025-10-29T11:10:05","slug":"einzelunterricht","status":"publish","type":"page","link":"https:\/\/allboutenglish.de\/en\/leistungen\/sprachkurse-in-aachen\/einzelunterricht\/","title":{"rendered":"Individual courses"},"content":{"rendered":"<div data-elementor-type=\"wp-page\" data-elementor-id=\"415\" class=\"elementor elementor-415\" data-elementor-post-type=\"page\">\n\t\t\t\t<div class=\"elementor-element elementor-element-3510939 e-flex e-con-boxed e-con e-parent\" data-id=\"3510939\" data-element_type=\"container\" data-e-type=\"container\" data-settings=\"{&quot;background_background&quot;:&quot;slideshow&quot;,&quot;background_slideshow_gallery&quot;:[{&quot;id&quot;:142,&quot;url&quot;:&quot;https:\\\/\\\/allboutenglish.de\\\/wp-content\\\/uploads\\\/2024\\\/03\\\/Unbenanntes_Panorama1.jpg&quot;},{&quot;id&quot;:143,&quot;url&quot;:&quot;https:\\\/\\\/allboutenglish.de\\\/wp-content\\\/uploads\\\/2024\\\/03\\\/Unbenanntes_Panorama3.jpg&quot;},{&quot;id&quot;:145,&quot;url&quot;:&quot;https:\\\/\\\/allboutenglish.de\\\/wp-content\\\/uploads\\\/2024\\\/03\\\/Unbenanntes_Panorama2.jpg&quot;},{&quot;id&quot;:146,&quot;url&quot;:&quot;https:\\\/\\\/allboutenglish.de\\\/wp-content\\\/uploads\\\/2024\\\/03\\\/20140321_London_0299.jpg&quot;},{&quot;id&quot;:144,&quot;url&quot;:&quot;https:\\\/\\\/allboutenglish.de\\\/wp-content\\\/uploads\\\/2024\\\/03\\\/Unbenanntes_Panorama4-scaled.jpg&quot;},{&quot;id&quot;:141,&quot;url&quot;:&quot;https:\\\/\\\/allboutenglish.de\\\/wp-content\\\/uploads\\\/2024\\\/03\\\/Unbenanntes_Panorama7-scaled.jpg&quot;},{&quot;id&quot;:140,&quot;url&quot;:&quot;https:\\\/\\\/allboutenglish.de\\\/wp-content\\\/uploads\\\/2024\\\/03\\\/Unbenanntes_Panorama6.jpg&quot;}],&quot;background_slideshow_slide_duration&quot;:7000,&quot;background_slideshow_transition_duration&quot;:1000,&quot;background_slideshow_ken_burns&quot;:&quot;yes&quot;,&quot;background_slideshow_loop&quot;:&quot;yes&quot;,&quot;background_slideshow_slide_transition&quot;:&quot;fade&quot;,&quot;background_slideshow_ken_burns_zoom_direction&quot;:&quot;in&quot;}\">\n\t\t\t\t\t<div class=\"e-con-inner\">\n\t\t\t\t\t<\/div>\n\t\t\t\t<\/div>\n\t\t<div class=\"elementor-element elementor-element-3fb3e5e e-flex e-con-boxed e-con e-parent\" data-id=\"3fb3e5e\" data-element_type=\"container\" data-e-type=\"container\">\n\t\t\t\t\t<div class=\"e-con-inner\">\n\t\t<div class=\"elementor-element elementor-element-51d8532 e-flex e-con-boxed e-con e-child\" data-id=\"51d8532\" data-element_type=\"container\" data-e-type=\"container\" data-settings=\"{&quot;background_background&quot;:&quot;classic&quot;}\">\n\t\t\t\t\t<div class=\"e-con-inner\">\n\t\t<div class=\"elementor-element elementor-element-45b6f45 e-con-full e-flex e-con e-child\" data-id=\"45b6f45\" data-element_type=\"container\" data-e-type=\"container\">\n\t\t\t\t<div class=\"elementor-element elementor-element-cf5937b elementor-widget elementor-widget-heading\" data-id=\"cf5937b\" data-element_type=\"widget\" data-e-type=\"widget\" data-widget_type=\"heading.default\">\n\t\t\t\t<div class=\"elementor-widget-container\">\n\t\t\t\t\t<h1 class=\"elementor-heading-title elementor-size-default\">Private tuition<\/h1>\t\t\t\t<\/div>\n\t\t\t\t<\/div>\n\t\t\t\t<\/div>\n\t\t<div class=\"elementor-element elementor-element-b753267 e-con-full e-flex e-con e-child\" data-id=\"b753267\" data-element_type=\"container\" data-e-type=\"container\">\n\t\t\t\t<div class=\"elementor-element elementor-element-4b6e4a6 elementor-widget elementor-widget-shortcode\" data-id=\"4b6e4a6\" data-element_type=\"widget\" data-e-type=\"widget\" data-widget_type=\"shortcode.default\">\n\t\t\t\t<div class=\"elementor-widget-container\">\n\t\t\t\t\t\t\t<div class=\"elementor-shortcode\"><nav aria-label=\"breadcrumbs\" class=\"rank-math-breadcrumb\"><p><span class=\"last\">Home page<\/span><\/p><\/nav><\/div>\n\t\t\t\t\t\t<\/div>\n\t\t\t\t<\/div>\n\t\t\t\t<div class=\"elementor-element elementor-element-c010187 elementor-search-form--skin-minimal elementor-widget elementor-widget-search-form\" data-id=\"c010187\" data-element_type=\"widget\" data-e-type=\"widget\" data-settings=\"{&quot;skin&quot;:&quot;minimal&quot;}\" data-widget_type=\"search-form.default\">\n\t\t\t\t<div class=\"elementor-widget-container\">\n\t\t\t\t\t\t\t<search role=\"search\">\n\t\t\t<form class=\"elementor-search-form\" action=\"https:\/\/allboutenglish.de\/en\/\" method=\"get\" data-trp-original-action=\"https:\/\/allboutenglish.de\/en\">\n\t\t\t\t\t\t\t\t\t\t\t\t<div class=\"elementor-search-form__container\">\n\t\t\t\t\t<label class=\"elementor-screen-only\" for=\"elementor-search-form-c010187\">Search<\/label>\n\n\t\t\t\t\t\t\t\t\t\t\t<div class=\"elementor-search-form__icon\">\n\t\t\t\t\t\t\t<div class=\"e-font-icon-svg-container\"><svg aria-hidden=\"true\" class=\"e-font-icon-svg e-fas-search\" viewbox=\"0 0 512 512\" xmlns=\"http:\/\/www.w3.org\/2000\/svg\"><path d=\"M505 442.7L405.3 343c-4.5-4.5-10.6-7-17-7H372c27.6-35.3 44-79.7 44-128C416 93.1 322.9 0 208 0S0 93.1 0 208s93.1 208 208 208c48.3 0 92.7-16.4 128-44v16.3c0 6.4 2.5 12.5 7 17l99.7 99.7c9.4 9.4 24.6 9.4 33.9 0l28.3-28.3c9.4-9.4 9.4-24.6.1-34zM208 336c-70.7 0-128-57.2-128-128 0-70.7 57.2-128 128-128 70.7 0 128 57.2 128 128 0 70.7-57.2 128-128 128z\"><\/path><\/svg><\/div>\t\t\t\t\t\t\t<span class=\"elementor-screen-only\">Search<\/span>\n\t\t\t\t\t\t<\/div>\n\t\t\t\t\t\n\t\t\t\t\t<input id=\"elementor-search-form-c010187\" placeholder=\"Search\" class=\"elementor-search-form__input\" type=\"search\" name=\"s\" value=\"\">\n\t\t\t\t\t\n\t\t\t\t\t\n\t\t\t\t\t\t\t\t\t<\/div>\n\t\t\t<input type=\"hidden\" name=\"trp-form-language\" value=\"en\"\/><\/form>\n\t\t<\/search>\n\t\t\t\t\t\t<\/div>\n\t\t\t\t<\/div>\n\t\t\t\t<\/div>\n\t\t\t\t\t<\/div>\n\t\t\t\t<\/div>\n\t\t\t\t\t<\/div>\n\t\t\t\t<\/div>\n\t\t<div class=\"elementor-element elementor-element-02c55d1 e-flex e-con-boxed e-con e-parent\" data-id=\"02c55d1\" data-element_type=\"container\" data-e-type=\"container\">\n\t\t\t\t\t<div class=\"e-con-inner\">\n\t\t<div class=\"elementor-element elementor-element-119baca e-con-full e-flex e-con e-child\" data-id=\"119baca\" data-element_type=\"container\" data-e-type=\"container\">\n\t\t\t\t<div class=\"elementor-element elementor-element-b59c88e elementor-widget elementor-widget-image\" data-id=\"b59c88e\" data-element_type=\"widget\" data-e-type=\"widget\" data-widget_type=\"image.default\">\n\t\t\t\t<div class=\"elementor-widget-container\">\n\t\t\t\t\t\t\t\t\t\t\t\t\t\t\t<img fetchpriority=\"high\" decoding=\"async\" width=\"706\" height=\"1024\" src=\"https:\/\/allboutenglish.de\/wp-content\/uploads\/2024\/03\/20140321_London_0298-1-706x1024.jpg\" class=\"attachment-large size-large wp-image-481\" alt=\"Der k\u00f6nigliche W\u00e4chter steht gerade in seiner Wachbox. Da er alleine dort steht liegt die Annahme f\u00fcr Einzelunterricht sehr nah.\" srcset=\"https:\/\/allboutenglish.de\/wp-content\/uploads\/2024\/03\/20140321_London_0298-1-706x1024.jpg 706w, https:\/\/allboutenglish.de\/wp-content\/uploads\/2024\/03\/20140321_London_0298-1-207x300.jpg 207w, https:\/\/allboutenglish.de\/wp-content\/uploads\/2024\/03\/20140321_London_0298-1-768x1114.jpg 768w, https:\/\/allboutenglish.de\/wp-content\/uploads\/2024\/03\/20140321_London_0298-1.jpg 1000w\" sizes=\"(max-width: 706px) 100vw, 706px\" \/>\t\t\t\t\t\t\t\t\t\t\t\t\t\t\t<\/div>\n\t\t\t\t<\/div>\n\t\t\t\t<\/div>\n\t\t<div class=\"elementor-element elementor-element-045c04d e-con-full e-flex e-con e-child\" data-id=\"045c04d\" data-element_type=\"container\" data-e-type=\"container\">\n\t\t<div class=\"elementor-element elementor-element-a858724 e-transform e-flex e-con-boxed e-con e-child\" data-id=\"a858724\" data-element_type=\"container\" data-e-type=\"container\" data-settings=\"{&quot;background_background&quot;:&quot;classic&quot;,&quot;_transform_translateY_effect_hover&quot;:{&quot;unit&quot;:&quot;px&quot;,&quot;size&quot;:-5,&quot;sizes&quot;:[]},&quot;_transform_translateX_effect_hover&quot;:{&quot;unit&quot;:&quot;px&quot;,&quot;size&quot;:&quot;&quot;,&quot;sizes&quot;:[]},&quot;_transform_translateX_effect_hover_tablet&quot;:{&quot;unit&quot;:&quot;px&quot;,&quot;size&quot;:&quot;&quot;,&quot;sizes&quot;:[]},&quot;_transform_translateX_effect_hover_mobile&quot;:{&quot;unit&quot;:&quot;px&quot;,&quot;size&quot;:&quot;&quot;,&quot;sizes&quot;:[]},&quot;_transform_translateY_effect_hover_tablet&quot;:{&quot;unit&quot;:&quot;px&quot;,&quot;size&quot;:&quot;&quot;,&quot;sizes&quot;:[]},&quot;_transform_translateY_effect_hover_mobile&quot;:{&quot;unit&quot;:&quot;px&quot;,&quot;size&quot;:&quot;&quot;,&quot;sizes&quot;:[]}}\">\n\t\t\t\t\t<div class=\"e-con-inner\">\n\t\t\t\t<div class=\"elementor-element elementor-element-6ca0212 elementor-view-stacked elementor-shape-circle elementor-widget elementor-widget-icon\" data-id=\"6ca0212\" data-element_type=\"widget\" data-e-type=\"widget\" data-widget_type=\"icon.default\">\n\t\t\t\t<div class=\"elementor-widget-container\">\n\t\t\t\t\t\t\t<div class=\"elementor-icon-wrapper\">\n\t\t\t<a class=\"elementor-icon\" href=\"https:\/\/www.iseu.de\/de\/ressourcen\/blog\/einzelunterricht-oder-gruppenunterricht\/\" target=\"_blank\" rel=\"noopener\">\n\t\t\t<svg aria-hidden=\"true\" class=\"e-font-icon-svg e-fas-adjust\" viewbox=\"0 0 512 512\" xmlns=\"http:\/\/www.w3.org\/2000\/svg\"><path d=\"M8 256c0 136.966 111.033 248 248 248s248-111.034 248-248S392.966 8 256 8 8 119.033 8 256zm248 184V72c101.705 0 184 82.311 184 184 0 101.705-82.311 184-184 184z\"><\/path><\/svg>\t\t\t<\/a>\n\t\t<\/div>\n\t\t\t\t\t\t<\/div>\n\t\t\t\t<\/div>\n\t\t\t\t<div class=\"elementor-element elementor-element-b97e0ca elementor-widget elementor-widget-heading\" data-id=\"b97e0ca\" data-element_type=\"widget\" data-e-type=\"widget\" data-widget_type=\"heading.default\">\n\t\t\t\t<div class=\"elementor-widget-container\">\n\t\t\t\t\t<h3 class=\"elementor-heading-title elementor-size-default\">Private tuition - individual courses<\/h3>\t\t\t\t<\/div>\n\t\t\t\t<\/div>\n\t\t\t\t<div class=\"elementor-element elementor-element-4fc5515 elementor-widget elementor-widget-text-editor\" data-id=\"4fc5515\" data-element_type=\"widget\" data-e-type=\"widget\" data-widget_type=\"text-editor.default\">\n\t\t\t\t<div class=\"elementor-widget-container\">\n\t\t\t\t\t\t\t\t\t<p><strong>Individual courses with <em>AllboutEnglish<\/em>: Kosteng\u00fcnstige und Effektive Sprachschulung<\/strong><\/p><p>with <em>AllboutEnglish <\/em>are specifically tailored courses for the individual's needs and goals. These courses are not only extremely effective, but also more cost-effective than many group courses. In this article, we will highlight the advantages of individual courses and explain why they are an excellent choice for anyone who wants to improve their language skills.<\/p>\t\t\t\t\t\t\t\t<\/div>\n\t\t\t\t<\/div>\n\t\t\t\t\t<\/div>\n\t\t\t\t<\/div>\n\t\t\t\t<\/div>\n\t\t\t\t\t<\/div>\n\t\t\t\t<\/div>\n\t\t<div class=\"elementor-element elementor-element-9681ee9 e-flex e-con-boxed e-con e-parent\" data-id=\"9681ee9\" data-element_type=\"container\" data-e-type=\"container\" data-settings=\"{&quot;background_background&quot;:&quot;classic&quot;}\">\n\t\t\t\t\t<div class=\"e-con-inner\">\n\t\t<div class=\"elementor-element elementor-element-e1cd189 e-con-full e-flex e-con e-child\" data-id=\"e1cd189\" data-element_type=\"container\" data-e-type=\"container\">\n\t\t\t\t<div class=\"elementor-element elementor-element-d422154 elementor-widget elementor-widget-text-editor\" data-id=\"d422154\" data-element_type=\"widget\" data-e-type=\"widget\" data-widget_type=\"text-editor.default\">\n\t\t\t\t<div class=\"elementor-widget-container\">\n\t\t\t\t\t\t\t\t\t<p>Flexibility and convenience<\/p><p>This type of course offers a high degree of flexibility in terms of time and location. With <em>AllboutEnglish<\/em> participants can plan their lesson times to fit around their busy schedules. This is particularly beneficial for working professionals, students or parents who want to improve their language skills but have limited time. Individual courses\/ private tuition are\/ is online.<\/p>\t\t\t\t\t\t\t\t<\/div>\n\t\t\t\t<\/div>\n\t\t\t\t<\/div>\n\t\t<div class=\"elementor-element elementor-element-bea6a19 e-con-full e-flex e-con e-child\" data-id=\"bea6a19\" data-element_type=\"container\" data-e-type=\"container\">\n\t\t\t\t<div class=\"elementor-element elementor-element-679317e elementor-widget elementor-widget-text-editor\" data-id=\"679317e\" data-element_type=\"widget\" data-e-type=\"widget\" data-widget_type=\"text-editor.default\">\n\t\t\t\t<div class=\"elementor-widget-container\">\n\t\t\t\t\t\t\t\t\t<p>Personal attention<\/p><p>Here, the participant receives the teacher's undivided attention. This means that the teacher can respond immediately to questions and uncertainties, leading to a deeper understanding and better command of the language. This personalised attention is often not possible in group courses, as the teacher has to divide the attention between several students.<\/p>\t\t\t\t\t\t\t\t<\/div>\n\t\t\t\t<\/div>\n\t\t\t\t<\/div>\n\t\t<div class=\"elementor-element elementor-element-4a73262 e-con-full e-flex e-con e-child\" data-id=\"4a73262\" data-element_type=\"container\" data-e-type=\"container\">\n\t\t\t\t<div class=\"elementor-element elementor-element-e5a7912 elementor-widget elementor-widget-text-editor\" data-id=\"e5a7912\" data-element_type=\"widget\" data-e-type=\"widget\" data-widget_type=\"text-editor.default\">\n\t\t\t\t<div class=\"elementor-widget-container\">\n\t\t\t\t\t\t\t\t\t<p>Cost-effectiveness<\/p><p>Although individual courses may appear more expensive than group courses at first glance, they offer better value for money in the long term. In a private course, participants can progress more quickly because the lessons are tailored precisely to their needs. This means that fewer lessons are required to reach the same level, which reduces the overall cost. In addition, private courses allow students to cover specific topics and areas that may not be covered in group courses, making the learning process even more efficient.<\/p>\t\t\t\t\t\t\t\t<\/div>\n\t\t\t\t<\/div>\n\t\t\t\t<\/div>\n\t\t<div class=\"elementor-element elementor-element-19b8f5d e-con-full e-flex e-con e-child\" data-id=\"19b8f5d\" data-element_type=\"container\" data-e-type=\"container\">\n\t\t\t\t<div class=\"elementor-element elementor-element-d395e03 elementor-widget elementor-widget-text-editor\" data-id=\"d395e03\" data-element_type=\"widget\" data-e-type=\"widget\" data-widget_type=\"text-editor.default\">\n\t\t\t\t<div class=\"elementor-widget-container\">\n\t\t\t\t\t\t\t\t\t<p>Focus on specific goals<\/p><p>Another advantage of individual courses is the opportunity to focus on specific goals. Whether it's preparing for an exam, improving professional language skills or simply strengthening everyday communication skills, in an individual course the teacher can tailor the lessons precisely to these goals. This creates a targeted and effective learning environment that is often difficult to achieve in group courses.<\/p>\t\t\t\t\t\t\t\t<\/div>\n\t\t\t\t<\/div>\n\t\t\t\t<\/div>\n\t\t<div class=\"elementor-element elementor-element-3cab98d e-con-full e-flex e-con e-child\" data-id=\"3cab98d\" data-element_type=\"container\" data-e-type=\"container\">\n\t\t\t\t<div class=\"elementor-element elementor-element-a7809e8 elementor-widget elementor-widget-text-editor\" data-id=\"a7809e8\" data-element_type=\"widget\" data-e-type=\"widget\" data-widget_type=\"text-editor.default\">\n\t\t\t\t<div class=\"elementor-widget-container\">\n\t\t\t\t\t\t\t\t\t<p>Support for special needs<\/p><p>ndividual courses are also ideal for students with special needs or learning difficulties. The teacher can tailor the lessons to meet the individual requirements of the participant and use special techniques and materials to support the learning process. This is often not possible in group courses, as the teacher has to meet the needs of a large number of participants.<\/p>\t\t\t\t\t\t\t\t<\/div>\n\t\t\t\t<\/div>\n\t\t\t\t<\/div>\n\t\t<div class=\"elementor-element elementor-element-533446e e-con-full e-flex e-con e-child\" data-id=\"533446e\" data-element_type=\"container\" data-e-type=\"container\">\n\t\t\t\t<div class=\"elementor-element elementor-element-289ac00 elementor-widget elementor-widget-text-editor\" data-id=\"289ac00\" data-element_type=\"widget\" data-e-type=\"widget\" data-widget_type=\"text-editor.default\">\n\t\t\t\t<div class=\"elementor-widget-container\">\n\t\t\t\t\t\t\t\t\t<p>Practical learning<\/p><p>with <em>AllboutEnglish<\/em> we place great emphasis on practical learning. In our individual courses, students have the opportunity to apply and practise their language skills in real-life situations. This can be done through role-plays, discussions and other interactive exercises that are specifically tailored to the student's interests and goals. This practical approach helps students improve their language skills more quickly and effectively.<\/p>\t\t\t\t\t\t\t\t<\/div>\n\t\t\t\t<\/div>\n\t\t\t\t<\/div>\n\t\t\t\t\t<\/div>\n\t\t\t\t<\/div>\n\t\t<div class=\"elementor-element elementor-element-8d39364 e-flex e-con-boxed e-con e-parent\" data-id=\"8d39364\" data-element_type=\"container\" data-e-type=\"container\">\n\t\t\t\t\t<div class=\"e-con-inner\">\n\t\t<div class=\"elementor-element elementor-element-86df864 e-con-full e-flex e-con e-child\" data-id=\"86df864\" data-element_type=\"container\" data-e-type=\"container\">\n\t\t\t\t<div class=\"elementor-element elementor-element-7cca45b elementor-widget elementor-widget-text-editor\" data-id=\"7cca45b\" data-element_type=\"widget\" data-e-type=\"widget\" data-widget_type=\"text-editor.default\">\n\t\t\t\t<div class=\"elementor-widget-container\">\n\t\t\t\t\t\t\t\t\t<p>Long-term advantages<\/p><p>The investment in an individual course with <em>AllboutEnglish<\/em> offers long-term advantages. Participants not only acquire language skills, but also self-confidence and communication skills that will benefit them in many areas of their lives. Whether at work, in their studies or in everyday life, the skills acquired in a one-to-one course are invaluable and contribute to a successful and fulfilling future.<\/p>\t\t\t\t\t\t\t\t<\/div>\n\t\t\t\t<\/div>\n\t\t\t\t<\/div>\n\t\t<div class=\"elementor-element elementor-element-6d1f56c e-con-full e-flex e-con e-child\" data-id=\"6d1f56c\" data-element_type=\"container\" data-e-type=\"container\">\n\t\t\t\t<div class=\"elementor-element elementor-element-70278f6 elementor-widget elementor-widget-text-editor\" data-id=\"70278f6\" data-element_type=\"widget\" data-e-type=\"widget\" data-widget_type=\"text-editor.default\">\n\t\t\t\t<div class=\"elementor-widget-container\">\n\t\t\t\t\t\t\t\t\t<p>Tailor-made individual courses<\/p><p>A major advantage of one-to-one courses is the ability to tailor lessons precisely to the participant's needs. Everyone learns differently, and in a one-to-one course, the teacher can adapt the teaching style and pace to suit the learner. This leads to a more efficient and faster learning curve, as the participants receives exactly the support they need.<\/p>\t\t\t\t\t\t\t\t<\/div>\n\t\t\t\t<\/div>\n\t\t\t\t<\/div>\n\t\t\t\t\t<\/div>\n\t\t\t\t<\/div>\n\t\t<div class=\"elementor-element elementor-element-456234e e-flex e-con-boxed e-con e-parent\" data-id=\"456234e\" data-element_type=\"container\" data-e-type=\"container\">\n\t\t\t\t\t<div class=\"e-con-inner\">\n\t\t\t\t<div class=\"elementor-element elementor-element-47f7d48 elementor-widget elementor-widget-text-editor\" data-id=\"47f7d48\" data-element_type=\"widget\" data-e-type=\"widget\" data-widget_type=\"text-editor.default\">\n\t\t\t\t<div class=\"elementor-widget-container\">\n\t\t\t\t\t\t\t\t\t<p>Conclusion<\/p><p>Einzelkurse, -unterricht bei <em>AllboutEnglish<\/em> offer a cost-effective and efficient way to improve language skills. Through tailored lessons, personalised attention and practical learning, students can progress more quickly and achieve their goals. The flexibility and support offered by one-to-one courses make them an excellent choice for anyone looking to take their language skills to the next level.<\/p>\t\t\t\t\t\t\t\t<\/div>\n\t\t\t\t<\/div>\n\t\t\t\t\t<\/div>\n\t\t\t\t<\/div>\n\t\t\t\t<\/div>","protected":false},"excerpt":{"rendered":"<p>Einzelkurse Einzelunterricht &#8211; Einzelkurse Einzelkurse bei AllboutEnglish: Kosteng\u00fcnstige und Effektive Sprachschulung Bei AllboutEnglish bieten wir ma\u00dfgeschneiderte Einzelkurse an, die speziell auf die individuellen Bed\u00fcrfnisse und Ziele unserer Sch\u00fcler zugeschnitten sind. Diese Kurse sind nicht nur \u00e4u\u00dferst effektiv, sondern auch kosteng\u00fcnstiger als viele Gruppenkurse. In diesem Artikel werden wir die Vorteile von EKs hervorheben und erkl\u00e4ren, [&hellip;]<\/p>","protected":false},"author":1,"featured_media":0,"parent":399,"menu_order":4,"comment_status":"closed","ping_status":"closed","template":"","meta":{"footnotes":""},"class_list":["post-415","page","type-page","status-publish","hentry"],"_links":{"self":[{"href":"https:\/\/allboutenglish.de\/en\/wp-json\/wp\/v2\/pages\/415","targetHints":{"allow":["GET"]}}],"collection":[{"href":"https:\/\/allboutenglish.de\/en\/wp-json\/wp\/v2\/pages"}],"about":[{"href":"https:\/\/allboutenglish.de\/en\/wp-json\/wp\/v2\/types\/page"}],"author":[{"embeddable":true,"href":"https:\/\/allboutenglish.de\/en\/wp-json\/wp\/v2\/users\/1"}],"replies":[{"embeddable":true,"href":"https:\/\/allboutenglish.de\/en\/wp-json\/wp\/v2\/comments?post=415"}],"version-history":[{"count":67,"href":"https:\/\/allboutenglish.de\/en\/wp-json\/wp\/v2\/pages\/415\/revisions"}],"predecessor-version":[{"id":2367,"href":"https:\/\/allboutenglish.de\/en\/wp-json\/wp\/v2\/pages\/415\/revisions\/2367"}],"up":[{"embeddable":true,"href":"https:\/\/allboutenglish.de\/en\/wp-json\/wp\/v2\/pages\/399"}],"wp:attachment":[{"href":"https:\/\/allboutenglish.de\/en\/wp-json\/wp\/v2\/media?parent=415"}],"curies":[{"name":"wp","href":"https:\/\/api.w.org\/{rel}","templated":true}]}}