{"id":563,"date":"2024-03-05T07:49:42","date_gmt":"2024-03-05T06:49:42","guid":{"rendered":"https:\/\/allboutenglish.de\/?page_id=563"},"modified":"2024-03-05T12:33:24","modified_gmt":"2024-03-05T11:33:24","slug":"englischkurs-fuer-anfaenger","status":"publish","type":"page","link":"https:\/\/allboutenglish.de\/en\/englischkurs-fuer-anfaenger\/","title":{"rendered":"Englischkurs f\u00fcr Anf\u00e4nger"},"content":{"rendered":"<div data-elementor-type=\"wp-page\" data-elementor-id=\"563\" class=\"elementor elementor-563\" data-elementor-post-type=\"page\">\n\t\t\t\t<div class=\"elementor-element elementor-element-13f692d e-flex e-con-boxed e-con e-parent\" data-id=\"13f692d\" data-element_type=\"container\" data-e-type=\"container\">\n\t\t\t\t\t<div class=\"e-con-inner\">\n\t\t<div class=\"elementor-element elementor-element-6dc83a1 e-flex e-con-boxed e-con e-child\" data-id=\"6dc83a1\" data-element_type=\"container\" data-e-type=\"container\" data-settings=\"{&quot;background_background&quot;:&quot;classic&quot;}\">\n\t\t\t\t\t<div class=\"e-con-inner\">\n\t\t<div class=\"elementor-element elementor-element-b5d8499 e-con-full e-flex e-con e-child\" data-id=\"b5d8499\" data-element_type=\"container\" data-e-type=\"container\">\n\t\t\t\t<div class=\"elementor-element elementor-element-998a728 elementor-widget elementor-widget-heading\" data-id=\"998a728\" data-element_type=\"widget\" data-e-type=\"widget\" data-widget_type=\"heading.default\">\n\t\t\t\t<div class=\"elementor-widget-container\">\n\t\t\t\t\t<h1 class=\"elementor-heading-title elementor-size-default\">Englischkurs f\u00fcr Anf\u00e4nger<\/h1>\t\t\t\t<\/div>\n\t\t\t\t<\/div>\n\t\t\t\t<\/div>\n\t\t<div class=\"elementor-element elementor-element-438996d e-con-full e-flex e-con e-child\" data-id=\"438996d\" data-element_type=\"container\" data-e-type=\"container\">\n\t\t\t\t<div class=\"elementor-element elementor-element-d6ebfe1 elementor-widget elementor-widget-shortcode\" data-id=\"d6ebfe1\" data-element_type=\"widget\" data-e-type=\"widget\" data-widget_type=\"shortcode.default\">\n\t\t\t\t<div class=\"elementor-widget-container\">\n\t\t\t\t\t\t\t<div class=\"elementor-shortcode\"><nav aria-label=\"breadcrumbs\" class=\"rank-math-breadcrumb\"><p><span class=\"last\">Home page<\/span><\/p><\/nav><\/div>\n\t\t\t\t\t\t<\/div>\n\t\t\t\t<\/div>\n\t\t\t\t<div class=\"elementor-element elementor-element-443601a elementor-search-form--skin-minimal elementor-widget elementor-widget-search-form\" data-id=\"443601a\" data-element_type=\"widget\" data-e-type=\"widget\" data-settings=\"{&quot;skin&quot;:&quot;minimal&quot;}\" data-widget_type=\"search-form.default\">\n\t\t\t\t<div class=\"elementor-widget-container\">\n\t\t\t\t\t\t\t<search role=\"search\">\n\t\t\t<form class=\"elementor-search-form\" action=\"https:\/\/allboutenglish.de\/en\/\" method=\"get\" data-trp-original-action=\"https:\/\/allboutenglish.de\/en\">\n\t\t\t\t\t\t\t\t\t\t\t\t<div class=\"elementor-search-form__container\">\n\t\t\t\t\t<label class=\"elementor-screen-only\" for=\"elementor-search-form-443601a\">Search<\/label>\n\n\t\t\t\t\t\t\t\t\t\t\t<div class=\"elementor-search-form__icon\">\n\t\t\t\t\t\t\t<div class=\"e-font-icon-svg-container\"><svg aria-hidden=\"true\" class=\"e-font-icon-svg e-fas-search\" viewbox=\"0 0 512 512\" xmlns=\"http:\/\/www.w3.org\/2000\/svg\"><path d=\"M505 442.7L405.3 343c-4.5-4.5-10.6-7-17-7H372c27.6-35.3 44-79.7 44-128C416 93.1 322.9 0 208 0S0 93.1 0 208s93.1 208 208 208c48.3 0 92.7-16.4 128-44v16.3c0 6.4 2.5 12.5 7 17l99.7 99.7c9.4 9.4 24.6 9.4 33.9 0l28.3-28.3c9.4-9.4 9.4-24.6.1-34zM208 336c-70.7 0-128-57.2-128-128 0-70.7 57.2-128 128-128 70.7 0 128 57.2 128 128 0 70.7-57.2 128-128 128z\"><\/path><\/svg><\/div>\t\t\t\t\t\t\t<span class=\"elementor-screen-only\">Search<\/span>\n\t\t\t\t\t\t<\/div>\n\t\t\t\t\t\n\t\t\t\t\t<input id=\"elementor-search-form-443601a\" placeholder=\"Search\" class=\"elementor-search-form__input\" type=\"search\" name=\"s\" value=\"\">\n\t\t\t\t\t\n\t\t\t\t\t\n\t\t\t\t\t\t\t\t\t<\/div>\n\t\t\t<input type=\"hidden\" name=\"trp-form-language\" value=\"en\"\/><\/form>\n\t\t<\/search>\n\t\t\t\t\t\t<\/div>\n\t\t\t\t<\/div>\n\t\t\t\t<\/div>\n\t\t\t\t\t<\/div>\n\t\t\t\t<\/div>\n\t\t\t\t\t<\/div>\n\t\t\t\t<\/div>\n\t\t<div class=\"elementor-element elementor-element-aefe4d9 e-flex e-con-boxed e-con e-parent\" data-id=\"aefe4d9\" data-element_type=\"container\" data-e-type=\"container\">\n\t\t\t\t\t<div class=\"e-con-inner\">\n\t\t<div class=\"elementor-element elementor-element-7e999de e-con-full e-flex e-con e-child\" data-id=\"7e999de\" data-element_type=\"container\" data-e-type=\"container\">\n\t\t\t\t<div class=\"elementor-element elementor-element-81c934a elementor-widget elementor-widget-image\" data-id=\"81c934a\" data-element_type=\"widget\" data-e-type=\"widget\" data-widget_type=\"image.default\">\n\t\t\t\t<div class=\"elementor-widget-container\">\n\t\t\t\t\t\t\t\t\t\t\t\t\t\t\t<img fetchpriority=\"high\" decoding=\"async\" width=\"300\" height=\"425\" src=\"https:\/\/allboutenglish.de\/wp-content\/uploads\/2024\/03\/rftu-96-300x425-1.jpg\" class=\"attachment-large size-large wp-image-565\" alt=\"Ein typischer roter englischer Briefkasten. Hier ist es eine verzierte S\u00e4ule.\" srcset=\"https:\/\/allboutenglish.de\/wp-content\/uploads\/2024\/03\/rftu-96-300x425-1.jpg 300w, https:\/\/allboutenglish.de\/wp-content\/uploads\/2024\/03\/rftu-96-300x425-1-212x300.jpg 212w\" sizes=\"(max-width: 300px) 100vw, 300px\" \/>\t\t\t\t\t\t\t\t\t\t\t\t\t\t\t<\/div>\n\t\t\t\t<\/div>\n\t\t\t\t<\/div>\n\t\t<div class=\"elementor-element elementor-element-2f8444a e-con-full e-flex e-con e-child\" data-id=\"2f8444a\" data-element_type=\"container\" data-e-type=\"container\">\n\t\t\t\t<div class=\"elementor-element elementor-element-538af70 elementor-widget elementor-widget-heading\" data-id=\"538af70\" data-element_type=\"widget\" data-e-type=\"widget\" data-widget_type=\"heading.default\">\n\t\t\t\t<div class=\"elementor-widget-container\">\n\t\t\t\t\t<h2 class=\"elementor-heading-title elementor-size-default\">Englischkurs f\u00fcr Anf\u00e4nger<\/h2>\t\t\t\t<\/div>\n\t\t\t\t<\/div>\n\t\t\t\t<div class=\"elementor-element elementor-element-69beaa2 elementor-widget elementor-widget-text-editor\" data-id=\"69beaa2\" data-element_type=\"widget\" data-e-type=\"widget\" data-widget_type=\"text-editor.default\">\n\t\t\t\t<div class=\"elementor-widget-container\">\n\t\t\t\t\t\t\t\t\t<p>Englischkurs f\u00fcr Anf\u00e4nger bei\u00a0<a title=\"Englischkurs f\u00fcr Anf\u00e4nger\" href=\"https:\/\/allboutenglish.de\/en\/\">AllboutEnglish<\/a>\u00a0in Aachen, Heinsberg und weitere Umgebung (online)!<\/p><p>Geht es Ihnen genauso wie es tausend anderen Menschen auf der Welt geht? Sie w\u00fcrden gerne verstehen wenn englisch sprechende Menschen sich unterhalten oder noch lieber mit diesen Menschen kommunizieren?<\/p><p>Dann lassen Sie sich von Grund auf unterrichten. AllboutEnglish bietet optimale Englischkurse f\u00fcr Anf\u00e4nger. Egal ob Sie kompletter Neuling sind oder schon ein wenig in die englische Sprache reingeschnuppert haben, wir erstellen individuelle Kursprogramme f\u00fcr Kinder und Erwachsene. Bei AllboutEnglish lernen Sie von Anfang an. Sie werden nie wieder Hemmungen haben sich auf Englisch zu unterhalten. Versprochen!<\/p><p>Kontaktieren Sie uns einfach und wir finden das passende Programm f\u00fcr Sie. Besuchen Sie doch mal unsere\u00a0<a title=\"Englischkurs f\u00fcr Anf\u00e4nger\" href=\"https:\/\/www.facebook.com\/AllboutEnglish\" target=\"_blank\" rel=\"noopener noreferrer\">Facebook Seite<\/a>\u00a0um uns ein bisschen besser kennen zu lernen.<\/p><p>Wir bieten nicht nur einen Englischkurs f\u00fcr Anf\u00e4nger sondern auch Englischkurse f\u00fcr Fortgeschrittene an. St\u00f6bern Sie einfach etwas auf unserer Webseite.<\/p>\t\t\t\t\t\t\t\t<\/div>\n\t\t\t\t<\/div>\n\t\t\t\t<\/div>\n\t\t\t\t\t<\/div>\n\t\t\t\t<\/div>\n\t\t\t\t<\/div>","protected":false},"excerpt":{"rendered":"<p>Englischkurs f\u00fcr Anf\u00e4nger Englischkurs f\u00fcr Anf\u00e4nger Englischkurs f\u00fcr Anf\u00e4nger bei\u00a0AllboutEnglish\u00a0in Aachen, Heinsberg und weitere Umgebung (online)! Geht es Ihnen genauso wie es tausend anderen Menschen auf der Welt geht? Sie w\u00fcrden gerne verstehen wenn englisch sprechende Menschen sich unterhalten oder noch lieber mit diesen Menschen kommunizieren? Dann lassen Sie sich von Grund auf unterrichten. AllboutEnglish [&hellip;]<\/p>","protected":false},"author":1,"featured_media":0,"parent":0,"menu_order":10,"comment_status":"closed","ping_status":"closed","template":"","meta":{"footnotes":""},"class_list":["post-563","page","type-page","status-publish","hentry"],"_links":{"self":[{"href":"https:\/\/allboutenglish.de\/en\/wp-json\/wp\/v2\/pages\/563","targetHints":{"allow":["GET"]}}],"collection":[{"href":"https:\/\/allboutenglish.de\/en\/wp-json\/wp\/v2\/pages"}],"about":[{"href":"https:\/\/allboutenglish.de\/en\/wp-json\/wp\/v2\/types\/page"}],"author":[{"embeddable":true,"href":"https:\/\/allboutenglish.de\/en\/wp-json\/wp\/v2\/users\/1"}],"replies":[{"embeddable":true,"href":"https:\/\/allboutenglish.de\/en\/wp-json\/wp\/v2\/comments?post=563"}],"version-history":[{"count":10,"href":"https:\/\/allboutenglish.de\/en\/wp-json\/wp\/v2\/pages\/563\/revisions"}],"predecessor-version":[{"id":899,"href":"https:\/\/allboutenglish.de\/en\/wp-json\/wp\/v2\/pages\/563\/revisions\/899"}],"wp:attachment":[{"href":"https:\/\/allboutenglish.de\/en\/wp-json\/wp\/v2\/media?parent=563"}],"curies":[{"name":"wp","href":"https:\/\/api.w.org\/{rel}","templated":true}]}}