{"id":569,"date":"2024-03-05T07:51:33","date_gmt":"2024-03-05T06:51:33","guid":{"rendered":"https:\/\/allboutenglish.de\/?page_id=569"},"modified":"2025-01-22T13:34:55","modified_gmt":"2025-01-22T12:34:55","slug":"englisch-lernen-aachen","status":"publish","type":"page","link":"https:\/\/allboutenglish.de\/en\/englisch-lernen-aachen\/","title":{"rendered":"Englisch lernen Aachen &#8211; AllboutEnglish"},"content":{"rendered":"<div data-elementor-type=\"wp-page\" data-elementor-id=\"569\" class=\"elementor elementor-569\" data-elementor-post-type=\"page\">\n\t\t\t\t<div class=\"elementor-element elementor-element-ea6bfc6 e-flex e-con-boxed e-con e-parent\" data-id=\"ea6bfc6\" data-element_type=\"container\" data-e-type=\"container\">\n\t\t\t\t\t<div class=\"e-con-inner\">\n\t\t<div class=\"elementor-element elementor-element-54c15de e-flex e-con-boxed e-con e-child\" data-id=\"54c15de\" data-element_type=\"container\" data-e-type=\"container\" data-settings=\"{&quot;background_background&quot;:&quot;classic&quot;}\">\n\t\t\t\t\t<div class=\"e-con-inner\">\n\t\t<div class=\"elementor-element elementor-element-04dbe37 e-con-full e-flex e-con e-child\" data-id=\"04dbe37\" data-element_type=\"container\" data-e-type=\"container\">\n\t\t\t\t<div class=\"elementor-element elementor-element-b9c0c7d elementor-widget elementor-widget-heading\" data-id=\"b9c0c7d\" data-element_type=\"widget\" data-e-type=\"widget\" data-widget_type=\"heading.default\">\n\t\t\t\t<div class=\"elementor-widget-container\">\n\t\t\t\t\t<h1 class=\"elementor-heading-title elementor-size-default\">Learn English in Aachen - AllboutEnglish<\/h1>\t\t\t\t<\/div>\n\t\t\t\t<\/div>\n\t\t\t\t<\/div>\n\t\t<div class=\"elementor-element elementor-element-29622f2 e-con-full e-flex e-con e-child\" data-id=\"29622f2\" data-element_type=\"container\" data-e-type=\"container\">\n\t\t\t\t<div class=\"elementor-element elementor-element-0def893 elementor-widget elementor-widget-shortcode\" data-id=\"0def893\" data-element_type=\"widget\" data-e-type=\"widget\" data-widget_type=\"shortcode.default\">\n\t\t\t\t<div class=\"elementor-widget-container\">\n\t\t\t\t\t\t\t<div class=\"elementor-shortcode\"><nav aria-label=\"breadcrumbs\" class=\"rank-math-breadcrumb\"><p><span class=\"last\">Home page<\/span><\/p><\/nav><\/div>\n\t\t\t\t\t\t<\/div>\n\t\t\t\t<\/div>\n\t\t\t\t<div class=\"elementor-element elementor-element-3eb86c3 elementor-search-form--skin-minimal elementor-widget elementor-widget-search-form\" data-id=\"3eb86c3\" data-element_type=\"widget\" data-e-type=\"widget\" data-settings=\"{&quot;skin&quot;:&quot;minimal&quot;}\" data-widget_type=\"search-form.default\">\n\t\t\t\t<div class=\"elementor-widget-container\">\n\t\t\t\t\t\t\t<search role=\"search\">\n\t\t\t<form class=\"elementor-search-form\" action=\"https:\/\/allboutenglish.de\/en\/\" method=\"get\" data-trp-original-action=\"https:\/\/allboutenglish.de\/en\">\n\t\t\t\t\t\t\t\t\t\t\t\t<div class=\"elementor-search-form__container\">\n\t\t\t\t\t<label class=\"elementor-screen-only\" for=\"elementor-search-form-3eb86c3\">Search<\/label>\n\n\t\t\t\t\t\t\t\t\t\t\t<div class=\"elementor-search-form__icon\">\n\t\t\t\t\t\t\t<div class=\"e-font-icon-svg-container\"><svg aria-hidden=\"true\" class=\"e-font-icon-svg e-fas-search\" viewbox=\"0 0 512 512\" xmlns=\"http:\/\/www.w3.org\/2000\/svg\"><path d=\"M505 442.7L405.3 343c-4.5-4.5-10.6-7-17-7H372c27.6-35.3 44-79.7 44-128C416 93.1 322.9 0 208 0S0 93.1 0 208s93.1 208 208 208c48.3 0 92.7-16.4 128-44v16.3c0 6.4 2.5 12.5 7 17l99.7 99.7c9.4 9.4 24.6 9.4 33.9 0l28.3-28.3c9.4-9.4 9.4-24.6.1-34zM208 336c-70.7 0-128-57.2-128-128 0-70.7 57.2-128 128-128 70.7 0 128 57.2 128 128 0 70.7-57.2 128-128 128z\"><\/path><\/svg><\/div>\t\t\t\t\t\t\t<span class=\"elementor-screen-only\">Search<\/span>\n\t\t\t\t\t\t<\/div>\n\t\t\t\t\t\n\t\t\t\t\t<input id=\"elementor-search-form-3eb86c3\" placeholder=\"Search\" class=\"elementor-search-form__input\" type=\"search\" name=\"s\" value=\"\">\n\t\t\t\t\t\n\t\t\t\t\t\n\t\t\t\t\t\t\t\t\t<\/div>\n\t\t\t<input type=\"hidden\" name=\"trp-form-language\" value=\"en\"\/><\/form>\n\t\t<\/search>\n\t\t\t\t\t\t<\/div>\n\t\t\t\t<\/div>\n\t\t\t\t<\/div>\n\t\t\t\t\t<\/div>\n\t\t\t\t<\/div>\n\t\t\t\t\t<\/div>\n\t\t\t\t<\/div>\n\t\t<div class=\"elementor-element elementor-element-06bbc86 e-flex e-con-boxed e-con e-parent\" data-id=\"06bbc86\" data-element_type=\"container\" data-e-type=\"container\">\n\t\t\t\t\t<div class=\"e-con-inner\">\n\t\t<div class=\"elementor-element elementor-element-5304f4b e-con-full e-flex e-con e-child\" data-id=\"5304f4b\" data-element_type=\"container\" data-e-type=\"container\">\n\t\t\t\t<div class=\"elementor-element elementor-element-530a480 elementor-widget elementor-widget-image\" data-id=\"530a480\" data-element_type=\"widget\" data-e-type=\"widget\" data-widget_type=\"image.default\">\n\t\t\t\t<div class=\"elementor-widget-container\">\n\t\t\t\t\t\t\t\t\t\t\t\t\t\t\t<img fetchpriority=\"high\" decoding=\"async\" width=\"259\" height=\"194\" src=\"https:\/\/allboutenglish.de\/wp-content\/uploads\/2024\/03\/rftu-104.jpg\" class=\"attachment-large size-large wp-image-571\" alt=\"Ein typischer englischer Bus, der mitten durch die Stadt f\u00e4hrt. Er ist rot und ihm folgt ein gelbes Auto.\" \/>\t\t\t\t\t\t\t\t\t\t\t\t\t\t\t<\/div>\n\t\t\t\t<\/div>\n\t\t\t\t<\/div>\n\t\t<div class=\"elementor-element elementor-element-957ed32 e-con-full e-flex e-con e-child\" data-id=\"957ed32\" data-element_type=\"container\" data-e-type=\"container\">\n\t\t\t\t<div class=\"elementor-element elementor-element-3160dde elementor-widget elementor-widget-heading\" data-id=\"3160dde\" data-element_type=\"widget\" data-e-type=\"widget\" data-widget_type=\"heading.default\">\n\t\t\t\t<div class=\"elementor-widget-container\">\n\t\t\t\t\t<h2 class=\"elementor-heading-title elementor-size-default\">Englisch lernen Aachen\n<\/h2>\t\t\t\t<\/div>\n\t\t\t\t<\/div>\n\t\t\t\t<div class=\"elementor-element elementor-element-c7c03cc elementor-widget elementor-widget-text-editor\" data-id=\"c7c03cc\" data-element_type=\"widget\" data-e-type=\"widget\" data-widget_type=\"text-editor.default\">\n\t\t\t\t<div class=\"elementor-widget-container\">\n\t\t\t\t\t\t\t\t\t<p>Englisch lernen Aachen!<\/p><p>Sie m\u00f6chten gerne Englisch lernen? Dann sind Sie bei <em>AllboutEnglish<\/em> genau richtig. Wir erstellen Ihnen ein individuelles Angebot.<\/p><p>Englisch ist heute nicht mehr wegzudenken und wird \u00fcberall auf der Welt gesprochen. Um richtig auf Englisch zu kommunizieren braucht man meist einen guten Sprachlehrer\/in. Genau dieses k\u00f6nnen wir von <em>AllboutEnglish<\/em> Ihnen bieten.<\/p>\t\t\t\t\t\t\t\t<\/div>\n\t\t\t\t<\/div>\n\t\t\t\t<\/div>\n\t\t\t\t\t<\/div>\n\t\t\t\t<\/div>\n\t\t<div class=\"elementor-element elementor-element-564d2a5 e-flex e-con-boxed e-con e-parent\" data-id=\"564d2a5\" data-element_type=\"container\" data-e-type=\"container\">\n\t\t\t\t\t<div class=\"e-con-inner\">\n\t\t\t\t<div class=\"elementor-element elementor-element-17e593e elementor-widget elementor-widget-text-editor\" data-id=\"17e593e\" data-element_type=\"widget\" data-e-type=\"widget\" data-widget_type=\"text-editor.default\">\n\t\t\t\t<div class=\"elementor-widget-container\">\n\t\t\t\t\t\t\t\t\t<p><em>AllboutEnglish<\/em> unterrichtet Sie &#8211; mitunter &#8211; in folgenden Bereichen:<\/p><ul><li>Allgemeinenglisch &#8211; Business Englisch &#8211; Wirtschaftsenglisch<\/li><li>Englisch f\u00fcr Kinder<\/li><li>Englisch f\u00fcr Anf\u00e4nger<\/li><li>Englisch f\u00fcr Fortgeschrittene<\/li><li>Englisch f\u00fcr Fachleute<\/li><li>Individuelle Trainingskurse, ganz auf Sie pers\u00f6nlich zugeschnitten.<\/li><\/ul><p>\u00a0<\/p><p>Die englische Sprache bietet viele verschiedene Variationen und Dialekte. Von daher ist es nicht immer einfach, wenn man sich in einem englischsprachigem Land befindet, sich verst\u00e4ndlich auszudr\u00fccken oder die einzelnen Dialekte gut zu verstehen. Genau hier setzt <em>AllboutEnglish<\/em> an. Wir sorgen daf\u00fcr, dass Sie in jedem Land erfolgreich und verhandlungssicher kommunizieren k\u00f6nnen, egal ob Sie sich in England oder den USA befinden. Korrekte Aussprache und gefestigte Grammatik sind wichtig f\u00fcr Firmen, da diese bedenken m\u00fcssen, dass der Eindruck, den der Mitarbeiter den Gesch\u00e4ftspartnern vermittelt, ausschlaggebend sein kann, ob ein Gesch\u00e4ft zustande kommt oder nicht. Genauso verh\u00e4lt es sich im Vorstellungsgespr\u00e4ch &#8211; ein guter Eindruck ist das, was Sie vermitteln m\u00f6chten.<\/p><p>Mit unseren <strong>Englischkursen in Aachen<\/strong>\u00a0und in der Ferne online sind Sie auf der sicheren Seite.<\/p><p>Nehmen Sie noch heute\u00a0<a href=\"https:\/\/allboutenglish.de\/en\/kontakt\/\">Contact<\/a> zu uns auf uns lassen Sie sich einen Individuellen Sprachkurs erstellen, der ganz auf Ihre Bed\u00fcrfnisse zugeschnitten ist, damit Sie nicht wie viele andere zu einem\u00a0<a href=\"https:\/\/www.deepl.com\/de\/translator\" target=\"_blank\" rel=\"noopener\">Sprachlexikon<\/a>\u00a0greifen m\u00fcssen.<\/p>\t\t\t\t\t\t\t\t<\/div>\n\t\t\t\t<\/div>\n\t\t\t\t\t<\/div>\n\t\t\t\t<\/div>\n\t\t\t\t<\/div>","protected":false},"excerpt":{"rendered":"<p>Englisch lernen Aachen \u2013 AllboutEnglisch Englisch lernen Aachen Englisch lernen in Aachen ist eine hervorragende Entscheidung f\u00fcr alle, die ihre Sprachkenntnisse erweitern m\u00f6chten. Englisch ist nicht nur die Sprache der internationalen Kommunikation, sondern auch ein Schl\u00fcssel zu zahlreichen M\u00f6glichkeiten im Beruf und im Alltag. In der heutigen globalisierten Welt ist es unerl\u00e4sslich, Englisch zu sprechen. [&hellip;]<\/p>","protected":false},"author":1,"featured_media":0,"parent":0,"menu_order":11,"comment_status":"closed","ping_status":"closed","template":"","meta":{"footnotes":""},"class_list":["post-569","page","type-page","status-publish","hentry"],"_links":{"self":[{"href":"https:\/\/allboutenglish.de\/en\/wp-json\/wp\/v2\/pages\/569","targetHints":{"allow":["GET"]}}],"collection":[{"href":"https:\/\/allboutenglish.de\/en\/wp-json\/wp\/v2\/pages"}],"about":[{"href":"https:\/\/allboutenglish.de\/en\/wp-json\/wp\/v2\/types\/page"}],"author":[{"embeddable":true,"href":"https:\/\/allboutenglish.de\/en\/wp-json\/wp\/v2\/users\/1"}],"replies":[{"embeddable":true,"href":"https:\/\/allboutenglish.de\/en\/wp-json\/wp\/v2\/comments?post=569"}],"version-history":[{"count":20,"href":"https:\/\/allboutenglish.de\/en\/wp-json\/wp\/v2\/pages\/569\/revisions"}],"predecessor-version":[{"id":1162,"href":"https:\/\/allboutenglish.de\/en\/wp-json\/wp\/v2\/pages\/569\/revisions\/1162"}],"wp:attachment":[{"href":"https:\/\/allboutenglish.de\/en\/wp-json\/wp\/v2\/media?parent=569"}],"curies":[{"name":"wp","href":"https:\/\/api.w.org\/{rel}","templated":true}]}}